{"id":468,"date":"2015-09-25T11:12:59","date_gmt":"2015-09-25T09:12:59","guid":{"rendered":"https:\/\/hollandaquasight.com\/staging\/unterwasser-fenster-transparente-pools-und-bewegliche-hubboeden-fuer-pools\/"},"modified":"2023-03-07T13:14:01","modified_gmt":"2023-03-07T13:14:01","slug":"unterwasser-fenster-transparente-pools-und-bewegliche-hubboeden-fuer-pools","status":"publish","type":"page","link":"https:\/\/hollandaquasight.com\/de\/","title":{"rendered":"Unterwasser Fenster, transparente Pools und bewegliche Hubb\u00f6den f\u00fcr Pools"},"content":{"rendered":"<p>Holland Aqua Sight ist ein niederl\u00e4ndisches Unternehmen mit Sitz in Oudkarspel in den Niederlanden. Wir sind weltweit Spezialisten im Bereich der Bautechnik, Lieferung und Installation von kristallklaren, transparenten Unterwasserfenstern aus Plexiglas\u00ae und verstellbaren B\u00f6den. Wir konzentrieren uns mit einer transparenten Vision und Zusammenarbeit auf den Sektor der privaten Swimmingpools.<\/p>\n<p>Wir sind Teil der <a href=\"http:\/\/www.variopool.nl\/\">Variopool-Gruppe<\/a>, die seit fast 50 Jahren existiert. Unser Team besteht aus f\u00fcnfzig Mitarbeitern, die in mehrere Fachgebiete aufgeteilt sind: Bautechnik, Projektmanagement, Installation und Produktentwicklung. Unsere Gesch\u00e4ftspartner sind Architekten, Erbauer von Swimmingpools, sowie Bauteams auf internationaler und nationaler Ebene. Mit dem einzigartigen verstellbaren Bodensystem konzentriert sich Variopool auf olympische und Wettkampfbecken, \u00f6ffentliche Schwimmb\u00e4der sowie Sport- und Hydrotherapiebecken.<\/p>\n<h2><strong>FREIZEIT, LUXUS DURCH MASSGESCHNEIDERTE POOL-ENTWURF<\/strong><\/h2>\n<p>Erh\u00f6hen Sie Lichtfunktionen in unterirdischen Freizeitbereichen, Lobbys, Hotelzimmern oder in Ihrem Privathaus mit auff\u00e4lligen transparenten Pool-Modellen. Anstatt der traditionellen Pools aus Glas bieten wir eine h\u00f6here Lichtdurchl\u00e4ssigkeit von 92%. Geben Sie Ihrer Umgebung die besondere Note und das luxuri\u00f6se Gef\u00fchl und lassen Sie Ihren Pool Teil Ihres Hauses werden. Unser Team wird Ihnen von Anfang bis zum Ende zur Verf\u00fcgung stehen. Qualit\u00e4t, Sachverstand und Strapazierf\u00e4higkeit sind Teil unserer DNA.<\/p>\n<p>Ein weiterer Gewinn f\u00fcr Ihren Wohnkomfort ist ein Pool mit verstellbarem Boden. Sie m\u00fcssen nicht mehr zwischen Wasserspa\u00df oder Oberfl\u00e4che w\u00e4hlen. Stellen Sie den Boden auf Tauchtiefe ein oder ver\u00e4ndern Sie ihn innerhalb weniger Minuten in einen sicheren Spielplatz f\u00fcr Kinder. Im geschlossenen Zustand eignet er sich als Tanzfl\u00e4che, Parkplatz oder als Erweiterung Ihrer Terrasse oder Ihres Wohnzimmers. Kreieren Sie einen privaten und verstecken Pool im Innen- oder Au\u00dfenbereich. Dank der ma\u00dfgeschneiderten Berechnungen k\u00f6nnen wir jede Oberfl\u00e4chenbeschaffenheit ber\u00fccksichtigen. Das Buy-out-System wird so entwickelt, dass der Boden bis zu 100kg\/m<sup>2<\/sup> tragen kann. W\u00e4hlen Sie Ihr eigenes Finish, wie zum Beispiel einen Marmorlook und entwerfen Sie Ihren eigenen Boden. Dar\u00fcber hinaus wird Ihr Pool sauber gehalten und spart Energie!<\/p>\n","protected":false},"excerpt":{"rendered":"<p>Holland Aqua Sight ist ein niederl\u00e4ndisches Unternehmen mit Sitz in Oudkarspel in den Niederlanden. Wir sind weltweit Spezialisten im Bereich [&hellip;]<\/p>\n","protected":false},"author":6,"featured_media":11364,"parent":0,"menu_order":0,"comment_status":"closed","ping_status":"closed","template":"","meta":{"_acf_changed":false,"footnotes":""},"class_list":["post-468","page","type-page","status-publish","has-post-thumbnail","hentry"],"acf":[],"yoast_head":"<!-- This site is optimized with the Yoast SEO Premium plugin v25.9 (Yoast SEO v26.3) - https:\/\/yoast.com\/wordpress\/plugins\/seo\/ -->\n<title>Acryl-Unterwasserfenster - Holland Aqua Sight<\/title>\n<meta name=\"description\" content=\"Holland aqua sight ist ein Unternehmen, das Unterwasserfenster aus Acryl und transparente Acrylfenster f\u00fcr Ihr Schwimmbad.\" \/>\n<meta name=\"robots\" content=\"index, follow, max-snippet:-1, max-image-preview:large, max-video-preview:-1\" \/>\n<link rel=\"canonical\" href=\"https:\/\/hollandaquasight.com\/de\/\" \/>\n<meta property=\"og:locale\" content=\"de_DE\" \/>\n<meta property=\"og:type\" content=\"article\" \/>\n<meta property=\"og:title\" content=\"Unterwasser Fenster, transparente Pools und bewegliche Hubb\u00f6den f\u00fcr Pools\" \/>\n<meta property=\"og:description\" content=\"Holland aqua sight ist ein Unternehmen, das Unterwasserfenster aus Acryl und transparente Acrylfenster f\u00fcr Ihr Schwimmbad.\" \/>\n<meta property=\"og:url\" content=\"https:\/\/hollandaquasight.com\/de\/\" \/>\n<meta property=\"og:site_name\" content=\"Holland Aqua Sight\" \/>\n<meta property=\"article:modified_time\" content=\"2023-03-07T13:14:01+00:00\" \/>\n<meta property=\"og:image\" content=\"https:\/\/hollandaquasight.com\/wp-content\/uploads\/2023\/03\/Holland-Aqua-Sight-1_1920x1280.jpg\" \/>\n\t<meta property=\"og:image:width\" content=\"1920\" \/>\n\t<meta property=\"og:image:height\" content=\"1280\" \/>\n\t<meta property=\"og:image:type\" content=\"image\/jpeg\" \/>\n<meta name=\"twitter:card\" content=\"summary_large_image\" \/>\n<meta name=\"twitter:label1\" content=\"Gesch\u00e4tzte Lesezeit\" \/>\n\t<meta name=\"twitter:data1\" content=\"2\u00a0Minuten\" \/>\n<script type=\"application\/ld+json\" class=\"yoast-schema-graph\">{\"@context\":\"https:\/\/schema.org\",\"@graph\":[{\"@type\":\"WebPage\",\"@id\":\"https:\/\/hollandaquasight.com\/de\/\",\"url\":\"https:\/\/hollandaquasight.com\/de\/\",\"name\":\"Acryl-Unterwasserfenster - Holland Aqua Sight\",\"isPartOf\":{\"@id\":\"https:\/\/hollandaquasight.com\/de\/#website\"},\"primaryImageOfPage\":{\"@id\":\"https:\/\/hollandaquasight.com\/de\/#primaryimage\"},\"image\":{\"@id\":\"https:\/\/hollandaquasight.com\/de\/#primaryimage\"},\"thumbnailUrl\":\"https:\/\/hollandaquasight.com\/wp-content\/uploads\/2023\/03\/Holland-Aqua-Sight-1_1920x1280.jpg\",\"datePublished\":\"2015-09-25T09:12:59+00:00\",\"dateModified\":\"2023-03-07T13:14:01+00:00\",\"description\":\"Holland aqua sight ist ein Unternehmen, das Unterwasserfenster aus Acryl und transparente Acrylfenster f\u00fcr Ihr Schwimmbad.\",\"breadcrumb\":{\"@id\":\"https:\/\/hollandaquasight.com\/de\/#breadcrumb\"},\"inLanguage\":\"de\",\"potentialAction\":[{\"@type\":\"ReadAction\",\"target\":[\"https:\/\/hollandaquasight.com\/de\/\"]}]},{\"@type\":\"ImageObject\",\"inLanguage\":\"de\",\"@id\":\"https:\/\/hollandaquasight.com\/de\/#primaryimage\",\"url\":\"https:\/\/hollandaquasight.com\/wp-content\/uploads\/2023\/03\/Holland-Aqua-Sight-1_1920x1280.jpg\",\"contentUrl\":\"https:\/\/hollandaquasight.com\/wp-content\/uploads\/2023\/03\/Holland-Aqua-Sight-1_1920x1280.jpg\",\"width\":1920,\"height\":1280,\"caption\":\"Holland Aqua Sight\"},{\"@type\":\"BreadcrumbList\",\"@id\":\"https:\/\/hollandaquasight.com\/de\/#breadcrumb\",\"itemListElement\":[{\"@type\":\"ListItem\",\"position\":1,\"name\":\"Home\",\"item\":\"https:\/\/hollandaquasight.com\/de\/\"},{\"@type\":\"ListItem\",\"position\":2,\"name\":\"Unterwasser Fenster, transparente Pools und bewegliche Hubb\u00f6den f\u00fcr Pools\"}]},{\"@type\":\"WebSite\",\"@id\":\"https:\/\/hollandaquasight.com\/de\/#website\",\"url\":\"https:\/\/hollandaquasight.com\/de\/\",\"name\":\"Holland Aqua Sight\",\"description\":\"Onderwaterramen en beweegbare zwembadvloeren\",\"publisher\":{\"@id\":\"https:\/\/hollandaquasight.com\/de\/#organization\"},\"potentialAction\":[{\"@type\":\"SearchAction\",\"target\":{\"@type\":\"EntryPoint\",\"urlTemplate\":\"https:\/\/hollandaquasight.com\/de\/?s={search_term_string}\"},\"query-input\":{\"@type\":\"PropertyValueSpecification\",\"valueRequired\":true,\"valueName\":\"search_term_string\"}}],\"inLanguage\":\"de\"},{\"@type\":\"Organization\",\"@id\":\"https:\/\/hollandaquasight.com\/de\/#organization\",\"name\":\"Holland Aqua Sight\",\"alternateName\":\"HAS\",\"url\":\"https:\/\/hollandaquasight.com\/de\/\",\"logo\":{\"@type\":\"ImageObject\",\"inLanguage\":\"de\",\"@id\":\"https:\/\/hollandaquasight.com\/de\/#\/schema\/logo\/image\/\",\"url\":\"https:\/\/hollandaquasight.com\/wp-content\/uploads\/2023\/03\/HAS_brand_1x1.jpg\",\"contentUrl\":\"https:\/\/hollandaquasight.com\/wp-content\/uploads\/2023\/03\/HAS_brand_1x1.jpg\",\"width\":697,\"height\":697,\"caption\":\"Holland Aqua Sight\"},\"image\":{\"@id\":\"https:\/\/hollandaquasight.com\/de\/#\/schema\/logo\/image\/\"}}]}<\/script>\n<!-- \/ Yoast SEO Premium plugin. -->","yoast_head_json":{"title":"Acryl-Unterwasserfenster - Holland Aqua Sight","description":"Holland aqua sight ist ein Unternehmen, das Unterwasserfenster aus Acryl und transparente Acrylfenster f\u00fcr Ihr Schwimmbad.","robots":{"index":"index","follow":"follow","max-snippet":"max-snippet:-1","max-image-preview":"max-image-preview:large","max-video-preview":"max-video-preview:-1"},"canonical":"https:\/\/hollandaquasight.com\/de\/","og_locale":"de_DE","og_type":"article","og_title":"Unterwasser Fenster, transparente Pools und bewegliche Hubb\u00f6den f\u00fcr Pools","og_description":"Holland aqua sight ist ein Unternehmen, das Unterwasserfenster aus Acryl und transparente Acrylfenster f\u00fcr Ihr Schwimmbad.","og_url":"https:\/\/hollandaquasight.com\/de\/","og_site_name":"Holland Aqua Sight","article_modified_time":"2023-03-07T13:14:01+00:00","og_image":[{"width":1920,"height":1280,"url":"https:\/\/hollandaquasight.com\/wp-content\/uploads\/2023\/03\/Holland-Aqua-Sight-1_1920x1280.jpg","type":"image\/jpeg"}],"twitter_card":"summary_large_image","twitter_misc":{"Gesch\u00e4tzte Lesezeit":"2\u00a0Minuten"},"schema":{"@context":"https:\/\/schema.org","@graph":[{"@type":"WebPage","@id":"https:\/\/hollandaquasight.com\/de\/","url":"https:\/\/hollandaquasight.com\/de\/","name":"Acryl-Unterwasserfenster - Holland Aqua Sight","isPartOf":{"@id":"https:\/\/hollandaquasight.com\/de\/#website"},"primaryImageOfPage":{"@id":"https:\/\/hollandaquasight.com\/de\/#primaryimage"},"image":{"@id":"https:\/\/hollandaquasight.com\/de\/#primaryimage"},"thumbnailUrl":"https:\/\/hollandaquasight.com\/wp-content\/uploads\/2023\/03\/Holland-Aqua-Sight-1_1920x1280.jpg","datePublished":"2015-09-25T09:12:59+00:00","dateModified":"2023-03-07T13:14:01+00:00","description":"Holland aqua sight ist ein Unternehmen, das Unterwasserfenster aus Acryl und transparente Acrylfenster f\u00fcr Ihr Schwimmbad.","breadcrumb":{"@id":"https:\/\/hollandaquasight.com\/de\/#breadcrumb"},"inLanguage":"de","potentialAction":[{"@type":"ReadAction","target":["https:\/\/hollandaquasight.com\/de\/"]}]},{"@type":"ImageObject","inLanguage":"de","@id":"https:\/\/hollandaquasight.com\/de\/#primaryimage","url":"https:\/\/hollandaquasight.com\/wp-content\/uploads\/2023\/03\/Holland-Aqua-Sight-1_1920x1280.jpg","contentUrl":"https:\/\/hollandaquasight.com\/wp-content\/uploads\/2023\/03\/Holland-Aqua-Sight-1_1920x1280.jpg","width":1920,"height":1280,"caption":"Holland Aqua Sight"},{"@type":"BreadcrumbList","@id":"https:\/\/hollandaquasight.com\/de\/#breadcrumb","itemListElement":[{"@type":"ListItem","position":1,"name":"Home","item":"https:\/\/hollandaquasight.com\/de\/"},{"@type":"ListItem","position":2,"name":"Unterwasser Fenster, transparente Pools und bewegliche Hubb\u00f6den f\u00fcr Pools"}]},{"@type":"WebSite","@id":"https:\/\/hollandaquasight.com\/de\/#website","url":"https:\/\/hollandaquasight.com\/de\/","name":"Holland Aqua Sight","description":"Onderwaterramen en beweegbare zwembadvloeren","publisher":{"@id":"https:\/\/hollandaquasight.com\/de\/#organization"},"potentialAction":[{"@type":"SearchAction","target":{"@type":"EntryPoint","urlTemplate":"https:\/\/hollandaquasight.com\/de\/?s={search_term_string}"},"query-input":{"@type":"PropertyValueSpecification","valueRequired":true,"valueName":"search_term_string"}}],"inLanguage":"de"},{"@type":"Organization","@id":"https:\/\/hollandaquasight.com\/de\/#organization","name":"Holland Aqua Sight","alternateName":"HAS","url":"https:\/\/hollandaquasight.com\/de\/","logo":{"@type":"ImageObject","inLanguage":"de","@id":"https:\/\/hollandaquasight.com\/de\/#\/schema\/logo\/image\/","url":"https:\/\/hollandaquasight.com\/wp-content\/uploads\/2023\/03\/HAS_brand_1x1.jpg","contentUrl":"https:\/\/hollandaquasight.com\/wp-content\/uploads\/2023\/03\/HAS_brand_1x1.jpg","width":697,"height":697,"caption":"Holland Aqua Sight"},"image":{"@id":"https:\/\/hollandaquasight.com\/de\/#\/schema\/logo\/image\/"}}]}},"_links":{"self":[{"href":"https:\/\/hollandaquasight.com\/de\/wp-json\/wp\/v2\/pages\/468","targetHints":{"allow":["GET"]}}],"collection":[{"href":"https:\/\/hollandaquasight.com\/de\/wp-json\/wp\/v2\/pages"}],"about":[{"href":"https:\/\/hollandaquasight.com\/de\/wp-json\/wp\/v2\/types\/page"}],"author":[{"embeddable":true,"href":"https:\/\/hollandaquasight.com\/de\/wp-json\/wp\/v2\/users\/6"}],"replies":[{"embeddable":true,"href":"https:\/\/hollandaquasight.com\/de\/wp-json\/wp\/v2\/comments?post=468"}],"version-history":[{"count":3,"href":"https:\/\/hollandaquasight.com\/de\/wp-json\/wp\/v2\/pages\/468\/revisions"}],"predecessor-version":[{"id":11394,"href":"https:\/\/hollandaquasight.com\/de\/wp-json\/wp\/v2\/pages\/468\/revisions\/11394"}],"wp:featuredmedia":[{"embeddable":true,"href":"https:\/\/hollandaquasight.com\/de\/wp-json\/wp\/v2\/media\/11364"}],"wp:attachment":[{"href":"https:\/\/hollandaquasight.com\/de\/wp-json\/wp\/v2\/media?parent=468"}],"curies":[{"name":"wp","href":"https:\/\/api.w.org\/{rel}","templated":true}]}}