{"id":469,"date":"2015-09-25T11:13:41","date_gmt":"2015-09-25T09:13:41","guid":{"rendered":"https:\/\/hollandaquasight.com\/staging\/warum-kein-glas\/"},"modified":"2023-09-18T12:01:45","modified_gmt":"2023-09-18T10:01:45","slug":"warum-kein-glas","status":"publish","type":"page","link":"https:\/\/hollandaquasight.com\/de\/warum-kein-glas\/","title":{"rendered":"Vorteile von Acryl im Vergleich zu Glas"},"content":{"rendered":"<p>Holland Aqua Sight ist spezialisiert auf das Design, die Lieferung und die Installation verschiedener Arten von Acryl-Unterwasserfenstern f\u00fcr verschiedene Anwendungen. Acryl ist ein transparenter Kunststoff, der sich hervorragend f\u00fcr diese Anwendung eignet. W\u00e4hrend Glas schnell zu schwer und br\u00fcchig wird, ist Acryl leichter und ein sehr bruchfestes Material. Acryl-Fenster lassen sich daher einfacher und sicherer installieren, und die Bruchgefahr ist minimal. Ein ideales Material also, um eine L\u00f6sung f\u00fcr Ihr Unterwasserfenster zu bieten.<\/p>\n<h2>Qualit\u00e4t<\/h2>\n<p>Acryl ist nat\u00fcrlich in vielen Qualit\u00e4ten erh\u00e4ltlich. Abh\u00e4ngig von der Reinheit des Basismaterials und der Qualit\u00e4t des Herstellungsprozesses gibt es Unterschiede in den Acrylsorten. Holland Aqua Sight steht f\u00fcr Top-Qualit\u00e4t. Aus diesem Grund verwenden wir oft Plexiglas\u00ae Acryl. Plexiglas\u00ae ist eine Marke f\u00fcr Acryl mit hochwertigen Eigenschaften.<\/p>\n<h2>H\u00f6chste Lichtdurchl\u00e4ssigkeit<\/h2>\n<p>Plexiglas\u00ae hat einen Lichtdurchl\u00e4ssigkeitsfaktor (LTA-Faktor) von beeindruckenden 92%, w\u00e4hrend dieser Wert bei Glas oft unter 80% liegt. Das macht Plexiglas\u00ae ideal f\u00fcr Unterwasserfenster, da der luxuri\u00f6se Effekt verst\u00e4rkt wird. Im Vergleich zu vielen anderen Acrylsorten (PMMA) ist der LTA-Faktor von Plexiglas\u00ae ebenfalls h\u00f6her. G\u00fcnstigere PMMAs verlieren mit der Zeit ihre Lichtdurchl\u00e4ssigkeit (Fenster werden fr\u00fcher matt), w\u00e4hrend diese bei Plexiglas\u00ae \u00fcber einen l\u00e4ngeren Zeitraum sehr hoch bleibt.<\/p>\n<h2>Wartung<\/h2>\n<p>Plexiglas\u00ae hat au\u00dferdem eine extrem glatte Oberfl\u00e4che, wodurch sich Schmutz nur schwer daran haftet. Auch dieser Aspekt verst\u00e4rkt die Optik des Unterwasserfensters und f\u00fchrt zu geringeren Wartungs- und Reinigungskosten.<\/p>\n<h2>Flexibilit\u00e4t und Sicherheit<\/h2>\n<p>Ein dritter wichtiger Vorteil von Plexiglas\u00ae ist, dass es einfach und schnell in vielen Gr\u00f6\u00dfen verarbeitet werden kann. Diese Flexibilit\u00e4t ist bei Glas deutlich geringer. Dadurch k\u00f6nnen wir praktisch jede gew\u00fcnschte Gr\u00f6\u00dfe f\u00fcr Ihr Unterwasserfenster realisieren. Durch Verkleben, Erhitzen und einen speziellen Schleifprozess k\u00f6nnen wir Fenster in allen Formen und Gr\u00f6\u00dfen liefern.<\/p>\n<h2>Welche Vorteile bietet Plexiglas\u00ae GS gegen\u00fcber geh\u00e4rtetem Glas?<\/h2>\n<p>Plexiglas\u00ae GS ist:<br \/>\n\u25cf viel leichter (Acryl 1:2 \/ geh\u00e4rtetes Glas 2:2)<br \/>\n\u25cf leicht zu verarbeiten<br \/>\n\u25cf bessere Isolation, dadurch keine Kondensation<br \/>\n\u25cf solide und damit kein Abbl\u00e4ttern<br \/>\n\u25cf 10 % transparenter und farbloser<br \/>\n\u25cf 20 Mal so stark und damit sicherer<br \/>\n\u25cf widerstandsf\u00e4higer gegen St\u00f6\u00dfe (bricht bei Punktlast)<br \/>\n\u25cf M\u00f6glichkeit der Nutzung besonders gro\u00dfer Paneele<\/p>\n<h2>Was sind Acryl-Unterwasserfenster?<\/h2>\n<p>Acryl ist die Abk\u00fcrzung f\u00fcr den Kunststoff Polymethylmethacrylat (PMMA). Dieser ist besser bekannt als Acryl oder Acrylglas.<br \/>\nPlexiglas, Perclax und Perspex sind Acrylmarken, die alle ihre eigene Herstellungsmethode kennen.<br \/>\nAcryl ist ein besonders transparentes Produkt, das viel widerstandsf\u00e4higer ist als geh\u00e4rtetes Glas. Es gibt zwei Acrylsorten, die jeweils ihre eigenen Eigenschaften und Spezifikationen haben.<\/p>\n<p>Ist Acrylglas teuer? Acryl kann teurer sein als Glas. Daf\u00fcr bietet es aber viele Vorteile. Acryl ist meistens klarer als Glas (das einen gr\u00fcnen Touch haben kann) und aufgrund seines leichten Gewichts l\u00e4sst sich Acryl auch kosteneffizienter transportieren.<\/p>\n<p>Plexiglas\u00ae GS ist der Markenname f\u00fcr Acryl, das von Evonik in Deutschland produziert wird. GS bedeutet, dass fl\u00fcssiges Acryl in eine Form gegossen wird, bevor es aush\u00e4rtet. Plexiglas\u00ae GS wird in f\u00fcnf Standardgr\u00f6\u00dfen hergestellt. Um Plexiglas\u00ae GS herzustellen, wird das fl\u00fcssige Acryl auf kontrollierte Art und Weise unter sicheren Bedingungen gegossen und geh\u00e4rtet. W\u00e4hrend des H\u00e4rtungsprozesses formen sich unsichtbare Molek\u00fclstr\u00e4nge im Acryl. Je l\u00e4nger der Aush\u00e4rtungsprozess dauert, desto l\u00e4nger werden die Molek\u00fclstr\u00e4nge, desto fester wird das Material.<br \/>\nEinige Fabriken produzieren Acrylplatten unter Hochdruck. Dies beschleunigt den H\u00e4rtungsprozess erheblich. Die Aush\u00e4rtungszeit kann auf diese Weise um 50 &#8211; 60 % reduziert werden. Das bedeutet aber auch, dass das Acryl weniger Zeit hat, die langen Molek\u00fclstr\u00e4nge zu bilden. Dies hat nat\u00fcrlich seinen Niederschlag auf die Qualit\u00e4t, da dieses Acryl weniger stark ist und auf lange Sicht schneller anf\u00e4ngt zu beschlagen.<\/p>\n<p>Bei Holland Aqua Sight steht Sicherheit an erster Stelle. Unsere Ingenieure wissen genau, wie dick Ihr Fenster ausgef\u00fchrt werden muss und in welchem Profil es am besten in Ihre Situation integriert werden kann. Holland Aqua Sight ist Teil der <a href=\"https:\/\/variogroup.com\/\" target=\"_blank\" rel=\"noopener\">VarioGroup<\/a> von Oudkarspel. Laden Sie <a href=\"https:\/\/hollandaquasight.com\/wp-content\/uploads\/2023\/03\/HAS_folder_fenster-GER.pdf\" target=\"_blank\" rel=\"noopener\">HIER<\/a> unsere Brosch\u00fcre herunter.<\/p>\n","protected":false},"excerpt":{"rendered":"<p>Holland Aqua Sight ist spezialisiert auf das Design, die Lieferung und die Installation verschiedener Arten von Acryl-Unterwasserfenstern f\u00fcr verschiedene Anwendungen. [&hellip;]<\/p>\n","protected":false},"author":6,"featured_media":211,"parent":0,"menu_order":0,"comment_status":"closed","ping_status":"closed","template":"","meta":{"_acf_changed":false,"footnotes":""},"class_list":["post-469","page","type-page","status-publish","has-post-thumbnail","hentry"],"acf":[],"yoast_head":"<!-- This site is optimized with the Yoast SEO Premium plugin v25.9 (Yoast SEO v26.3) - https:\/\/yoast.com\/wordpress\/plugins\/seo\/ -->\n<title>Vorteile von Acryl im Vergleich zu Glas &#8226; Holland Aqua Sight<\/title>\n<meta name=\"description\" content=\"Warum sollten Sie Acrylglas f\u00fcr Ihre Unterwasserfenster verwenden? Lassen Sie uns \u00fcber die Vorteile dieses einzigartigen Materials sprechen.\" \/>\n<meta name=\"robots\" content=\"index, follow, max-snippet:-1, max-image-preview:large, max-video-preview:-1\" \/>\n<link rel=\"canonical\" href=\"https:\/\/hollandaquasight.com\/de\/warum-kein-glas\/\" \/>\n<meta property=\"og:locale\" content=\"de_DE\" \/>\n<meta property=\"og:type\" content=\"article\" \/>\n<meta property=\"og:title\" content=\"Vorteile von Acryl im Vergleich zu Glas\" \/>\n<meta property=\"og:description\" content=\"Warum sollten Sie Acrylglas f\u00fcr Ihre Unterwasserfenster verwenden? Lassen Sie uns \u00fcber die Vorteile dieses einzigartigen Materials sprechen.\" \/>\n<meta property=\"og:url\" content=\"https:\/\/hollandaquasight.com\/de\/warum-kein-glas\/\" \/>\n<meta property=\"og:site_name\" content=\"Holland Aqua Sight\" \/>\n<meta property=\"article:modified_time\" content=\"2023-09-18T10:01:45+00:00\" \/>\n<meta property=\"og:image\" content=\"https:\/\/hollandaquasight.com\/wp-content\/uploads\/2023\/03\/voordelen-van-acryl.jpg\" \/>\n\t<meta property=\"og:image:width\" content=\"1200\" \/>\n\t<meta property=\"og:image:height\" content=\"400\" \/>\n\t<meta property=\"og:image:type\" content=\"image\/jpeg\" \/>\n<meta name=\"twitter:card\" content=\"summary_large_image\" \/>\n<meta name=\"twitter:label1\" content=\"Gesch\u00e4tzte Lesezeit\" \/>\n\t<meta name=\"twitter:data1\" content=\"4\u00a0Minuten\" \/>\n<script type=\"application\/ld+json\" class=\"yoast-schema-graph\">{\"@context\":\"https:\/\/schema.org\",\"@graph\":[{\"@type\":\"WebPage\",\"@id\":\"https:\/\/hollandaquasight.com\/de\/warum-kein-glas\/\",\"url\":\"https:\/\/hollandaquasight.com\/de\/warum-kein-glas\/\",\"name\":\"Vorteile von Acryl im Vergleich zu Glas &#8226; Holland Aqua Sight\",\"isPartOf\":{\"@id\":\"https:\/\/hollandaquasight.com\/de\/#website\"},\"primaryImageOfPage\":{\"@id\":\"https:\/\/hollandaquasight.com\/de\/warum-kein-glas\/#primaryimage\"},\"image\":{\"@id\":\"https:\/\/hollandaquasight.com\/de\/warum-kein-glas\/#primaryimage\"},\"thumbnailUrl\":\"https:\/\/hollandaquasight.com\/wp-content\/uploads\/2023\/03\/voordelen-van-acryl.jpg\",\"datePublished\":\"2015-09-25T09:13:41+00:00\",\"dateModified\":\"2023-09-18T10:01:45+00:00\",\"description\":\"Warum sollten Sie Acrylglas f\u00fcr Ihre Unterwasserfenster verwenden? Lassen Sie uns \u00fcber die Vorteile dieses einzigartigen Materials sprechen.\",\"breadcrumb\":{\"@id\":\"https:\/\/hollandaquasight.com\/de\/warum-kein-glas\/#breadcrumb\"},\"inLanguage\":\"de\",\"potentialAction\":[{\"@type\":\"ReadAction\",\"target\":[\"https:\/\/hollandaquasight.com\/de\/warum-kein-glas\/\"]}]},{\"@type\":\"ImageObject\",\"inLanguage\":\"de\",\"@id\":\"https:\/\/hollandaquasight.com\/de\/warum-kein-glas\/#primaryimage\",\"url\":\"https:\/\/hollandaquasight.com\/wp-content\/uploads\/2023\/03\/voordelen-van-acryl.jpg\",\"contentUrl\":\"https:\/\/hollandaquasight.com\/wp-content\/uploads\/2023\/03\/voordelen-van-acryl.jpg\",\"width\":1200,\"height\":400,\"caption\":\"voordelen van acryl\"},{\"@type\":\"BreadcrumbList\",\"@id\":\"https:\/\/hollandaquasight.com\/de\/warum-kein-glas\/#breadcrumb\",\"itemListElement\":[{\"@type\":\"ListItem\",\"position\":1,\"name\":\"Home\",\"item\":\"https:\/\/hollandaquasight.com\/de\/\"},{\"@type\":\"ListItem\",\"position\":2,\"name\":\"Vorteile von Acryl im Vergleich zu Glas\"}]},{\"@type\":\"WebSite\",\"@id\":\"https:\/\/hollandaquasight.com\/de\/#website\",\"url\":\"https:\/\/hollandaquasight.com\/de\/\",\"name\":\"Holland Aqua Sight\",\"description\":\"Onderwaterramen en beweegbare zwembadvloeren\",\"publisher\":{\"@id\":\"https:\/\/hollandaquasight.com\/de\/#organization\"},\"potentialAction\":[{\"@type\":\"SearchAction\",\"target\":{\"@type\":\"EntryPoint\",\"urlTemplate\":\"https:\/\/hollandaquasight.com\/de\/?s={search_term_string}\"},\"query-input\":{\"@type\":\"PropertyValueSpecification\",\"valueRequired\":true,\"valueName\":\"search_term_string\"}}],\"inLanguage\":\"de\"},{\"@type\":\"Organization\",\"@id\":\"https:\/\/hollandaquasight.com\/de\/#organization\",\"name\":\"Holland Aqua Sight\",\"alternateName\":\"HAS\",\"url\":\"https:\/\/hollandaquasight.com\/de\/\",\"logo\":{\"@type\":\"ImageObject\",\"inLanguage\":\"de\",\"@id\":\"https:\/\/hollandaquasight.com\/de\/#\/schema\/logo\/image\/\",\"url\":\"https:\/\/hollandaquasight.com\/wp-content\/uploads\/2023\/03\/HAS_brand_1x1.jpg\",\"contentUrl\":\"https:\/\/hollandaquasight.com\/wp-content\/uploads\/2023\/03\/HAS_brand_1x1.jpg\",\"width\":697,\"height\":697,\"caption\":\"Holland Aqua Sight\"},\"image\":{\"@id\":\"https:\/\/hollandaquasight.com\/de\/#\/schema\/logo\/image\/\"}}]}<\/script>\n<!-- \/ Yoast SEO Premium plugin. -->","yoast_head_json":{"title":"Vorteile von Acryl im Vergleich zu Glas &#8226; Holland Aqua Sight","description":"Warum sollten Sie Acrylglas f\u00fcr Ihre Unterwasserfenster verwenden? Lassen Sie uns \u00fcber die Vorteile dieses einzigartigen Materials sprechen.","robots":{"index":"index","follow":"follow","max-snippet":"max-snippet:-1","max-image-preview":"max-image-preview:large","max-video-preview":"max-video-preview:-1"},"canonical":"https:\/\/hollandaquasight.com\/de\/warum-kein-glas\/","og_locale":"de_DE","og_type":"article","og_title":"Vorteile von Acryl im Vergleich zu Glas","og_description":"Warum sollten Sie Acrylglas f\u00fcr Ihre Unterwasserfenster verwenden? Lassen Sie uns \u00fcber die Vorteile dieses einzigartigen Materials sprechen.","og_url":"https:\/\/hollandaquasight.com\/de\/warum-kein-glas\/","og_site_name":"Holland Aqua Sight","article_modified_time":"2023-09-18T10:01:45+00:00","og_image":[{"width":1200,"height":400,"url":"https:\/\/hollandaquasight.com\/wp-content\/uploads\/2023\/03\/voordelen-van-acryl.jpg","type":"image\/jpeg"}],"twitter_card":"summary_large_image","twitter_misc":{"Gesch\u00e4tzte Lesezeit":"4\u00a0Minuten"},"schema":{"@context":"https:\/\/schema.org","@graph":[{"@type":"WebPage","@id":"https:\/\/hollandaquasight.com\/de\/warum-kein-glas\/","url":"https:\/\/hollandaquasight.com\/de\/warum-kein-glas\/","name":"Vorteile von Acryl im Vergleich zu Glas &#8226; Holland Aqua Sight","isPartOf":{"@id":"https:\/\/hollandaquasight.com\/de\/#website"},"primaryImageOfPage":{"@id":"https:\/\/hollandaquasight.com\/de\/warum-kein-glas\/#primaryimage"},"image":{"@id":"https:\/\/hollandaquasight.com\/de\/warum-kein-glas\/#primaryimage"},"thumbnailUrl":"https:\/\/hollandaquasight.com\/wp-content\/uploads\/2023\/03\/voordelen-van-acryl.jpg","datePublished":"2015-09-25T09:13:41+00:00","dateModified":"2023-09-18T10:01:45+00:00","description":"Warum sollten Sie Acrylglas f\u00fcr Ihre Unterwasserfenster verwenden? Lassen Sie uns \u00fcber die Vorteile dieses einzigartigen Materials sprechen.","breadcrumb":{"@id":"https:\/\/hollandaquasight.com\/de\/warum-kein-glas\/#breadcrumb"},"inLanguage":"de","potentialAction":[{"@type":"ReadAction","target":["https:\/\/hollandaquasight.com\/de\/warum-kein-glas\/"]}]},{"@type":"ImageObject","inLanguage":"de","@id":"https:\/\/hollandaquasight.com\/de\/warum-kein-glas\/#primaryimage","url":"https:\/\/hollandaquasight.com\/wp-content\/uploads\/2023\/03\/voordelen-van-acryl.jpg","contentUrl":"https:\/\/hollandaquasight.com\/wp-content\/uploads\/2023\/03\/voordelen-van-acryl.jpg","width":1200,"height":400,"caption":"voordelen van acryl"},{"@type":"BreadcrumbList","@id":"https:\/\/hollandaquasight.com\/de\/warum-kein-glas\/#breadcrumb","itemListElement":[{"@type":"ListItem","position":1,"name":"Home","item":"https:\/\/hollandaquasight.com\/de\/"},{"@type":"ListItem","position":2,"name":"Vorteile von Acryl im Vergleich zu Glas"}]},{"@type":"WebSite","@id":"https:\/\/hollandaquasight.com\/de\/#website","url":"https:\/\/hollandaquasight.com\/de\/","name":"Holland Aqua Sight","description":"Onderwaterramen en beweegbare zwembadvloeren","publisher":{"@id":"https:\/\/hollandaquasight.com\/de\/#organization"},"potentialAction":[{"@type":"SearchAction","target":{"@type":"EntryPoint","urlTemplate":"https:\/\/hollandaquasight.com\/de\/?s={search_term_string}"},"query-input":{"@type":"PropertyValueSpecification","valueRequired":true,"valueName":"search_term_string"}}],"inLanguage":"de"},{"@type":"Organization","@id":"https:\/\/hollandaquasight.com\/de\/#organization","name":"Holland Aqua Sight","alternateName":"HAS","url":"https:\/\/hollandaquasight.com\/de\/","logo":{"@type":"ImageObject","inLanguage":"de","@id":"https:\/\/hollandaquasight.com\/de\/#\/schema\/logo\/image\/","url":"https:\/\/hollandaquasight.com\/wp-content\/uploads\/2023\/03\/HAS_brand_1x1.jpg","contentUrl":"https:\/\/hollandaquasight.com\/wp-content\/uploads\/2023\/03\/HAS_brand_1x1.jpg","width":697,"height":697,"caption":"Holland Aqua Sight"},"image":{"@id":"https:\/\/hollandaquasight.com\/de\/#\/schema\/logo\/image\/"}}]}},"_links":{"self":[{"href":"https:\/\/hollandaquasight.com\/de\/wp-json\/wp\/v2\/pages\/469","targetHints":{"allow":["GET"]}}],"collection":[{"href":"https:\/\/hollandaquasight.com\/de\/wp-json\/wp\/v2\/pages"}],"about":[{"href":"https:\/\/hollandaquasight.com\/de\/wp-json\/wp\/v2\/types\/page"}],"author":[{"embeddable":true,"href":"https:\/\/hollandaquasight.com\/de\/wp-json\/wp\/v2\/users\/6"}],"replies":[{"embeddable":true,"href":"https:\/\/hollandaquasight.com\/de\/wp-json\/wp\/v2\/comments?post=469"}],"version-history":[{"count":8,"href":"https:\/\/hollandaquasight.com\/de\/wp-json\/wp\/v2\/pages\/469\/revisions"}],"predecessor-version":[{"id":12372,"href":"https:\/\/hollandaquasight.com\/de\/wp-json\/wp\/v2\/pages\/469\/revisions\/12372"}],"wp:featuredmedia":[{"embeddable":true,"href":"https:\/\/hollandaquasight.com\/de\/wp-json\/wp\/v2\/media\/211"}],"wp:attachment":[{"href":"https:\/\/hollandaquasight.com\/de\/wp-json\/wp\/v2\/media?parent=469"}],"curies":[{"name":"wp","href":"https:\/\/api.w.org\/{rel}","templated":true}]}}