{"id":470,"date":"2015-09-25T09:53:55","date_gmt":"2015-09-25T07:53:55","guid":{"rendered":"https:\/\/hollandaquasight.com\/staging\/kontakt\/"},"modified":"2023-09-18T16:02:47","modified_gmt":"2023-09-18T14:02:47","slug":"kontakt-mit-holland-aqua-sight","status":"publish","type":"page","link":"https:\/\/hollandaquasight.com\/de\/kontakt-mit-holland-aqua-sight\/","title":{"rendered":"Kontakt mit Holland Aqua Sight"},"content":{"rendered":"<p>Haben Sie Vorschl\u00e4ge oder m\u00f6chten Sie weitere Informationen zu den Produkten? Bitte kontaktieren Sie uns entweder telefonisch unter <strong>+31 226 333 098<\/strong> oder senden Sie eine E-Mail an info@hollandaquasight.com. Sie k\u00f6nnen auch das unten stehende Kontaktformular ausf\u00fcllen. Wir werden Sie schnellstm\u00f6glich kontaktieren und Ihre Fragen beantworten!<\/p>\r\n<p><img decoding=\"async\" class=\"alignnone size-medium wp-image-8634\" src=\"https:\/\/hollandaquasight.com\/wp-content\/uploads\/2023\/03\/Eugen-van-Langen-li-3-300x300.jpg\" alt=\"\" width=\"300\" height=\"300\" srcset=\"https:\/\/hollandaquasight.com\/wp-content\/uploads\/2023\/03\/Eugen-van-Langen-li-3-300x300.jpg 300w, https:\/\/hollandaquasight.com\/wp-content\/uploads\/2023\/03\/Eugen-van-Langen-li-3-150x150.jpg 150w, https:\/\/hollandaquasight.com\/wp-content\/uploads\/2023\/03\/Eugen-van-Langen-li-3-768x768.jpg 768w, https:\/\/hollandaquasight.com\/wp-content\/uploads\/2023\/03\/Eugen-van-Langen-li-3-400x400.jpg 400w, https:\/\/hollandaquasight.com\/wp-content\/uploads\/2023\/03\/Eugen-van-Langen-li-3-100x100.jpg 100w, https:\/\/hollandaquasight.com\/wp-content\/uploads\/2023\/03\/Eugen-van-Langen-li-3-780x780.jpg 780w, https:\/\/hollandaquasight.com\/wp-content\/uploads\/2023\/03\/Eugen-van-Langen-li-3.jpg 1000w\" sizes=\"(max-width: 300px) 100vw, 300px\" \/><\/p>\r\n<p><strong>Eugen van Langen<\/strong> | Holland Aqua Sight<\/p>\r\n\r\n\r\n\r\n\r\n","protected":false},"excerpt":{"rendered":"<p>Haben Sie Vorschl\u00e4ge oder m\u00f6chten Sie weitere Informationen zu den Produkten? Bitte kontaktieren Sie uns entweder telefonisch unter +31 226 [&hellip;]<\/p>\n","protected":false},"author":6,"featured_media":138,"parent":0,"menu_order":0,"comment_status":"closed","ping_status":"closed","template":"","meta":{"_acf_changed":false,"footnotes":""},"class_list":["post-470","page","type-page","status-publish","has-post-thumbnail","hentry"],"acf":[],"yoast_head":"<!-- This site is optimized with the Yoast SEO Premium plugin v25.9 (Yoast SEO v26.3) - https:\/\/yoast.com\/wordpress\/plugins\/seo\/ -->\n<title>Kontact mit Holland Aqua Sight - Niederlande<\/title>\n<meta name=\"description\" content=\"Neben einem guten Produkt von hoher Qualit\u00e4t ist Service f\u00fcr HAS wichtig. Wir sind bereit, Ihnen bei all Ihren Fragen zu helfen.\" \/>\n<meta name=\"robots\" content=\"index, follow, max-snippet:-1, max-image-preview:large, max-video-preview:-1\" \/>\n<link rel=\"canonical\" href=\"https:\/\/hollandaquasight.com\/de\/kontakt-mit-holland-aqua-sight\/\" \/>\n<meta property=\"og:locale\" content=\"de_DE\" \/>\n<meta property=\"og:type\" content=\"article\" \/>\n<meta property=\"og:title\" content=\"Kontakt mit Holland Aqua Sight\" \/>\n<meta property=\"og:description\" content=\"Neben einem guten Produkt von hoher Qualit\u00e4t ist Service f\u00fcr HAS wichtig. Wir sind bereit, Ihnen bei all Ihren Fragen zu helfen.\" \/>\n<meta property=\"og:url\" content=\"https:\/\/hollandaquasight.com\/de\/kontakt-mit-holland-aqua-sight\/\" \/>\n<meta property=\"og:site_name\" content=\"Holland Aqua Sight\" \/>\n<meta property=\"article:modified_time\" content=\"2023-09-18T14:02:47+00:00\" \/>\n<meta property=\"og:image\" content=\"https:\/\/hollandaquasight.com\/wp-content\/uploads\/2023\/03\/contact-us_1280x521.jpg\" \/>\n\t<meta property=\"og:image:width\" content=\"1280\" \/>\n\t<meta property=\"og:image:height\" content=\"521\" \/>\n\t<meta property=\"og:image:type\" content=\"image\/jpeg\" \/>\n<meta name=\"twitter:card\" content=\"summary_large_image\" \/>\n<meta name=\"twitter:label1\" content=\"Gesch\u00e4tzte Lesezeit\" \/>\n\t<meta name=\"twitter:data1\" content=\"1\u00a0Minute\" \/>\n<script type=\"application\/ld+json\" class=\"yoast-schema-graph\">{\"@context\":\"https:\/\/schema.org\",\"@graph\":[{\"@type\":\"WebPage\",\"@id\":\"https:\/\/hollandaquasight.com\/de\/kontakt-mit-holland-aqua-sight\/\",\"url\":\"https:\/\/hollandaquasight.com\/de\/kontakt-mit-holland-aqua-sight\/\",\"name\":\"Kontact mit Holland Aqua Sight - Niederlande\",\"isPartOf\":{\"@id\":\"https:\/\/hollandaquasight.com\/de\/#website\"},\"primaryImageOfPage\":{\"@id\":\"https:\/\/hollandaquasight.com\/de\/kontakt-mit-holland-aqua-sight\/#primaryimage\"},\"image\":{\"@id\":\"https:\/\/hollandaquasight.com\/de\/kontakt-mit-holland-aqua-sight\/#primaryimage\"},\"thumbnailUrl\":\"https:\/\/hollandaquasight.com\/wp-content\/uploads\/2023\/03\/contact-us_1280x521.jpg\",\"datePublished\":\"2015-09-25T07:53:55+00:00\",\"dateModified\":\"2023-09-18T14:02:47+00:00\",\"description\":\"Neben einem guten Produkt von hoher Qualit\u00e4t ist Service f\u00fcr HAS wichtig. Wir sind bereit, Ihnen bei all Ihren Fragen zu helfen.\",\"breadcrumb\":{\"@id\":\"https:\/\/hollandaquasight.com\/de\/kontakt-mit-holland-aqua-sight\/#breadcrumb\"},\"inLanguage\":\"de\",\"potentialAction\":[{\"@type\":\"ReadAction\",\"target\":[\"https:\/\/hollandaquasight.com\/de\/kontakt-mit-holland-aqua-sight\/\"]}]},{\"@type\":\"ImageObject\",\"inLanguage\":\"de\",\"@id\":\"https:\/\/hollandaquasight.com\/de\/kontakt-mit-holland-aqua-sight\/#primaryimage\",\"url\":\"https:\/\/hollandaquasight.com\/wp-content\/uploads\/2023\/03\/contact-us_1280x521.jpg\",\"contentUrl\":\"https:\/\/hollandaquasight.com\/wp-content\/uploads\/2023\/03\/contact-us_1280x521.jpg\",\"width\":1280,\"height\":521,\"caption\":\"contact\"},{\"@type\":\"BreadcrumbList\",\"@id\":\"https:\/\/hollandaquasight.com\/de\/kontakt-mit-holland-aqua-sight\/#breadcrumb\",\"itemListElement\":[{\"@type\":\"ListItem\",\"position\":1,\"name\":\"Home\",\"item\":\"https:\/\/hollandaquasight.com\/de\/\"},{\"@type\":\"ListItem\",\"position\":2,\"name\":\"Kontakt mit Holland Aqua Sight\"}]},{\"@type\":\"WebSite\",\"@id\":\"https:\/\/hollandaquasight.com\/de\/#website\",\"url\":\"https:\/\/hollandaquasight.com\/de\/\",\"name\":\"Holland Aqua Sight\",\"description\":\"Onderwaterramen en beweegbare zwembadvloeren\",\"publisher\":{\"@id\":\"https:\/\/hollandaquasight.com\/de\/#organization\"},\"potentialAction\":[{\"@type\":\"SearchAction\",\"target\":{\"@type\":\"EntryPoint\",\"urlTemplate\":\"https:\/\/hollandaquasight.com\/de\/?s={search_term_string}\"},\"query-input\":{\"@type\":\"PropertyValueSpecification\",\"valueRequired\":true,\"valueName\":\"search_term_string\"}}],\"inLanguage\":\"de\"},{\"@type\":\"Organization\",\"@id\":\"https:\/\/hollandaquasight.com\/de\/#organization\",\"name\":\"Holland Aqua Sight\",\"alternateName\":\"HAS\",\"url\":\"https:\/\/hollandaquasight.com\/de\/\",\"logo\":{\"@type\":\"ImageObject\",\"inLanguage\":\"de\",\"@id\":\"https:\/\/hollandaquasight.com\/de\/#\/schema\/logo\/image\/\",\"url\":\"https:\/\/hollandaquasight.com\/wp-content\/uploads\/2023\/03\/HAS_brand_1x1.jpg\",\"contentUrl\":\"https:\/\/hollandaquasight.com\/wp-content\/uploads\/2023\/03\/HAS_brand_1x1.jpg\",\"width\":697,\"height\":697,\"caption\":\"Holland Aqua Sight\"},\"image\":{\"@id\":\"https:\/\/hollandaquasight.com\/de\/#\/schema\/logo\/image\/\"}}]}<\/script>\n<!-- \/ Yoast SEO Premium plugin. -->","yoast_head_json":{"title":"Kontact mit Holland Aqua Sight - Niederlande","description":"Neben einem guten Produkt von hoher Qualit\u00e4t ist Service f\u00fcr HAS wichtig. Wir sind bereit, Ihnen bei all Ihren Fragen zu helfen.","robots":{"index":"index","follow":"follow","max-snippet":"max-snippet:-1","max-image-preview":"max-image-preview:large","max-video-preview":"max-video-preview:-1"},"canonical":"https:\/\/hollandaquasight.com\/de\/kontakt-mit-holland-aqua-sight\/","og_locale":"de_DE","og_type":"article","og_title":"Kontakt mit Holland Aqua Sight","og_description":"Neben einem guten Produkt von hoher Qualit\u00e4t ist Service f\u00fcr HAS wichtig. Wir sind bereit, Ihnen bei all Ihren Fragen zu helfen.","og_url":"https:\/\/hollandaquasight.com\/de\/kontakt-mit-holland-aqua-sight\/","og_site_name":"Holland Aqua Sight","article_modified_time":"2023-09-18T14:02:47+00:00","og_image":[{"width":1280,"height":521,"url":"https:\/\/hollandaquasight.com\/wp-content\/uploads\/2023\/03\/contact-us_1280x521.jpg","type":"image\/jpeg"}],"twitter_card":"summary_large_image","twitter_misc":{"Gesch\u00e4tzte Lesezeit":"1\u00a0Minute"},"schema":{"@context":"https:\/\/schema.org","@graph":[{"@type":"WebPage","@id":"https:\/\/hollandaquasight.com\/de\/kontakt-mit-holland-aqua-sight\/","url":"https:\/\/hollandaquasight.com\/de\/kontakt-mit-holland-aqua-sight\/","name":"Kontact mit Holland Aqua Sight - Niederlande","isPartOf":{"@id":"https:\/\/hollandaquasight.com\/de\/#website"},"primaryImageOfPage":{"@id":"https:\/\/hollandaquasight.com\/de\/kontakt-mit-holland-aqua-sight\/#primaryimage"},"image":{"@id":"https:\/\/hollandaquasight.com\/de\/kontakt-mit-holland-aqua-sight\/#primaryimage"},"thumbnailUrl":"https:\/\/hollandaquasight.com\/wp-content\/uploads\/2023\/03\/contact-us_1280x521.jpg","datePublished":"2015-09-25T07:53:55+00:00","dateModified":"2023-09-18T14:02:47+00:00","description":"Neben einem guten Produkt von hoher Qualit\u00e4t ist Service f\u00fcr HAS wichtig. Wir sind bereit, Ihnen bei all Ihren Fragen zu helfen.","breadcrumb":{"@id":"https:\/\/hollandaquasight.com\/de\/kontakt-mit-holland-aqua-sight\/#breadcrumb"},"inLanguage":"de","potentialAction":[{"@type":"ReadAction","target":["https:\/\/hollandaquasight.com\/de\/kontakt-mit-holland-aqua-sight\/"]}]},{"@type":"ImageObject","inLanguage":"de","@id":"https:\/\/hollandaquasight.com\/de\/kontakt-mit-holland-aqua-sight\/#primaryimage","url":"https:\/\/hollandaquasight.com\/wp-content\/uploads\/2023\/03\/contact-us_1280x521.jpg","contentUrl":"https:\/\/hollandaquasight.com\/wp-content\/uploads\/2023\/03\/contact-us_1280x521.jpg","width":1280,"height":521,"caption":"contact"},{"@type":"BreadcrumbList","@id":"https:\/\/hollandaquasight.com\/de\/kontakt-mit-holland-aqua-sight\/#breadcrumb","itemListElement":[{"@type":"ListItem","position":1,"name":"Home","item":"https:\/\/hollandaquasight.com\/de\/"},{"@type":"ListItem","position":2,"name":"Kontakt mit Holland Aqua Sight"}]},{"@type":"WebSite","@id":"https:\/\/hollandaquasight.com\/de\/#website","url":"https:\/\/hollandaquasight.com\/de\/","name":"Holland Aqua Sight","description":"Onderwaterramen en beweegbare zwembadvloeren","publisher":{"@id":"https:\/\/hollandaquasight.com\/de\/#organization"},"potentialAction":[{"@type":"SearchAction","target":{"@type":"EntryPoint","urlTemplate":"https:\/\/hollandaquasight.com\/de\/?s={search_term_string}"},"query-input":{"@type":"PropertyValueSpecification","valueRequired":true,"valueName":"search_term_string"}}],"inLanguage":"de"},{"@type":"Organization","@id":"https:\/\/hollandaquasight.com\/de\/#organization","name":"Holland Aqua Sight","alternateName":"HAS","url":"https:\/\/hollandaquasight.com\/de\/","logo":{"@type":"ImageObject","inLanguage":"de","@id":"https:\/\/hollandaquasight.com\/de\/#\/schema\/logo\/image\/","url":"https:\/\/hollandaquasight.com\/wp-content\/uploads\/2023\/03\/HAS_brand_1x1.jpg","contentUrl":"https:\/\/hollandaquasight.com\/wp-content\/uploads\/2023\/03\/HAS_brand_1x1.jpg","width":697,"height":697,"caption":"Holland Aqua Sight"},"image":{"@id":"https:\/\/hollandaquasight.com\/de\/#\/schema\/logo\/image\/"}}]}},"_links":{"self":[{"href":"https:\/\/hollandaquasight.com\/de\/wp-json\/wp\/v2\/pages\/470","targetHints":{"allow":["GET"]}}],"collection":[{"href":"https:\/\/hollandaquasight.com\/de\/wp-json\/wp\/v2\/pages"}],"about":[{"href":"https:\/\/hollandaquasight.com\/de\/wp-json\/wp\/v2\/types\/page"}],"author":[{"embeddable":true,"href":"https:\/\/hollandaquasight.com\/de\/wp-json\/wp\/v2\/users\/6"}],"replies":[{"embeddable":true,"href":"https:\/\/hollandaquasight.com\/de\/wp-json\/wp\/v2\/comments?post=470"}],"version-history":[{"count":5,"href":"https:\/\/hollandaquasight.com\/de\/wp-json\/wp\/v2\/pages\/470\/revisions"}],"predecessor-version":[{"id":12374,"href":"https:\/\/hollandaquasight.com\/de\/wp-json\/wp\/v2\/pages\/470\/revisions\/12374"}],"wp:featuredmedia":[{"embeddable":true,"href":"https:\/\/hollandaquasight.com\/de\/wp-json\/wp\/v2\/media\/138"}],"wp:attachment":[{"href":"https:\/\/hollandaquasight.com\/de\/wp-json\/wp\/v2\/media?parent=470"}],"curies":[{"name":"wp","href":"https:\/\/api.w.org\/{rel}","templated":true}]}}