{"id":479,"date":"2019-07-16T14:19:42","date_gmt":"2019-07-16T12:19:42","guid":{"rendered":"https:\/\/hollandaquasight.com\/staging\/private-baeder-hubboeden\/"},"modified":"2024-04-22T10:54:35","modified_gmt":"2024-04-22T08:54:35","slug":"private-bader-hubboden","status":"publish","type":"page","link":"https:\/\/hollandaquasight.com\/de\/private-bader-hubboden\/","title":{"rendered":"Private B\u00e4der Hubb\u00f6den"},"content":{"rendered":"<p>Sie m\u00fcssen sich nicht zwischen dem Platz auf der Terrasse oder dem Platz f\u00fcr einen Swimmingpool entscheiden! Nutzen Sie die Quadratmeter einfach doppelt, indem Sie einen Hubboden einsetzen!<\/p>\n<p>Das einzigartige System von Holland Aqua Sight ist ein schwebendes Konzept in Kombination mit einem Edelstahlrahmen und einem Hydrauliksystem. Das System wurde von unseren eigenen Fachleuten entwickelt und getestet. Es entspricht den strengsten Sicherheitsanforderungen. Der Boden l\u00e4sst sich auf unterschiedliche Wasserniveaus einstellen, damit Kinder sicher im flachen Wasser spielen k\u00f6nnen. Sie k\u00f6nnen selbst Ihre Bahnen ziehen, wenn das Wasser auf den mittleren Stand eingestellt ist. Beim h\u00f6chsten Wasserstand kann sogar getaucht werden. Es gibt also viele M\u00f6glichkeiten! Der Hubboden kann auch auf Terrassenh\u00f6he eingestellt werden. Auf diese Weise k\u00f6nnen Sie Ihre Kinder sicher drau\u00dfen spielen lassen, ohne Angst haben zu m\u00fcssen, dass sie in Pooln\u00e4he kommen.<\/p>\n<h2>Hubboden als Terrasse<\/h2>\n<p>Geben Sie eine Party? Kein Problem, Sie k\u00f6nnen den Hubboden als Terrasse, Tanzfl\u00e4che oder Partylocation nutzen. Der Hubboden kann hohe Belastungen aushalten! F\u00fcr jedes einzelne Projekt werden die technischen und strukturellen Anforderungen sorgf\u00e4ltig gepr\u00fcft. Wir garantieren einen sicheren Hubboden. Holland Aqua Sight liefert und installiert die Steuertechnik selbst. Nicht nur der Hubboden, sondern auch die integrierten Treppen k\u00f6nnen in diversen Formen und Ma\u00dfen hergestellt werden!<\/p>\n","protected":false},"excerpt":{"rendered":"<p>Sie m\u00fcssen sich nicht zwischen dem Platz auf der Terrasse oder dem Platz f\u00fcr einen Swimmingpool entscheiden! Nutzen Sie die [&hellip;]<\/p>\n","protected":false},"author":6,"featured_media":12135,"parent":0,"menu_order":0,"comment_status":"closed","ping_status":"closed","template":"","meta":{"_acf_changed":false,"footnotes":""},"class_list":["post-479","page","type-page","status-publish","has-post-thumbnail","hentry"],"acf":[],"yoast_head":"<!-- This site is optimized with the Yoast SEO Premium plugin v25.9 (Yoast SEO v26.3) - https:\/\/yoast.com\/wordpress\/plugins\/seo\/ -->\n<title>Private B\u00e4der Hubb\u00f6den &#8226; Holland Aqua Sight<\/title>\n<meta name=\"description\" content=\"Ein Hubboden in ihrem eigenen Wohnhaus geh\u00f6rt zu den Projekten, auf die wir uns spezialisiert haben. Bei uns finden Sie immer das Beste!\" \/>\n<meta name=\"robots\" content=\"index, follow, max-snippet:-1, max-image-preview:large, max-video-preview:-1\" \/>\n<link rel=\"canonical\" href=\"https:\/\/hollandaquasight.com\/de\/private-bader-hubboden\/\" \/>\n<meta property=\"og:locale\" content=\"de_DE\" \/>\n<meta property=\"og:type\" content=\"article\" \/>\n<meta property=\"og:title\" content=\"Private B\u00e4der Hubb\u00f6den\" \/>\n<meta property=\"og:description\" content=\"Ein Hubboden in ihrem eigenen Wohnhaus geh\u00f6rt zu den Projekten, auf die wir uns spezialisiert haben. Bei uns finden Sie immer das Beste!\" \/>\n<meta property=\"og:url\" content=\"https:\/\/hollandaquasight.com\/de\/private-bader-hubboden\/\" \/>\n<meta property=\"og:site_name\" content=\"Holland Aqua Sight\" \/>\n<meta property=\"article:modified_time\" content=\"2024-04-22T08:54:35+00:00\" \/>\n<meta property=\"og:image\" content=\"https:\/\/hollandaquasight.com\/wp-content\/uploads\/2023\/03\/Movable-floor-private-pool.jpg\" \/>\n\t<meta property=\"og:image:width\" content=\"1200\" \/>\n\t<meta property=\"og:image:height\" content=\"400\" \/>\n\t<meta property=\"og:image:type\" content=\"image\/jpeg\" \/>\n<meta name=\"twitter:card\" content=\"summary_large_image\" \/>\n<meta name=\"twitter:label1\" content=\"Gesch\u00e4tzte Lesezeit\" \/>\n\t<meta name=\"twitter:data1\" content=\"3\u00a0Minuten\" \/>\n<script type=\"application\/ld+json\" class=\"yoast-schema-graph\">{\"@context\":\"https:\/\/schema.org\",\"@graph\":[{\"@type\":\"WebPage\",\"@id\":\"https:\/\/hollandaquasight.com\/de\/private-bader-hubboden\/\",\"url\":\"https:\/\/hollandaquasight.com\/de\/private-bader-hubboden\/\",\"name\":\"Private B\u00e4der Hubb\u00f6den &#8226; Holland Aqua Sight\",\"isPartOf\":{\"@id\":\"https:\/\/hollandaquasight.com\/de\/#website\"},\"primaryImageOfPage\":{\"@id\":\"https:\/\/hollandaquasight.com\/de\/private-bader-hubboden\/#primaryimage\"},\"image\":{\"@id\":\"https:\/\/hollandaquasight.com\/de\/private-bader-hubboden\/#primaryimage\"},\"thumbnailUrl\":\"https:\/\/hollandaquasight.com\/wp-content\/uploads\/2023\/03\/Movable-floor-private-pool.jpg\",\"datePublished\":\"2019-07-16T12:19:42+00:00\",\"dateModified\":\"2024-04-22T08:54:35+00:00\",\"description\":\"Ein Hubboden in ihrem eigenen Wohnhaus geh\u00f6rt zu den Projekten, auf die wir uns spezialisiert haben. Bei uns finden Sie immer das Beste!\",\"breadcrumb\":{\"@id\":\"https:\/\/hollandaquasight.com\/de\/private-bader-hubboden\/#breadcrumb\"},\"inLanguage\":\"de\",\"potentialAction\":[{\"@type\":\"ReadAction\",\"target\":[\"https:\/\/hollandaquasight.com\/de\/private-bader-hubboden\/\"]}]},{\"@type\":\"ImageObject\",\"inLanguage\":\"de\",\"@id\":\"https:\/\/hollandaquasight.com\/de\/private-bader-hubboden\/#primaryimage\",\"url\":\"https:\/\/hollandaquasight.com\/wp-content\/uploads\/2023\/03\/Movable-floor-private-pool.jpg\",\"contentUrl\":\"https:\/\/hollandaquasight.com\/wp-content\/uploads\/2023\/03\/Movable-floor-private-pool.jpg\",\"width\":1200,\"height\":400},{\"@type\":\"BreadcrumbList\",\"@id\":\"https:\/\/hollandaquasight.com\/de\/private-bader-hubboden\/#breadcrumb\",\"itemListElement\":[{\"@type\":\"ListItem\",\"position\":1,\"name\":\"Home\",\"item\":\"https:\/\/hollandaquasight.com\/de\/\"},{\"@type\":\"ListItem\",\"position\":2,\"name\":\"Private B\u00e4der Hubb\u00f6den\"}]},{\"@type\":\"WebSite\",\"@id\":\"https:\/\/hollandaquasight.com\/de\/#website\",\"url\":\"https:\/\/hollandaquasight.com\/de\/\",\"name\":\"Holland Aqua Sight\",\"description\":\"Onderwaterramen en beweegbare zwembadvloeren\",\"publisher\":{\"@id\":\"https:\/\/hollandaquasight.com\/de\/#organization\"},\"potentialAction\":[{\"@type\":\"SearchAction\",\"target\":{\"@type\":\"EntryPoint\",\"urlTemplate\":\"https:\/\/hollandaquasight.com\/de\/?s={search_term_string}\"},\"query-input\":{\"@type\":\"PropertyValueSpecification\",\"valueRequired\":true,\"valueName\":\"search_term_string\"}}],\"inLanguage\":\"de\"},{\"@type\":\"Organization\",\"@id\":\"https:\/\/hollandaquasight.com\/de\/#organization\",\"name\":\"Holland Aqua Sight\",\"alternateName\":\"HAS\",\"url\":\"https:\/\/hollandaquasight.com\/de\/\",\"logo\":{\"@type\":\"ImageObject\",\"inLanguage\":\"de\",\"@id\":\"https:\/\/hollandaquasight.com\/de\/#\/schema\/logo\/image\/\",\"url\":\"https:\/\/hollandaquasight.com\/wp-content\/uploads\/2023\/03\/HAS_brand_1x1.jpg\",\"contentUrl\":\"https:\/\/hollandaquasight.com\/wp-content\/uploads\/2023\/03\/HAS_brand_1x1.jpg\",\"width\":697,\"height\":697,\"caption\":\"Holland Aqua Sight\"},\"image\":{\"@id\":\"https:\/\/hollandaquasight.com\/de\/#\/schema\/logo\/image\/\"}}]}<\/script>\n<!-- \/ Yoast SEO Premium plugin. -->","yoast_head_json":{"title":"Private B\u00e4der Hubb\u00f6den &#8226; Holland Aqua Sight","description":"Ein Hubboden in ihrem eigenen Wohnhaus geh\u00f6rt zu den Projekten, auf die wir uns spezialisiert haben. Bei uns finden Sie immer das Beste!","robots":{"index":"index","follow":"follow","max-snippet":"max-snippet:-1","max-image-preview":"max-image-preview:large","max-video-preview":"max-video-preview:-1"},"canonical":"https:\/\/hollandaquasight.com\/de\/private-bader-hubboden\/","og_locale":"de_DE","og_type":"article","og_title":"Private B\u00e4der Hubb\u00f6den","og_description":"Ein Hubboden in ihrem eigenen Wohnhaus geh\u00f6rt zu den Projekten, auf die wir uns spezialisiert haben. Bei uns finden Sie immer das Beste!","og_url":"https:\/\/hollandaquasight.com\/de\/private-bader-hubboden\/","og_site_name":"Holland Aqua Sight","article_modified_time":"2024-04-22T08:54:35+00:00","og_image":[{"width":1200,"height":400,"url":"https:\/\/hollandaquasight.com\/wp-content\/uploads\/2023\/03\/Movable-floor-private-pool.jpg","type":"image\/jpeg"}],"twitter_card":"summary_large_image","twitter_misc":{"Gesch\u00e4tzte Lesezeit":"3\u00a0Minuten"},"schema":{"@context":"https:\/\/schema.org","@graph":[{"@type":"WebPage","@id":"https:\/\/hollandaquasight.com\/de\/private-bader-hubboden\/","url":"https:\/\/hollandaquasight.com\/de\/private-bader-hubboden\/","name":"Private B\u00e4der Hubb\u00f6den &#8226; Holland Aqua Sight","isPartOf":{"@id":"https:\/\/hollandaquasight.com\/de\/#website"},"primaryImageOfPage":{"@id":"https:\/\/hollandaquasight.com\/de\/private-bader-hubboden\/#primaryimage"},"image":{"@id":"https:\/\/hollandaquasight.com\/de\/private-bader-hubboden\/#primaryimage"},"thumbnailUrl":"https:\/\/hollandaquasight.com\/wp-content\/uploads\/2023\/03\/Movable-floor-private-pool.jpg","datePublished":"2019-07-16T12:19:42+00:00","dateModified":"2024-04-22T08:54:35+00:00","description":"Ein Hubboden in ihrem eigenen Wohnhaus geh\u00f6rt zu den Projekten, auf die wir uns spezialisiert haben. Bei uns finden Sie immer das Beste!","breadcrumb":{"@id":"https:\/\/hollandaquasight.com\/de\/private-bader-hubboden\/#breadcrumb"},"inLanguage":"de","potentialAction":[{"@type":"ReadAction","target":["https:\/\/hollandaquasight.com\/de\/private-bader-hubboden\/"]}]},{"@type":"ImageObject","inLanguage":"de","@id":"https:\/\/hollandaquasight.com\/de\/private-bader-hubboden\/#primaryimage","url":"https:\/\/hollandaquasight.com\/wp-content\/uploads\/2023\/03\/Movable-floor-private-pool.jpg","contentUrl":"https:\/\/hollandaquasight.com\/wp-content\/uploads\/2023\/03\/Movable-floor-private-pool.jpg","width":1200,"height":400},{"@type":"BreadcrumbList","@id":"https:\/\/hollandaquasight.com\/de\/private-bader-hubboden\/#breadcrumb","itemListElement":[{"@type":"ListItem","position":1,"name":"Home","item":"https:\/\/hollandaquasight.com\/de\/"},{"@type":"ListItem","position":2,"name":"Private B\u00e4der Hubb\u00f6den"}]},{"@type":"WebSite","@id":"https:\/\/hollandaquasight.com\/de\/#website","url":"https:\/\/hollandaquasight.com\/de\/","name":"Holland Aqua Sight","description":"Onderwaterramen en beweegbare zwembadvloeren","publisher":{"@id":"https:\/\/hollandaquasight.com\/de\/#organization"},"potentialAction":[{"@type":"SearchAction","target":{"@type":"EntryPoint","urlTemplate":"https:\/\/hollandaquasight.com\/de\/?s={search_term_string}"},"query-input":{"@type":"PropertyValueSpecification","valueRequired":true,"valueName":"search_term_string"}}],"inLanguage":"de"},{"@type":"Organization","@id":"https:\/\/hollandaquasight.com\/de\/#organization","name":"Holland Aqua Sight","alternateName":"HAS","url":"https:\/\/hollandaquasight.com\/de\/","logo":{"@type":"ImageObject","inLanguage":"de","@id":"https:\/\/hollandaquasight.com\/de\/#\/schema\/logo\/image\/","url":"https:\/\/hollandaquasight.com\/wp-content\/uploads\/2023\/03\/HAS_brand_1x1.jpg","contentUrl":"https:\/\/hollandaquasight.com\/wp-content\/uploads\/2023\/03\/HAS_brand_1x1.jpg","width":697,"height":697,"caption":"Holland Aqua Sight"},"image":{"@id":"https:\/\/hollandaquasight.com\/de\/#\/schema\/logo\/image\/"}}]}},"_links":{"self":[{"href":"https:\/\/hollandaquasight.com\/de\/wp-json\/wp\/v2\/pages\/479","targetHints":{"allow":["GET"]}}],"collection":[{"href":"https:\/\/hollandaquasight.com\/de\/wp-json\/wp\/v2\/pages"}],"about":[{"href":"https:\/\/hollandaquasight.com\/de\/wp-json\/wp\/v2\/types\/page"}],"author":[{"embeddable":true,"href":"https:\/\/hollandaquasight.com\/de\/wp-json\/wp\/v2\/users\/6"}],"replies":[{"embeddable":true,"href":"https:\/\/hollandaquasight.com\/de\/wp-json\/wp\/v2\/comments?post=479"}],"version-history":[{"count":8,"href":"https:\/\/hollandaquasight.com\/de\/wp-json\/wp\/v2\/pages\/479\/revisions"}],"predecessor-version":[{"id":13059,"href":"https:\/\/hollandaquasight.com\/de\/wp-json\/wp\/v2\/pages\/479\/revisions\/13059"}],"wp:featuredmedia":[{"embeddable":true,"href":"https:\/\/hollandaquasight.com\/de\/wp-json\/wp\/v2\/media\/12135"}],"wp:attachment":[{"href":"https:\/\/hollandaquasight.com\/de\/wp-json\/wp\/v2\/media?parent=479"}],"curies":[{"name":"wp","href":"https:\/\/api.w.org\/{rel}","templated":true}]}}