{"id":10419,"date":"2015-09-25T11:13:41","date_gmt":"2015-09-25T09:13:41","guid":{"rendered":"https:\/\/hollandaquasight.com\/staging\/por-que-no-usar-vidrio\/"},"modified":"2023-03-15T16:05:14","modified_gmt":"2023-03-15T15:05:14","slug":"por-que-no-usar-vidrio","status":"publish","type":"page","link":"https:\/\/hollandaquasight.com\/es\/por-que-no-usar-vidrio\/","title":{"rendered":"\u00bfPOR QU\u00c9 NO USAR VIDRIO?"},"content":{"rendered":"<p>El acr\u00edlico tiene muchas ventajas sobre el cristal. Por eso utilizamos paneles de acr\u00edlico en los proyectos en los que instalamos ventanas subacu\u00e1ticas. A continuaci\u00f3n enumeramos brevemente las ventajas del acr\u00edlico.<\/p>\n<p>La ventaja del acr\u00edlico frente al vidrio es significativa:<\/p>\n<ul>\n<li>Una de las ventajas es el peso. Las ventanas subacu\u00e1ticas acr\u00edlicas pesan la mitad que las de cristal y, adem\u00e1s, son mucho m\u00e1s resistentes.<\/li>\n<li>Es menos probable que el acr\u00edlico se rompa.<\/li>\n<li>Claridad de Plexiglas<\/li>\n<\/ul>\n<p>Si cree que la transparencia del plexigl\u00e1s\u00ae es menor que la del vidrio normal, \u00a1se equivoca! De hecho, una de las ventajas del acr\u00edlico es la transparencia de Plexiglas\u00ae. De hecho, los bloques tienen una transmisi\u00f3n de luz del 92%. Si los tama\u00f1os est\u00e1ndar de los bloques acr\u00edlicos no se ajustan a las medidas que tiene en mente para el dise\u00f1o, no hay problema. Podemos pegar los bloques a la perfecci\u00f3n hasta conseguir el tama\u00f1o correcto. Lo hacemos calentando y utilizando moldes para que la interconexi\u00f3n no sea visible. El plexigl\u00e1s\u00ae tambi\u00e9n es f\u00e1cil de trabajar y rara vez se astilla, lo que nos permite esmerilar curvas en los bloques sin problemas.<\/p>\n<p>Trabajamos con tama\u00f1os est\u00e1ndar entre 3000 x 2000 mm y 3000 mm x 7800 mm. En funci\u00f3n de los c\u00e1lculos t\u00e9cnicos y los planos, determinamos qu\u00e9 grosor es posible y adem\u00e1s encaja bien en el dise\u00f1o. El grosor puede variar entre 20 mm y 150 mm.<\/p>\n<h2>Las ventanas de plexigl\u00e1s\u00ae son f\u00e1ciles de mantener<\/h2>\n<p>La superficie de Plexiglas\u00ae es lisa como un espejo, por lo que la suciedad no se adhiere a ella. Adem\u00e1s, es f\u00e1cil de limpiar. Con un pa\u00f1o suave o una esponja, las ventanas acr\u00edlicas sumergibles son f\u00e1ciles de mantener limpias. Igual que las ventanas de cristal. \u00bfQuiere saber m\u00e1s? P\u00f3ngase en <a href=\"https:\/\/hollandaquasight.com\/es\/contacto\/\">contacto<\/a> con nuestros gestores de cuentas.<\/p>\n<p>Holland Aqua Sight forma parte <a href=\"https:\/\/variogroup.com\/\" target=\"_blank\" rel=\"noopener\">del VarioGroup<\/a> de Oudkarspel. Descargue nuestro <a href=\"https:\/\/hollandaquasight.com\/wp-content\/uploads\/2023\/03\/HAS_folder_windows-EN.pdf\" target=\"_blank\" rel=\"noopener\">folleto AQU\u00cd<\/a>.<\/p>\n","protected":false},"excerpt":{"rendered":"<p>El acr\u00edlico tiene muchas ventajas sobre el cristal. Por eso utilizamos paneles de acr\u00edlico en los proyectos en los que [&hellip;]<\/p>\n","protected":false},"author":6,"featured_media":8761,"parent":0,"menu_order":0,"comment_status":"closed","ping_status":"closed","template":"","meta":{"_acf_changed":false,"footnotes":""},"class_list":["post-10419","page","type-page","status-publish","has-post-thumbnail","hentry"],"acf":[],"yoast_head":"<!-- This site is optimized with the Yoast SEO Premium plugin v25.9 (Yoast SEO v26.3) - https:\/\/yoast.com\/wordpress\/plugins\/seo\/ -->\n<title>\u00bfPOR QU\u00c9 NO USAR VIDRIO? &#8226; Holland Aqua Sight<\/title>\n<meta name=\"description\" content=\"\u00bfPor qu\u00e9 utilizar vidrio acr\u00edlico para sus ventanas subacu\u00e1ticas? Hablemos de las ventajas de este material \u00fanico.\" \/>\n<meta name=\"robots\" content=\"index, follow, max-snippet:-1, max-image-preview:large, max-video-preview:-1\" \/>\n<link rel=\"canonical\" href=\"https:\/\/hollandaquasight.com\/es\/por-que-no-usar-vidrio\/\" \/>\n<meta property=\"og:locale\" content=\"es_ES\" \/>\n<meta property=\"og:type\" content=\"article\" \/>\n<meta property=\"og:title\" content=\"\u00bfPOR QU\u00c9 NO USAR VIDRIO?\" \/>\n<meta property=\"og:description\" content=\"\u00bfPor qu\u00e9 utilizar vidrio acr\u00edlico para sus ventanas subacu\u00e1ticas? Hablemos de las ventajas de este material \u00fanico.\" \/>\n<meta property=\"og:url\" content=\"https:\/\/hollandaquasight.com\/es\/por-que-no-usar-vidrio\/\" \/>\n<meta property=\"og:site_name\" content=\"Holland Aqua Sight\" \/>\n<meta property=\"article:modified_time\" content=\"2023-03-15T15:05:14+00:00\" \/>\n<meta property=\"og:image\" content=\"https:\/\/hollandaquasight.com\/wp-content\/uploads\/2023\/03\/voordelen-van-acryl.jpg\" \/>\n\t<meta property=\"og:image:width\" content=\"1200\" \/>\n\t<meta property=\"og:image:height\" content=\"400\" \/>\n\t<meta property=\"og:image:type\" content=\"image\/jpeg\" \/>\n<meta name=\"twitter:card\" content=\"summary_large_image\" \/>\n<meta name=\"twitter:label1\" content=\"Tiempo de lectura\" \/>\n\t<meta name=\"twitter:data1\" content=\"2 minutos\" \/>\n<script type=\"application\/ld+json\" class=\"yoast-schema-graph\">{\"@context\":\"https:\/\/schema.org\",\"@graph\":[{\"@type\":\"WebPage\",\"@id\":\"https:\/\/hollandaquasight.com\/es\/por-que-no-usar-vidrio\/\",\"url\":\"https:\/\/hollandaquasight.com\/es\/por-que-no-usar-vidrio\/\",\"name\":\"\u00bfPOR QU\u00c9 NO USAR VIDRIO? &#8226; Holland Aqua Sight\",\"isPartOf\":{\"@id\":\"https:\/\/hollandaquasight.com\/es\/#website\"},\"primaryImageOfPage\":{\"@id\":\"https:\/\/hollandaquasight.com\/es\/por-que-no-usar-vidrio\/#primaryimage\"},\"image\":{\"@id\":\"https:\/\/hollandaquasight.com\/es\/por-que-no-usar-vidrio\/#primaryimage\"},\"thumbnailUrl\":\"https:\/\/hollandaquasight.com\/wp-content\/uploads\/2023\/03\/voordelen-van-acryl.jpg\",\"datePublished\":\"2015-09-25T09:13:41+00:00\",\"dateModified\":\"2023-03-15T15:05:14+00:00\",\"description\":\"\u00bfPor qu\u00e9 utilizar vidrio acr\u00edlico para sus ventanas subacu\u00e1ticas? Hablemos de las ventajas de este material \u00fanico.\",\"breadcrumb\":{\"@id\":\"https:\/\/hollandaquasight.com\/es\/por-que-no-usar-vidrio\/#breadcrumb\"},\"inLanguage\":\"es\",\"potentialAction\":[{\"@type\":\"ReadAction\",\"target\":[\"https:\/\/hollandaquasight.com\/es\/por-que-no-usar-vidrio\/\"]}]},{\"@type\":\"ImageObject\",\"inLanguage\":\"es\",\"@id\":\"https:\/\/hollandaquasight.com\/es\/por-que-no-usar-vidrio\/#primaryimage\",\"url\":\"https:\/\/hollandaquasight.com\/wp-content\/uploads\/2023\/03\/voordelen-van-acryl.jpg\",\"contentUrl\":\"https:\/\/hollandaquasight.com\/wp-content\/uploads\/2023\/03\/voordelen-van-acryl.jpg\",\"width\":1200,\"height\":400,\"caption\":\"voordelen van acryl\"},{\"@type\":\"BreadcrumbList\",\"@id\":\"https:\/\/hollandaquasight.com\/es\/por-que-no-usar-vidrio\/#breadcrumb\",\"itemListElement\":[{\"@type\":\"ListItem\",\"position\":1,\"name\":\"Home\",\"item\":\"https:\/\/hollandaquasight.com\/es\/\"},{\"@type\":\"ListItem\",\"position\":2,\"name\":\"\u00bfPOR QU\u00c9 NO USAR VIDRIO?\"}]},{\"@type\":\"WebSite\",\"@id\":\"https:\/\/hollandaquasight.com\/es\/#website\",\"url\":\"https:\/\/hollandaquasight.com\/es\/\",\"name\":\"Holland Aqua Sight\",\"description\":\"Onderwaterramen en beweegbare zwembadvloeren\",\"publisher\":{\"@id\":\"https:\/\/hollandaquasight.com\/es\/#organization\"},\"potentialAction\":[{\"@type\":\"SearchAction\",\"target\":{\"@type\":\"EntryPoint\",\"urlTemplate\":\"https:\/\/hollandaquasight.com\/es\/?s={search_term_string}\"},\"query-input\":{\"@type\":\"PropertyValueSpecification\",\"valueRequired\":true,\"valueName\":\"search_term_string\"}}],\"inLanguage\":\"es\"},{\"@type\":\"Organization\",\"@id\":\"https:\/\/hollandaquasight.com\/es\/#organization\",\"name\":\"Holland Aqua Sight\",\"alternateName\":\"HAS\",\"url\":\"https:\/\/hollandaquasight.com\/es\/\",\"logo\":{\"@type\":\"ImageObject\",\"inLanguage\":\"es\",\"@id\":\"https:\/\/hollandaquasight.com\/es\/#\/schema\/logo\/image\/\",\"url\":\"https:\/\/hollandaquasight.com\/wp-content\/uploads\/2023\/03\/HAS_brand_1x1.jpg\",\"contentUrl\":\"https:\/\/hollandaquasight.com\/wp-content\/uploads\/2023\/03\/HAS_brand_1x1.jpg\",\"width\":697,\"height\":697,\"caption\":\"Holland Aqua Sight\"},\"image\":{\"@id\":\"https:\/\/hollandaquasight.com\/es\/#\/schema\/logo\/image\/\"}}]}<\/script>\n<!-- \/ Yoast SEO Premium plugin. -->","yoast_head_json":{"title":"\u00bfPOR QU\u00c9 NO USAR VIDRIO? &#8226; Holland Aqua Sight","description":"\u00bfPor qu\u00e9 utilizar vidrio acr\u00edlico para sus ventanas subacu\u00e1ticas? Hablemos de las ventajas de este material \u00fanico.","robots":{"index":"index","follow":"follow","max-snippet":"max-snippet:-1","max-image-preview":"max-image-preview:large","max-video-preview":"max-video-preview:-1"},"canonical":"https:\/\/hollandaquasight.com\/es\/por-que-no-usar-vidrio\/","og_locale":"es_ES","og_type":"article","og_title":"\u00bfPOR QU\u00c9 NO USAR VIDRIO?","og_description":"\u00bfPor qu\u00e9 utilizar vidrio acr\u00edlico para sus ventanas subacu\u00e1ticas? Hablemos de las ventajas de este material \u00fanico.","og_url":"https:\/\/hollandaquasight.com\/es\/por-que-no-usar-vidrio\/","og_site_name":"Holland Aqua Sight","article_modified_time":"2023-03-15T15:05:14+00:00","og_image":[{"width":1200,"height":400,"url":"https:\/\/hollandaquasight.com\/wp-content\/uploads\/2023\/03\/voordelen-van-acryl.jpg","type":"image\/jpeg"}],"twitter_card":"summary_large_image","twitter_misc":{"Tiempo de lectura":"2 minutos"},"schema":{"@context":"https:\/\/schema.org","@graph":[{"@type":"WebPage","@id":"https:\/\/hollandaquasight.com\/es\/por-que-no-usar-vidrio\/","url":"https:\/\/hollandaquasight.com\/es\/por-que-no-usar-vidrio\/","name":"\u00bfPOR QU\u00c9 NO USAR VIDRIO? &#8226; Holland Aqua Sight","isPartOf":{"@id":"https:\/\/hollandaquasight.com\/es\/#website"},"primaryImageOfPage":{"@id":"https:\/\/hollandaquasight.com\/es\/por-que-no-usar-vidrio\/#primaryimage"},"image":{"@id":"https:\/\/hollandaquasight.com\/es\/por-que-no-usar-vidrio\/#primaryimage"},"thumbnailUrl":"https:\/\/hollandaquasight.com\/wp-content\/uploads\/2023\/03\/voordelen-van-acryl.jpg","datePublished":"2015-09-25T09:13:41+00:00","dateModified":"2023-03-15T15:05:14+00:00","description":"\u00bfPor qu\u00e9 utilizar vidrio acr\u00edlico para sus ventanas subacu\u00e1ticas? Hablemos de las ventajas de este material \u00fanico.","breadcrumb":{"@id":"https:\/\/hollandaquasight.com\/es\/por-que-no-usar-vidrio\/#breadcrumb"},"inLanguage":"es","potentialAction":[{"@type":"ReadAction","target":["https:\/\/hollandaquasight.com\/es\/por-que-no-usar-vidrio\/"]}]},{"@type":"ImageObject","inLanguage":"es","@id":"https:\/\/hollandaquasight.com\/es\/por-que-no-usar-vidrio\/#primaryimage","url":"https:\/\/hollandaquasight.com\/wp-content\/uploads\/2023\/03\/voordelen-van-acryl.jpg","contentUrl":"https:\/\/hollandaquasight.com\/wp-content\/uploads\/2023\/03\/voordelen-van-acryl.jpg","width":1200,"height":400,"caption":"voordelen van acryl"},{"@type":"BreadcrumbList","@id":"https:\/\/hollandaquasight.com\/es\/por-que-no-usar-vidrio\/#breadcrumb","itemListElement":[{"@type":"ListItem","position":1,"name":"Home","item":"https:\/\/hollandaquasight.com\/es\/"},{"@type":"ListItem","position":2,"name":"\u00bfPOR QU\u00c9 NO USAR VIDRIO?"}]},{"@type":"WebSite","@id":"https:\/\/hollandaquasight.com\/es\/#website","url":"https:\/\/hollandaquasight.com\/es\/","name":"Holland Aqua Sight","description":"Onderwaterramen en beweegbare zwembadvloeren","publisher":{"@id":"https:\/\/hollandaquasight.com\/es\/#organization"},"potentialAction":[{"@type":"SearchAction","target":{"@type":"EntryPoint","urlTemplate":"https:\/\/hollandaquasight.com\/es\/?s={search_term_string}"},"query-input":{"@type":"PropertyValueSpecification","valueRequired":true,"valueName":"search_term_string"}}],"inLanguage":"es"},{"@type":"Organization","@id":"https:\/\/hollandaquasight.com\/es\/#organization","name":"Holland Aqua Sight","alternateName":"HAS","url":"https:\/\/hollandaquasight.com\/es\/","logo":{"@type":"ImageObject","inLanguage":"es","@id":"https:\/\/hollandaquasight.com\/es\/#\/schema\/logo\/image\/","url":"https:\/\/hollandaquasight.com\/wp-content\/uploads\/2023\/03\/HAS_brand_1x1.jpg","contentUrl":"https:\/\/hollandaquasight.com\/wp-content\/uploads\/2023\/03\/HAS_brand_1x1.jpg","width":697,"height":697,"caption":"Holland Aqua Sight"},"image":{"@id":"https:\/\/hollandaquasight.com\/es\/#\/schema\/logo\/image\/"}}]}},"_links":{"self":[{"href":"https:\/\/hollandaquasight.com\/es\/wp-json\/wp\/v2\/pages\/10419","targetHints":{"allow":["GET"]}}],"collection":[{"href":"https:\/\/hollandaquasight.com\/es\/wp-json\/wp\/v2\/pages"}],"about":[{"href":"https:\/\/hollandaquasight.com\/es\/wp-json\/wp\/v2\/types\/page"}],"author":[{"embeddable":true,"href":"https:\/\/hollandaquasight.com\/es\/wp-json\/wp\/v2\/users\/6"}],"replies":[{"embeddable":true,"href":"https:\/\/hollandaquasight.com\/es\/wp-json\/wp\/v2\/comments?post=10419"}],"version-history":[{"count":3,"href":"https:\/\/hollandaquasight.com\/es\/wp-json\/wp\/v2\/pages\/10419\/revisions"}],"predecessor-version":[{"id":12156,"href":"https:\/\/hollandaquasight.com\/es\/wp-json\/wp\/v2\/pages\/10419\/revisions\/12156"}],"wp:featuredmedia":[{"embeddable":true,"href":"https:\/\/hollandaquasight.com\/es\/wp-json\/wp\/v2\/media\/8761"}],"wp:attachment":[{"href":"https:\/\/hollandaquasight.com\/es\/wp-json\/wp\/v2\/media?parent=10419"}],"curies":[{"name":"wp","href":"https:\/\/api.w.org\/{rel}","templated":true}]}}