{"id":10467,"date":"2015-09-25T09:53:55","date_gmt":"2015-09-25T07:53:55","guid":{"rendered":"https:\/\/hollandaquasight.com\/staging\/contacto\/"},"modified":"2023-09-13T09:04:04","modified_gmt":"2023-09-13T07:04:04","slug":"contacto","status":"publish","type":"page","link":"https:\/\/hollandaquasight.com\/es\/contacto\/","title":{"rendered":"Contacto"},"content":{"rendered":"\u00bfTiene alguna sugerencia o quiere m\u00e1s informaci\u00f3n sobre los productos? No dude en ponerse en contacto con nosotros llamando al <strong>+31 226 333 098<\/strong> o enviando un correo electr\u00f3nico a info@hollandaquasight.com. Tambi\u00e9n puede usar el formulario de contacto a continuaci\u00f3n. \u00a1Nos pondremos en contacto con usted tan pronto como sea posible para responder a sus preguntas!\r\n\r\n<img decoding=\"async\" class=\"size-medium wp-image-11078\" src=\"https:\/\/hollandaquasight.com\/wp-content\/uploads\/2023\/03\/Eugen-van-Langen-li-3-300x300.jpg\" alt=\"\" width=\"300\" height=\"300\" srcset=\"https:\/\/hollandaquasight.com\/wp-content\/uploads\/2023\/03\/Eugen-van-Langen-li-3-300x300.jpg 300w, https:\/\/hollandaquasight.com\/wp-content\/uploads\/2023\/03\/Eugen-van-Langen-li-3-150x150.jpg 150w, https:\/\/hollandaquasight.com\/wp-content\/uploads\/2023\/03\/Eugen-van-Langen-li-3-768x768.jpg 768w, https:\/\/hollandaquasight.com\/wp-content\/uploads\/2023\/03\/Eugen-van-Langen-li-3-400x400.jpg 400w, https:\/\/hollandaquasight.com\/wp-content\/uploads\/2023\/03\/Eugen-van-Langen-li-3-100x100.jpg 100w, https:\/\/hollandaquasight.com\/wp-content\/uploads\/2023\/03\/Eugen-van-Langen-li-3-780x780.jpg 780w, https:\/\/hollandaquasight.com\/wp-content\/uploads\/2023\/03\/Eugen-van-Langen-li-3.jpg 1000w\" sizes=\"(max-width: 300px) 100vw, 300px\" \/>\r\n\r\n<strong>Eugen van Langen<\/strong> | Holland Aqua Sight\r\n\r\n<span style=\"font-size: 16px;\"><\/span>\r\n\r\n<!-- \/wp:post-content -->","protected":false},"excerpt":{"rendered":"<p>\u00bfTiene alguna sugerencia o quiere m\u00e1s informaci\u00f3n sobre los productos? No dude en ponerse en contacto con nosotros llamando al [&hellip;]<\/p>\n","protected":false},"author":6,"featured_media":8747,"parent":0,"menu_order":0,"comment_status":"closed","ping_status":"closed","template":"","meta":{"_acf_changed":false,"footnotes":""},"class_list":["post-10467","page","type-page","status-publish","has-post-thumbnail","hentry"],"acf":[],"yoast_head":"<!-- This site is optimized with the Yoast SEO Premium plugin v25.9 (Yoast SEO v26.3) - https:\/\/yoast.com\/wordpress\/plugins\/seo\/ -->\n<title>Contacte con Holland Aqua Sight - Holland Aqua Sight<\/title>\n<meta name=\"description\" content=\"Adem\u00e1s de un buen producto de alta calidad es el servicio importante para HAS. Estamos dispuestos a ayudarle con todas sus preguntas e ideas\" \/>\n<meta name=\"robots\" content=\"index, follow, max-snippet:-1, max-image-preview:large, max-video-preview:-1\" \/>\n<link rel=\"canonical\" href=\"https:\/\/hollandaquasight.com\/es\/contacto\/\" \/>\n<meta property=\"og:locale\" content=\"es_ES\" \/>\n<meta property=\"og:type\" content=\"article\" \/>\n<meta property=\"og:title\" content=\"Contacto\" \/>\n<meta property=\"og:description\" content=\"Adem\u00e1s de un buen producto de alta calidad es el servicio importante para HAS. Estamos dispuestos a ayudarle con todas sus preguntas e ideas\" \/>\n<meta property=\"og:url\" content=\"https:\/\/hollandaquasight.com\/es\/contacto\/\" \/>\n<meta property=\"og:site_name\" content=\"Holland Aqua Sight\" \/>\n<meta property=\"article:modified_time\" content=\"2023-09-13T07:04:04+00:00\" \/>\n<meta property=\"og:image\" content=\"https:\/\/hollandaquasight.com\/wp-content\/uploads\/2023\/03\/contact-us_1280x521.jpg\" \/>\n\t<meta property=\"og:image:width\" content=\"1280\" \/>\n\t<meta property=\"og:image:height\" content=\"521\" \/>\n\t<meta property=\"og:image:type\" content=\"image\/jpeg\" \/>\n<meta name=\"twitter:card\" content=\"summary_large_image\" \/>\n<meta name=\"twitter:label1\" content=\"Tiempo de lectura\" \/>\n\t<meta name=\"twitter:data1\" content=\"1 minuto\" \/>\n<script type=\"application\/ld+json\" class=\"yoast-schema-graph\">{\"@context\":\"https:\/\/schema.org\",\"@graph\":[{\"@type\":\"WebPage\",\"@id\":\"https:\/\/hollandaquasight.com\/es\/contacto\/\",\"url\":\"https:\/\/hollandaquasight.com\/es\/contacto\/\",\"name\":\"Contacte con Holland Aqua Sight - Holland Aqua Sight\",\"isPartOf\":{\"@id\":\"https:\/\/hollandaquasight.com\/es\/#website\"},\"primaryImageOfPage\":{\"@id\":\"https:\/\/hollandaquasight.com\/es\/contacto\/#primaryimage\"},\"image\":{\"@id\":\"https:\/\/hollandaquasight.com\/es\/contacto\/#primaryimage\"},\"thumbnailUrl\":\"https:\/\/hollandaquasight.com\/wp-content\/uploads\/2023\/03\/contact-us_1280x521.jpg\",\"datePublished\":\"2015-09-25T07:53:55+00:00\",\"dateModified\":\"2023-09-13T07:04:04+00:00\",\"description\":\"Adem\u00e1s de un buen producto de alta calidad es el servicio importante para HAS. Estamos dispuestos a ayudarle con todas sus preguntas e ideas\",\"breadcrumb\":{\"@id\":\"https:\/\/hollandaquasight.com\/es\/contacto\/#breadcrumb\"},\"inLanguage\":\"es\",\"potentialAction\":[{\"@type\":\"ReadAction\",\"target\":[\"https:\/\/hollandaquasight.com\/es\/contacto\/\"]}]},{\"@type\":\"ImageObject\",\"inLanguage\":\"es\",\"@id\":\"https:\/\/hollandaquasight.com\/es\/contacto\/#primaryimage\",\"url\":\"https:\/\/hollandaquasight.com\/wp-content\/uploads\/2023\/03\/contact-us_1280x521.jpg\",\"contentUrl\":\"https:\/\/hollandaquasight.com\/wp-content\/uploads\/2023\/03\/contact-us_1280x521.jpg\",\"width\":1280,\"height\":521,\"caption\":\"||Eugen van Langen | International Account Manager|Willem de Wit | International Account Manager|\"},{\"@type\":\"BreadcrumbList\",\"@id\":\"https:\/\/hollandaquasight.com\/es\/contacto\/#breadcrumb\",\"itemListElement\":[{\"@type\":\"ListItem\",\"position\":1,\"name\":\"Home\",\"item\":\"https:\/\/hollandaquasight.com\/es\/\"},{\"@type\":\"ListItem\",\"position\":2,\"name\":\"Contacto\"}]},{\"@type\":\"WebSite\",\"@id\":\"https:\/\/hollandaquasight.com\/es\/#website\",\"url\":\"https:\/\/hollandaquasight.com\/es\/\",\"name\":\"Holland Aqua Sight\",\"description\":\"Onderwaterramen en beweegbare zwembadvloeren\",\"publisher\":{\"@id\":\"https:\/\/hollandaquasight.com\/es\/#organization\"},\"potentialAction\":[{\"@type\":\"SearchAction\",\"target\":{\"@type\":\"EntryPoint\",\"urlTemplate\":\"https:\/\/hollandaquasight.com\/es\/?s={search_term_string}\"},\"query-input\":{\"@type\":\"PropertyValueSpecification\",\"valueRequired\":true,\"valueName\":\"search_term_string\"}}],\"inLanguage\":\"es\"},{\"@type\":\"Organization\",\"@id\":\"https:\/\/hollandaquasight.com\/es\/#organization\",\"name\":\"Holland Aqua Sight\",\"alternateName\":\"HAS\",\"url\":\"https:\/\/hollandaquasight.com\/es\/\",\"logo\":{\"@type\":\"ImageObject\",\"inLanguage\":\"es\",\"@id\":\"https:\/\/hollandaquasight.com\/es\/#\/schema\/logo\/image\/\",\"url\":\"https:\/\/hollandaquasight.com\/wp-content\/uploads\/2023\/03\/HAS_brand_1x1.jpg\",\"contentUrl\":\"https:\/\/hollandaquasight.com\/wp-content\/uploads\/2023\/03\/HAS_brand_1x1.jpg\",\"width\":697,\"height\":697,\"caption\":\"Holland Aqua Sight\"},\"image\":{\"@id\":\"https:\/\/hollandaquasight.com\/es\/#\/schema\/logo\/image\/\"}}]}<\/script>\n<!-- \/ Yoast SEO Premium plugin. -->","yoast_head_json":{"title":"Contacte con Holland Aqua Sight - Holland Aqua Sight","description":"Adem\u00e1s de un buen producto de alta calidad es el servicio importante para HAS. Estamos dispuestos a ayudarle con todas sus preguntas e ideas","robots":{"index":"index","follow":"follow","max-snippet":"max-snippet:-1","max-image-preview":"max-image-preview:large","max-video-preview":"max-video-preview:-1"},"canonical":"https:\/\/hollandaquasight.com\/es\/contacto\/","og_locale":"es_ES","og_type":"article","og_title":"Contacto","og_description":"Adem\u00e1s de un buen producto de alta calidad es el servicio importante para HAS. Estamos dispuestos a ayudarle con todas sus preguntas e ideas","og_url":"https:\/\/hollandaquasight.com\/es\/contacto\/","og_site_name":"Holland Aqua Sight","article_modified_time":"2023-09-13T07:04:04+00:00","og_image":[{"width":1280,"height":521,"url":"https:\/\/hollandaquasight.com\/wp-content\/uploads\/2023\/03\/contact-us_1280x521.jpg","type":"image\/jpeg"}],"twitter_card":"summary_large_image","twitter_misc":{"Tiempo de lectura":"1 minuto"},"schema":{"@context":"https:\/\/schema.org","@graph":[{"@type":"WebPage","@id":"https:\/\/hollandaquasight.com\/es\/contacto\/","url":"https:\/\/hollandaquasight.com\/es\/contacto\/","name":"Contacte con Holland Aqua Sight - Holland Aqua Sight","isPartOf":{"@id":"https:\/\/hollandaquasight.com\/es\/#website"},"primaryImageOfPage":{"@id":"https:\/\/hollandaquasight.com\/es\/contacto\/#primaryimage"},"image":{"@id":"https:\/\/hollandaquasight.com\/es\/contacto\/#primaryimage"},"thumbnailUrl":"https:\/\/hollandaquasight.com\/wp-content\/uploads\/2023\/03\/contact-us_1280x521.jpg","datePublished":"2015-09-25T07:53:55+00:00","dateModified":"2023-09-13T07:04:04+00:00","description":"Adem\u00e1s de un buen producto de alta calidad es el servicio importante para HAS. Estamos dispuestos a ayudarle con todas sus preguntas e ideas","breadcrumb":{"@id":"https:\/\/hollandaquasight.com\/es\/contacto\/#breadcrumb"},"inLanguage":"es","potentialAction":[{"@type":"ReadAction","target":["https:\/\/hollandaquasight.com\/es\/contacto\/"]}]},{"@type":"ImageObject","inLanguage":"es","@id":"https:\/\/hollandaquasight.com\/es\/contacto\/#primaryimage","url":"https:\/\/hollandaquasight.com\/wp-content\/uploads\/2023\/03\/contact-us_1280x521.jpg","contentUrl":"https:\/\/hollandaquasight.com\/wp-content\/uploads\/2023\/03\/contact-us_1280x521.jpg","width":1280,"height":521,"caption":"||Eugen van Langen | International Account Manager|Willem de Wit | International Account Manager|"},{"@type":"BreadcrumbList","@id":"https:\/\/hollandaquasight.com\/es\/contacto\/#breadcrumb","itemListElement":[{"@type":"ListItem","position":1,"name":"Home","item":"https:\/\/hollandaquasight.com\/es\/"},{"@type":"ListItem","position":2,"name":"Contacto"}]},{"@type":"WebSite","@id":"https:\/\/hollandaquasight.com\/es\/#website","url":"https:\/\/hollandaquasight.com\/es\/","name":"Holland Aqua Sight","description":"Onderwaterramen en beweegbare zwembadvloeren","publisher":{"@id":"https:\/\/hollandaquasight.com\/es\/#organization"},"potentialAction":[{"@type":"SearchAction","target":{"@type":"EntryPoint","urlTemplate":"https:\/\/hollandaquasight.com\/es\/?s={search_term_string}"},"query-input":{"@type":"PropertyValueSpecification","valueRequired":true,"valueName":"search_term_string"}}],"inLanguage":"es"},{"@type":"Organization","@id":"https:\/\/hollandaquasight.com\/es\/#organization","name":"Holland Aqua Sight","alternateName":"HAS","url":"https:\/\/hollandaquasight.com\/es\/","logo":{"@type":"ImageObject","inLanguage":"es","@id":"https:\/\/hollandaquasight.com\/es\/#\/schema\/logo\/image\/","url":"https:\/\/hollandaquasight.com\/wp-content\/uploads\/2023\/03\/HAS_brand_1x1.jpg","contentUrl":"https:\/\/hollandaquasight.com\/wp-content\/uploads\/2023\/03\/HAS_brand_1x1.jpg","width":697,"height":697,"caption":"Holland Aqua Sight"},"image":{"@id":"https:\/\/hollandaquasight.com\/es\/#\/schema\/logo\/image\/"}}]}},"_links":{"self":[{"href":"https:\/\/hollandaquasight.com\/es\/wp-json\/wp\/v2\/pages\/10467","targetHints":{"allow":["GET"]}}],"collection":[{"href":"https:\/\/hollandaquasight.com\/es\/wp-json\/wp\/v2\/pages"}],"about":[{"href":"https:\/\/hollandaquasight.com\/es\/wp-json\/wp\/v2\/types\/page"}],"author":[{"embeddable":true,"href":"https:\/\/hollandaquasight.com\/es\/wp-json\/wp\/v2\/users\/6"}],"replies":[{"embeddable":true,"href":"https:\/\/hollandaquasight.com\/es\/wp-json\/wp\/v2\/comments?post=10467"}],"version-history":[{"count":2,"href":"https:\/\/hollandaquasight.com\/es\/wp-json\/wp\/v2\/pages\/10467\/revisions"}],"predecessor-version":[{"id":12350,"href":"https:\/\/hollandaquasight.com\/es\/wp-json\/wp\/v2\/pages\/10467\/revisions\/12350"}],"wp:featuredmedia":[{"embeddable":true,"href":"https:\/\/hollandaquasight.com\/es\/wp-json\/wp\/v2\/media\/8747"}],"wp:attachment":[{"href":"https:\/\/hollandaquasight.com\/es\/wp-json\/wp\/v2\/media?parent=10467"}],"curies":[{"name":"wp","href":"https:\/\/api.w.org\/{rel}","templated":true}]}}