{"id":11401,"date":"2019-07-16T14:19:42","date_gmt":"2019-07-16T12:19:42","guid":{"rendered":"https:\/\/hollandaquasight.com\/staging\/fondo-movil\/"},"modified":"2024-04-09T14:28:04","modified_gmt":"2024-04-09T12:28:04","slug":"fondo-movil","status":"publish","type":"page","link":"https:\/\/hollandaquasight.com\/es\/fondo-movil\/","title":{"rendered":"Fondo m\u00f3vil"},"content":{"rendered":"\r\n<p>Imag\u00ednatelo. En un momento es un sal\u00f3n normal y al siguiente el mismo espacio se convierte en una piscina. Eso es posible con un suelo m\u00f3vil de Holland Aqua Sight.<\/p>\r\n\r\n\r\n\r\n<p>Un suelo m\u00f3vil interior es uno de esos proyectos que constituyen la especializaci\u00f3n de nuestra empresa. Llevamos a\u00f1os desarrollando suelos para piscinas. Tras haber adquirido estos conocimientos gracias a las piscinas p\u00fablicas, hemos seguido desarrollando los suelos en nuestra propia empresa para el sector privado. Lo hacemos junto con nuestros colegas de Variopool. En esto, ahora somos l\u00edderes del mercado. Tambi\u00e9n disponemos de las patentes necesarias para estos suelos de <a href=\"https:\/\/hollandaquasight.com\/es\/proyectos\/\">piscinas privadas<\/a>, porque estamos constantemente innovando y haciendo ajustes. As\u00ed que siempre obtendr\u00e1 lo mejor disponible en este mercado.<\/p>\r\n<h2>C\u00f3mo funciona un suelo ajustable<\/h2>\r\n<p>Todos nuestros fondos s\u00f3lo quieren una cosa y es flotar. Mediante un cilindro, el fondo se tira hacia abajo y se crea la piscina privada. A trav\u00e9s de controles electr\u00f3nicos en la pared, puede ajustar el fondo a diferentes profundidades. Esto es especialmente pr\u00e1ctico si, por ejemplo, los ni\u00f1os m\u00e1s peque\u00f1os quieren nadar o jugar en ella.<\/p>\r\n<h2>Un fondo de piscina m\u00f3vil ofrece posibilidades<\/h2>\r\n<p>\u00bfYa ha nadado bastante? Entonces se vuelve a activar el fondo y todo el suelo se levanta y la habitaci\u00f3n se puede volver a utilizar para una fiesta, por ejemplo. Pero esto es s\u00f3lo un ejemplo. Piense en una terraza que se pueda bajar. Durante el d\u00eda puedes ba\u00f1arte y por la noche puedes poner mesas y sillas. Podemos cubrir el fondo con cualquier material. Desde baldosas de m\u00e1rmol hasta completamente transparente. No tiene que preocuparse por el peso, porque la flotabilidad de nuestros suelos es \u00fanica.<\/p>\r\n<p>\r\n\r\n<\/p>\r\n<figure class=\"wp-block-gallery columns-3 is-cropped wp-block-gallery-1 is-layout-flex wp-block-gallery-is-layout-flex\"><\/figure>\r\n<p>\r\n\r\n<\/p>\r\n<h2 class=\"wp-block-heading\">\u00bfCu\u00e1nto cuesta un suelo m\u00f3vil?<\/h2>\r\n<p>El coste de un suelo m\u00f3vil depende de sus necesidades, de los materiales utilizados, del tipo de acabado de la cubierta que desee y, por supuesto, del tama\u00f1o del suelo. La mejor manera de obtener una indicaci\u00f3n del precio es ponerse en contacto con nuestro personal para que podamos prepararle un presupuesto sin compromiso.<\/p>\r\n<h3>El acabado<\/h3>\r\n<p>El acabado de la capa superior de su suelo m\u00f3vil puede <a href=\"https:\/\/hollandaquasight.com\/es\/proyectos\/\"><strong>realizarse<\/strong><\/a> en casi cualquier dise\u00f1o. Esta capa superior tendr\u00e1 el mismo aspecto que su terraza, convirti\u00e9ndola en una unidad. Esta capa se puede acabar con piedra caliza, porcelana, m\u00e1rmol, mosaico de vidrio, granito y mucho m\u00e1s. S\u00f3lo tiene que preguntar a nuestros gestores de cuentas y escuchar y ver cu\u00e1les son las posibilidades. Le sorprender\u00e1n las posibilidades. Las posibilidades son infinitas.<\/p>\r\n<p>Eche un vistazo a algunos de los proyectos que hemos realizado. \u00bfTiene alguna pregunta? P\u00f3ngase en <a href=\"https:\/\/hollandaquasight.com\/es\/contacto\/\">contacto<\/a> con nuestros gestores de cuentas internacionales.\u00a0<\/p>\r\n<p><\/p>","protected":false},"excerpt":{"rendered":"<p>Imag\u00ednatelo. En un momento es un sal\u00f3n normal y al siguiente el mismo espacio se convierte en una piscina. Eso [&hellip;]<\/p>\n","protected":false},"author":6,"featured_media":12140,"parent":0,"menu_order":0,"comment_status":"closed","ping_status":"closed","template":"","meta":{"_acf_changed":false,"footnotes":""},"class_list":["post-11401","page","type-page","status-publish","has-post-thumbnail","hentry"],"acf":[],"yoast_head":"<!-- This site is optimized with the Yoast SEO Premium plugin v25.9 (Yoast SEO v26.3) - https:\/\/yoast.com\/wordpress\/plugins\/seo\/ -->\n<title>\u00bfC\u00f3mo funciona un fondo m\u00f3vil para piscina privada?<\/title>\n<meta name=\"description\" content=\"Puede ajustar el fondo m\u00f3vil de su piscina privada a la profundidad que desee mediante un mando transparente.\" \/>\n<meta name=\"robots\" content=\"index, follow, max-snippet:-1, max-image-preview:large, max-video-preview:-1\" \/>\n<link rel=\"canonical\" href=\"https:\/\/hollandaquasight.com\/es\/fondo-movil\/\" \/>\n<meta property=\"og:locale\" content=\"es_ES\" \/>\n<meta property=\"og:type\" content=\"article\" \/>\n<meta property=\"og:title\" content=\"Fondo m\u00f3vil\" \/>\n<meta property=\"og:description\" content=\"Puede ajustar el fondo m\u00f3vil de su piscina privada a la profundidad que desee mediante un mando transparente.\" \/>\n<meta property=\"og:url\" content=\"https:\/\/hollandaquasight.com\/es\/fondo-movil\/\" \/>\n<meta property=\"og:site_name\" content=\"Holland Aqua Sight\" \/>\n<meta property=\"article:modified_time\" content=\"2024-04-09T12:28:04+00:00\" \/>\n<meta property=\"og:image\" content=\"https:\/\/hollandaquasight.com\/wp-content\/uploads\/2023\/03\/Movable-floor-private-pool.jpg\" \/>\n\t<meta property=\"og:image:width\" content=\"1200\" \/>\n\t<meta property=\"og:image:height\" content=\"400\" \/>\n\t<meta property=\"og:image:type\" content=\"image\/jpeg\" \/>\n<meta name=\"twitter:card\" content=\"summary_large_image\" \/>\n<meta name=\"twitter:label1\" content=\"Tiempo de lectura\" \/>\n\t<meta name=\"twitter:data1\" content=\"3 minutos\" \/>\n<script type=\"application\/ld+json\" class=\"yoast-schema-graph\">{\"@context\":\"https:\/\/schema.org\",\"@graph\":[{\"@type\":\"WebPage\",\"@id\":\"https:\/\/hollandaquasight.com\/es\/fondo-movil\/\",\"url\":\"https:\/\/hollandaquasight.com\/es\/fondo-movil\/\",\"name\":\"\u00bfC\u00f3mo funciona un fondo m\u00f3vil para piscina privada?\",\"isPartOf\":{\"@id\":\"https:\/\/hollandaquasight.com\/es\/#website\"},\"primaryImageOfPage\":{\"@id\":\"https:\/\/hollandaquasight.com\/es\/fondo-movil\/#primaryimage\"},\"image\":{\"@id\":\"https:\/\/hollandaquasight.com\/es\/fondo-movil\/#primaryimage\"},\"thumbnailUrl\":\"https:\/\/hollandaquasight.com\/wp-content\/uploads\/2023\/03\/Movable-floor-private-pool.jpg\",\"datePublished\":\"2019-07-16T12:19:42+00:00\",\"dateModified\":\"2024-04-09T12:28:04+00:00\",\"description\":\"Puede ajustar el fondo m\u00f3vil de su piscina privada a la profundidad que desee mediante un mando transparente.\",\"breadcrumb\":{\"@id\":\"https:\/\/hollandaquasight.com\/es\/fondo-movil\/#breadcrumb\"},\"inLanguage\":\"es\",\"potentialAction\":[{\"@type\":\"ReadAction\",\"target\":[\"https:\/\/hollandaquasight.com\/es\/fondo-movil\/\"]}]},{\"@type\":\"ImageObject\",\"inLanguage\":\"es\",\"@id\":\"https:\/\/hollandaquasight.com\/es\/fondo-movil\/#primaryimage\",\"url\":\"https:\/\/hollandaquasight.com\/wp-content\/uploads\/2023\/03\/Movable-floor-private-pool.jpg\",\"contentUrl\":\"https:\/\/hollandaquasight.com\/wp-content\/uploads\/2023\/03\/Movable-floor-private-pool.jpg\",\"width\":1200,\"height\":400,\"caption\":\"beweegbare bodem\"},{\"@type\":\"BreadcrumbList\",\"@id\":\"https:\/\/hollandaquasight.com\/es\/fondo-movil\/#breadcrumb\",\"itemListElement\":[{\"@type\":\"ListItem\",\"position\":1,\"name\":\"Home\",\"item\":\"https:\/\/hollandaquasight.com\/es\/\"},{\"@type\":\"ListItem\",\"position\":2,\"name\":\"Fondo m\u00f3vil\"}]},{\"@type\":\"WebSite\",\"@id\":\"https:\/\/hollandaquasight.com\/es\/#website\",\"url\":\"https:\/\/hollandaquasight.com\/es\/\",\"name\":\"Holland Aqua Sight\",\"description\":\"Onderwaterramen en beweegbare zwembadvloeren\",\"publisher\":{\"@id\":\"https:\/\/hollandaquasight.com\/es\/#organization\"},\"potentialAction\":[{\"@type\":\"SearchAction\",\"target\":{\"@type\":\"EntryPoint\",\"urlTemplate\":\"https:\/\/hollandaquasight.com\/es\/?s={search_term_string}\"},\"query-input\":{\"@type\":\"PropertyValueSpecification\",\"valueRequired\":true,\"valueName\":\"search_term_string\"}}],\"inLanguage\":\"es\"},{\"@type\":\"Organization\",\"@id\":\"https:\/\/hollandaquasight.com\/es\/#organization\",\"name\":\"Holland Aqua Sight\",\"alternateName\":\"HAS\",\"url\":\"https:\/\/hollandaquasight.com\/es\/\",\"logo\":{\"@type\":\"ImageObject\",\"inLanguage\":\"es\",\"@id\":\"https:\/\/hollandaquasight.com\/es\/#\/schema\/logo\/image\/\",\"url\":\"https:\/\/hollandaquasight.com\/wp-content\/uploads\/2023\/03\/HAS_brand_1x1.jpg\",\"contentUrl\":\"https:\/\/hollandaquasight.com\/wp-content\/uploads\/2023\/03\/HAS_brand_1x1.jpg\",\"width\":697,\"height\":697,\"caption\":\"Holland Aqua Sight\"},\"image\":{\"@id\":\"https:\/\/hollandaquasight.com\/es\/#\/schema\/logo\/image\/\"}}]}<\/script>\n<!-- \/ Yoast SEO Premium plugin. -->","yoast_head_json":{"title":"\u00bfC\u00f3mo funciona un fondo m\u00f3vil para piscina privada?","description":"Puede ajustar el fondo m\u00f3vil de su piscina privada a la profundidad que desee mediante un mando transparente.","robots":{"index":"index","follow":"follow","max-snippet":"max-snippet:-1","max-image-preview":"max-image-preview:large","max-video-preview":"max-video-preview:-1"},"canonical":"https:\/\/hollandaquasight.com\/es\/fondo-movil\/","og_locale":"es_ES","og_type":"article","og_title":"Fondo m\u00f3vil","og_description":"Puede ajustar el fondo m\u00f3vil de su piscina privada a la profundidad que desee mediante un mando transparente.","og_url":"https:\/\/hollandaquasight.com\/es\/fondo-movil\/","og_site_name":"Holland Aqua Sight","article_modified_time":"2024-04-09T12:28:04+00:00","og_image":[{"width":1200,"height":400,"url":"https:\/\/hollandaquasight.com\/wp-content\/uploads\/2023\/03\/Movable-floor-private-pool.jpg","type":"image\/jpeg"}],"twitter_card":"summary_large_image","twitter_misc":{"Tiempo de lectura":"3 minutos"},"schema":{"@context":"https:\/\/schema.org","@graph":[{"@type":"WebPage","@id":"https:\/\/hollandaquasight.com\/es\/fondo-movil\/","url":"https:\/\/hollandaquasight.com\/es\/fondo-movil\/","name":"\u00bfC\u00f3mo funciona un fondo m\u00f3vil para piscina privada?","isPartOf":{"@id":"https:\/\/hollandaquasight.com\/es\/#website"},"primaryImageOfPage":{"@id":"https:\/\/hollandaquasight.com\/es\/fondo-movil\/#primaryimage"},"image":{"@id":"https:\/\/hollandaquasight.com\/es\/fondo-movil\/#primaryimage"},"thumbnailUrl":"https:\/\/hollandaquasight.com\/wp-content\/uploads\/2023\/03\/Movable-floor-private-pool.jpg","datePublished":"2019-07-16T12:19:42+00:00","dateModified":"2024-04-09T12:28:04+00:00","description":"Puede ajustar el fondo m\u00f3vil de su piscina privada a la profundidad que desee mediante un mando transparente.","breadcrumb":{"@id":"https:\/\/hollandaquasight.com\/es\/fondo-movil\/#breadcrumb"},"inLanguage":"es","potentialAction":[{"@type":"ReadAction","target":["https:\/\/hollandaquasight.com\/es\/fondo-movil\/"]}]},{"@type":"ImageObject","inLanguage":"es","@id":"https:\/\/hollandaquasight.com\/es\/fondo-movil\/#primaryimage","url":"https:\/\/hollandaquasight.com\/wp-content\/uploads\/2023\/03\/Movable-floor-private-pool.jpg","contentUrl":"https:\/\/hollandaquasight.com\/wp-content\/uploads\/2023\/03\/Movable-floor-private-pool.jpg","width":1200,"height":400,"caption":"beweegbare bodem"},{"@type":"BreadcrumbList","@id":"https:\/\/hollandaquasight.com\/es\/fondo-movil\/#breadcrumb","itemListElement":[{"@type":"ListItem","position":1,"name":"Home","item":"https:\/\/hollandaquasight.com\/es\/"},{"@type":"ListItem","position":2,"name":"Fondo m\u00f3vil"}]},{"@type":"WebSite","@id":"https:\/\/hollandaquasight.com\/es\/#website","url":"https:\/\/hollandaquasight.com\/es\/","name":"Holland Aqua Sight","description":"Onderwaterramen en beweegbare zwembadvloeren","publisher":{"@id":"https:\/\/hollandaquasight.com\/es\/#organization"},"potentialAction":[{"@type":"SearchAction","target":{"@type":"EntryPoint","urlTemplate":"https:\/\/hollandaquasight.com\/es\/?s={search_term_string}"},"query-input":{"@type":"PropertyValueSpecification","valueRequired":true,"valueName":"search_term_string"}}],"inLanguage":"es"},{"@type":"Organization","@id":"https:\/\/hollandaquasight.com\/es\/#organization","name":"Holland Aqua Sight","alternateName":"HAS","url":"https:\/\/hollandaquasight.com\/es\/","logo":{"@type":"ImageObject","inLanguage":"es","@id":"https:\/\/hollandaquasight.com\/es\/#\/schema\/logo\/image\/","url":"https:\/\/hollandaquasight.com\/wp-content\/uploads\/2023\/03\/HAS_brand_1x1.jpg","contentUrl":"https:\/\/hollandaquasight.com\/wp-content\/uploads\/2023\/03\/HAS_brand_1x1.jpg","width":697,"height":697,"caption":"Holland Aqua Sight"},"image":{"@id":"https:\/\/hollandaquasight.com\/es\/#\/schema\/logo\/image\/"}}]}},"_links":{"self":[{"href":"https:\/\/hollandaquasight.com\/es\/wp-json\/wp\/v2\/pages\/11401","targetHints":{"allow":["GET"]}}],"collection":[{"href":"https:\/\/hollandaquasight.com\/es\/wp-json\/wp\/v2\/pages"}],"about":[{"href":"https:\/\/hollandaquasight.com\/es\/wp-json\/wp\/v2\/types\/page"}],"author":[{"embeddable":true,"href":"https:\/\/hollandaquasight.com\/es\/wp-json\/wp\/v2\/users\/6"}],"replies":[{"embeddable":true,"href":"https:\/\/hollandaquasight.com\/es\/wp-json\/wp\/v2\/comments?post=11401"}],"version-history":[{"count":10,"href":"https:\/\/hollandaquasight.com\/es\/wp-json\/wp\/v2\/pages\/11401\/revisions"}],"predecessor-version":[{"id":12980,"href":"https:\/\/hollandaquasight.com\/es\/wp-json\/wp\/v2\/pages\/11401\/revisions\/12980"}],"wp:featuredmedia":[{"embeddable":true,"href":"https:\/\/hollandaquasight.com\/es\/wp-json\/wp\/v2\/media\/12140"}],"wp:attachment":[{"href":"https:\/\/hollandaquasight.com\/es\/wp-json\/wp\/v2\/media?parent=11401"}],"curies":[{"name":"wp","href":"https:\/\/api.w.org\/{rel}","templated":true}]}}