{"id":9107,"date":"2015-09-25T11:12:59","date_gmt":"2015-09-25T09:12:59","guid":{"rendered":"https:\/\/hollandaquasight.com\/staging\/ventanas-subacuaticas-de-piscina-piscinas-transparentes-y-fondos-moviles-de-piscinas\/"},"modified":"2023-03-28T11:54:27","modified_gmt":"2023-03-28T09:54:27","slug":"ventanas-subacuaticas-de-piscina-piscinas-transparentes-y-fondos-moviles-de-piscinas","status":"publish","type":"page","link":"https:\/\/hollandaquasight.com\/es\/","title":{"rendered":"Ventanas subacu\u00e1ticas de piscina, piscinas transparentes y fondos m\u00f3viles de piscinas"},"content":{"rendered":"<p>Holland Aqua Sight es una compa\u00f1\u00eda holandesa con sede en Oudkarspel. Somos especialistas en ingenier\u00eda, suministro e instalaci\u00f3n de ventanas subacu\u00e1ticas transparentes de cristal acr\u00edlico de plexiglas\u00ae y fondos m\u00f3viles por todo el mundo. Nos centramos en el mercado de la piscina privada con una visi\u00f3n distinguida y una colaboraci\u00f3n transparente.<\/p>\n<p>Somos parte del <a href=\"https:\/\/variopool.co.uk\/movable-pool-floor\/\" target=\"_blank\" rel=\"noopener\">Variopool group<\/a> que existe desde hace casi 50 a\u00f1os. Trabajamos conjuntamente con cincuenta personas divididas en varias especialidades: ingenier\u00eda, gesti\u00f3n de proyectos, instaladores y desarrollo de productos. Nuestros socios son arquitectos, constructores de piscinas y equipos de construcci\u00f3n a nivel nacional e internacional. Con el sistema de fondo m\u00f3vil \u00fanico, Variopool se centra en piscinas ol\u00edmpicas y de competici\u00f3n, piscinas p\u00fablicas, piscinas de deporte y de <a href=\"https:\/\/variomedic.nl\/en\/\" target=\"_blank\" rel=\"noopener\">hidroterapia<\/a>.<\/p>\n<p><strong>OCIO Y LUJO CON DISE\u00d1OS DE PISCINA CONVENTANA O FONDO MOV\u00cdL<\/strong><\/p>\n<p>Mejore la iluminaci\u00f3n en la zona de ocio subterr\u00e1neo, el vest\u00edbulo, las habitaciones de hotel o su casa privada, con piscinas transparentes de dise\u00f1os llamativos. En lugar de piscinas de vidrio tradicional proporcionamos una mayor transmisi\u00f3n de luz del 92%. A\u00f1ada a su entorno esa sensaci\u00f3n de lujo adicional y convierta su piscina en parte de su hogar. Nuestro equipo le ayudar\u00e1 durante todo el proceso. La calidad, los conocimientos y la durabilidad son parte de nuestro ADN.<\/p>\n<p>Una piscina con fondo m\u00f3vil es otra ventaja para su confort. No hace falta que elija entre ocio acu\u00e1tico o superficie. Ajuste el nivel a profundidad de inmersi\u00f3n, o convi\u00e9rtalo en pocos minutos en un parque infantil seguro para los ni\u00f1os. Cuando est\u00e1 cerrado totalmente se puede usar como pista de baile, plaza de aparcamiento, extensi\u00f3n de su terraza o sala de estar. Crear una piscina privada escondida en el interior o exterior. Gracias a los c\u00e1lculos personalizados podemos tener en cuenta cualquier acabado superficial. El sistema de compra se ha dise\u00f1ado para que el suelo resista hasta 100 kg\/m2.<\/p>\n<p>Elija su propio acabado como m\u00e1rmol y dise\u00f1e su propio suelo. Adem\u00e1s, \u00a1mantiene su piscina limpia y ahorra energ\u00eda!<\/p>\n","protected":false},"excerpt":{"rendered":"<p>Holland Aqua Sight es una compa\u00f1\u00eda holandesa con sede en Oudkarspel. Somos especialistas en ingenier\u00eda, suministro e instalaci\u00f3n de ventanas [&hellip;]<\/p>\n","protected":false},"author":6,"featured_media":11366,"parent":0,"menu_order":0,"comment_status":"closed","ping_status":"closed","template":"","meta":{"_acf_changed":false,"footnotes":""},"class_list":["post-9107","page","type-page","status-publish","has-post-thumbnail","hentry"],"acf":[],"yoast_head":"<!-- This site is optimized with the Yoast SEO Premium plugin v25.9 (Yoast SEO v26.3) - https:\/\/yoast.com\/wordpress\/plugins\/seo\/ -->\n<title>Ventanas subacu\u00e1ticas de piscina y fondos m\u00f3viles de piscinas<\/title>\n<meta name=\"description\" content=\"Holland Aqua Sight suministra ventanas subacu\u00e1ticas y fondos m\u00f3viles acr\u00edlicos de alta calidad para piscinas privadas.\" \/>\n<meta name=\"robots\" content=\"index, follow, max-snippet:-1, max-image-preview:large, max-video-preview:-1\" \/>\n<link rel=\"canonical\" href=\"https:\/\/hollandaquasight.com\/es\/\" \/>\n<meta property=\"og:locale\" content=\"es_ES\" \/>\n<meta property=\"og:type\" content=\"article\" \/>\n<meta property=\"og:title\" content=\"Ventanas subacu\u00e1ticas de piscina, piscinas transparentes y fondos m\u00f3viles de piscinas\" \/>\n<meta property=\"og:description\" content=\"Holland Aqua Sight suministra ventanas subacu\u00e1ticas y fondos m\u00f3viles acr\u00edlicos de alta calidad para piscinas privadas.\" \/>\n<meta property=\"og:url\" content=\"https:\/\/hollandaquasight.com\/es\/\" \/>\n<meta property=\"og:site_name\" content=\"Holland Aqua Sight\" \/>\n<meta property=\"article:modified_time\" content=\"2023-03-28T09:54:27+00:00\" \/>\n<meta property=\"og:image\" content=\"https:\/\/hollandaquasight.com\/wp-content\/uploads\/2023\/03\/Holland-Aqua-Sight-1_1920x1280.jpg\" \/>\n\t<meta property=\"og:image:width\" content=\"1920\" \/>\n\t<meta property=\"og:image:height\" content=\"1280\" \/>\n\t<meta property=\"og:image:type\" content=\"image\/jpeg\" \/>\n<meta name=\"twitter:card\" content=\"summary_large_image\" \/>\n<meta name=\"twitter:label1\" content=\"Tiempo de lectura\" \/>\n\t<meta name=\"twitter:data1\" content=\"2 minutos\" \/>\n<script type=\"application\/ld+json\" class=\"yoast-schema-graph\">{\"@context\":\"https:\/\/schema.org\",\"@graph\":[{\"@type\":\"WebPage\",\"@id\":\"https:\/\/hollandaquasight.com\/es\/\",\"url\":\"https:\/\/hollandaquasight.com\/es\/\",\"name\":\"Ventanas subacu\u00e1ticas de piscina y fondos m\u00f3viles de piscinas\",\"isPartOf\":{\"@id\":\"https:\/\/hollandaquasight.com\/es\/#website\"},\"primaryImageOfPage\":{\"@id\":\"https:\/\/hollandaquasight.com\/es\/#primaryimage\"},\"image\":{\"@id\":\"https:\/\/hollandaquasight.com\/es\/#primaryimage\"},\"thumbnailUrl\":\"https:\/\/hollandaquasight.com\/wp-content\/uploads\/2023\/03\/Holland-Aqua-Sight-1_1920x1280.jpg\",\"datePublished\":\"2015-09-25T09:12:59+00:00\",\"dateModified\":\"2023-03-28T09:54:27+00:00\",\"description\":\"Holland Aqua Sight suministra ventanas subacu\u00e1ticas y fondos m\u00f3viles acr\u00edlicos de alta calidad para piscinas privadas.\",\"breadcrumb\":{\"@id\":\"https:\/\/hollandaquasight.com\/es\/#breadcrumb\"},\"inLanguage\":\"es\",\"potentialAction\":[{\"@type\":\"ReadAction\",\"target\":[\"https:\/\/hollandaquasight.com\/es\/\"]}]},{\"@type\":\"ImageObject\",\"inLanguage\":\"es\",\"@id\":\"https:\/\/hollandaquasight.com\/es\/#primaryimage\",\"url\":\"https:\/\/hollandaquasight.com\/wp-content\/uploads\/2023\/03\/Holland-Aqua-Sight-1_1920x1280.jpg\",\"contentUrl\":\"https:\/\/hollandaquasight.com\/wp-content\/uploads\/2023\/03\/Holland-Aqua-Sight-1_1920x1280.jpg\",\"width\":1920,\"height\":1280,\"caption\":\"Holland Aqua Sight\"},{\"@type\":\"BreadcrumbList\",\"@id\":\"https:\/\/hollandaquasight.com\/es\/#breadcrumb\",\"itemListElement\":[{\"@type\":\"ListItem\",\"position\":1,\"name\":\"Home\",\"item\":\"https:\/\/hollandaquasight.com\/es\/\"},{\"@type\":\"ListItem\",\"position\":2,\"name\":\"Ventanas subacu\u00e1ticas de piscina, piscinas transparentes y fondos m\u00f3viles de piscinas\"}]},{\"@type\":\"WebSite\",\"@id\":\"https:\/\/hollandaquasight.com\/es\/#website\",\"url\":\"https:\/\/hollandaquasight.com\/es\/\",\"name\":\"Holland Aqua Sight\",\"description\":\"Onderwaterramen en beweegbare zwembadvloeren\",\"publisher\":{\"@id\":\"https:\/\/hollandaquasight.com\/es\/#organization\"},\"potentialAction\":[{\"@type\":\"SearchAction\",\"target\":{\"@type\":\"EntryPoint\",\"urlTemplate\":\"https:\/\/hollandaquasight.com\/es\/?s={search_term_string}\"},\"query-input\":{\"@type\":\"PropertyValueSpecification\",\"valueRequired\":true,\"valueName\":\"search_term_string\"}}],\"inLanguage\":\"es\"},{\"@type\":\"Organization\",\"@id\":\"https:\/\/hollandaquasight.com\/es\/#organization\",\"name\":\"Holland Aqua Sight\",\"alternateName\":\"HAS\",\"url\":\"https:\/\/hollandaquasight.com\/es\/\",\"logo\":{\"@type\":\"ImageObject\",\"inLanguage\":\"es\",\"@id\":\"https:\/\/hollandaquasight.com\/es\/#\/schema\/logo\/image\/\",\"url\":\"https:\/\/hollandaquasight.com\/wp-content\/uploads\/2023\/03\/HAS_brand_1x1.jpg\",\"contentUrl\":\"https:\/\/hollandaquasight.com\/wp-content\/uploads\/2023\/03\/HAS_brand_1x1.jpg\",\"width\":697,\"height\":697,\"caption\":\"Holland Aqua Sight\"},\"image\":{\"@id\":\"https:\/\/hollandaquasight.com\/es\/#\/schema\/logo\/image\/\"}}]}<\/script>\n<!-- \/ Yoast SEO Premium plugin. -->","yoast_head_json":{"title":"Ventanas subacu\u00e1ticas de piscina y fondos m\u00f3viles de piscinas","description":"Holland Aqua Sight suministra ventanas subacu\u00e1ticas y fondos m\u00f3viles acr\u00edlicos de alta calidad para piscinas privadas.","robots":{"index":"index","follow":"follow","max-snippet":"max-snippet:-1","max-image-preview":"max-image-preview:large","max-video-preview":"max-video-preview:-1"},"canonical":"https:\/\/hollandaquasight.com\/es\/","og_locale":"es_ES","og_type":"article","og_title":"Ventanas subacu\u00e1ticas de piscina, piscinas transparentes y fondos m\u00f3viles de piscinas","og_description":"Holland Aqua Sight suministra ventanas subacu\u00e1ticas y fondos m\u00f3viles acr\u00edlicos de alta calidad para piscinas privadas.","og_url":"https:\/\/hollandaquasight.com\/es\/","og_site_name":"Holland Aqua Sight","article_modified_time":"2023-03-28T09:54:27+00:00","og_image":[{"width":1920,"height":1280,"url":"https:\/\/hollandaquasight.com\/wp-content\/uploads\/2023\/03\/Holland-Aqua-Sight-1_1920x1280.jpg","type":"image\/jpeg"}],"twitter_card":"summary_large_image","twitter_misc":{"Tiempo de lectura":"2 minutos"},"schema":{"@context":"https:\/\/schema.org","@graph":[{"@type":"WebPage","@id":"https:\/\/hollandaquasight.com\/es\/","url":"https:\/\/hollandaquasight.com\/es\/","name":"Ventanas subacu\u00e1ticas de piscina y fondos m\u00f3viles de piscinas","isPartOf":{"@id":"https:\/\/hollandaquasight.com\/es\/#website"},"primaryImageOfPage":{"@id":"https:\/\/hollandaquasight.com\/es\/#primaryimage"},"image":{"@id":"https:\/\/hollandaquasight.com\/es\/#primaryimage"},"thumbnailUrl":"https:\/\/hollandaquasight.com\/wp-content\/uploads\/2023\/03\/Holland-Aqua-Sight-1_1920x1280.jpg","datePublished":"2015-09-25T09:12:59+00:00","dateModified":"2023-03-28T09:54:27+00:00","description":"Holland Aqua Sight suministra ventanas subacu\u00e1ticas y fondos m\u00f3viles acr\u00edlicos de alta calidad para piscinas privadas.","breadcrumb":{"@id":"https:\/\/hollandaquasight.com\/es\/#breadcrumb"},"inLanguage":"es","potentialAction":[{"@type":"ReadAction","target":["https:\/\/hollandaquasight.com\/es\/"]}]},{"@type":"ImageObject","inLanguage":"es","@id":"https:\/\/hollandaquasight.com\/es\/#primaryimage","url":"https:\/\/hollandaquasight.com\/wp-content\/uploads\/2023\/03\/Holland-Aqua-Sight-1_1920x1280.jpg","contentUrl":"https:\/\/hollandaquasight.com\/wp-content\/uploads\/2023\/03\/Holland-Aqua-Sight-1_1920x1280.jpg","width":1920,"height":1280,"caption":"Holland Aqua Sight"},{"@type":"BreadcrumbList","@id":"https:\/\/hollandaquasight.com\/es\/#breadcrumb","itemListElement":[{"@type":"ListItem","position":1,"name":"Home","item":"https:\/\/hollandaquasight.com\/es\/"},{"@type":"ListItem","position":2,"name":"Ventanas subacu\u00e1ticas de piscina, piscinas transparentes y fondos m\u00f3viles de piscinas"}]},{"@type":"WebSite","@id":"https:\/\/hollandaquasight.com\/es\/#website","url":"https:\/\/hollandaquasight.com\/es\/","name":"Holland Aqua Sight","description":"Onderwaterramen en beweegbare zwembadvloeren","publisher":{"@id":"https:\/\/hollandaquasight.com\/es\/#organization"},"potentialAction":[{"@type":"SearchAction","target":{"@type":"EntryPoint","urlTemplate":"https:\/\/hollandaquasight.com\/es\/?s={search_term_string}"},"query-input":{"@type":"PropertyValueSpecification","valueRequired":true,"valueName":"search_term_string"}}],"inLanguage":"es"},{"@type":"Organization","@id":"https:\/\/hollandaquasight.com\/es\/#organization","name":"Holland Aqua Sight","alternateName":"HAS","url":"https:\/\/hollandaquasight.com\/es\/","logo":{"@type":"ImageObject","inLanguage":"es","@id":"https:\/\/hollandaquasight.com\/es\/#\/schema\/logo\/image\/","url":"https:\/\/hollandaquasight.com\/wp-content\/uploads\/2023\/03\/HAS_brand_1x1.jpg","contentUrl":"https:\/\/hollandaquasight.com\/wp-content\/uploads\/2023\/03\/HAS_brand_1x1.jpg","width":697,"height":697,"caption":"Holland Aqua Sight"},"image":{"@id":"https:\/\/hollandaquasight.com\/es\/#\/schema\/logo\/image\/"}}]}},"_links":{"self":[{"href":"https:\/\/hollandaquasight.com\/es\/wp-json\/wp\/v2\/pages\/9107","targetHints":{"allow":["GET"]}}],"collection":[{"href":"https:\/\/hollandaquasight.com\/es\/wp-json\/wp\/v2\/pages"}],"about":[{"href":"https:\/\/hollandaquasight.com\/es\/wp-json\/wp\/v2\/types\/page"}],"author":[{"embeddable":true,"href":"https:\/\/hollandaquasight.com\/es\/wp-json\/wp\/v2\/users\/6"}],"replies":[{"embeddable":true,"href":"https:\/\/hollandaquasight.com\/es\/wp-json\/wp\/v2\/comments?post=9107"}],"version-history":[{"count":3,"href":"https:\/\/hollandaquasight.com\/es\/wp-json\/wp\/v2\/pages\/9107\/revisions"}],"predecessor-version":[{"id":12162,"href":"https:\/\/hollandaquasight.com\/es\/wp-json\/wp\/v2\/pages\/9107\/revisions\/12162"}],"wp:featuredmedia":[{"embeddable":true,"href":"https:\/\/hollandaquasight.com\/es\/wp-json\/wp\/v2\/media\/11366"}],"wp:attachment":[{"href":"https:\/\/hollandaquasight.com\/es\/wp-json\/wp\/v2\/media?parent=9107"}],"curies":[{"name":"wp","href":"https:\/\/api.w.org\/{rel}","templated":true}]}}