{"id":12324,"date":"2015-09-25T11:12:59","date_gmt":"2015-09-25T09:12:59","guid":{"rendered":"https:\/\/hollandaquasight.com\/?page_id=12324"},"modified":"2023-10-17T13:20:07","modified_gmt":"2023-10-17T11:20:07","slug":"piscines-transparentes-et-fonds-mobiles-de-piscines","status":"publish","type":"page","link":"https:\/\/hollandaquasight.com\/fr\/","title":{"rendered":"Piscines transparentes et fonds mobiles de piscines"},"content":{"rendered":"<p>Holland Aqua Sight est une soci\u00e9t\u00e9 hollandaise bas\u00e9e \u00e0 Oudkarspel. Nous sommes sp\u00e9cialis\u00e9s dans la conception, la fabrication et l\u2019installation de fen\u00eatres sous-marines et de <a href=\"https:\/\/hollandaquasight.com\/fr\/le-fonds-mobile-bassins-prives\/\">fonds mobiles<\/a> de piscines en acrylique transparent Plexiglas\u00ae. Nous sommes pr\u00e9sents dans le monde entier.<br \/>\nNous nous concentrons sur le march\u00e9 de la piscine priv\u00e9e, en apportant une vision nouvelle et une collaboration transparente \u00e0 nos clients. Notre groupe, Variopool a \u00e9t\u00e9 cr\u00e9\u00e9 il y a pr\u00e8s de 50 ans et emploie une cinquantaine de collaborateurs, dans diff\u00e9rentes sp\u00e9cialit\u00e9s : ing\u00e9nierie, gestion de projet, installations, d\u00e9veloppement de produit. Nos partenaires de travail sont les architectes, les constructeurs de piscines, les conducteurs de travaux, sur <a href=\"https:\/\/hollandaquasight.com\/fr\/projets\/\">des projets<\/a> nationaux et internationaux. VARIOPOOL a d\u00e9velopp\u00e9 son propre concept de fond mobile pour les piscines de comp\u00e9titions, les piscines publiques, les bassins sportifs et d\u2019hydroth\u00e9rapie.<\/p>\n<h2>LE PLAISIR ET LE LUXE D\u2019UNE PISCINE SUR MESURE<\/h2>\n<p>Profitez d\u2019une infinit\u00e9 de vues de votre piscine ou maison. Am\u00e9liorez la distribution de lumi\u00e8re de votre lobby, de vos salles de sport, de vos chambres d\u2019h\u00f4tels, de votre maison, avec un \u00e9tonnant bassin transparent design. Au lieu du verre traditionnel, nous proposons des plaques coul\u00e9es en <a href=\"https:\/\/hollandaquasight.com\/fr\/avantages-du-verre-acrylique\/\">acrylique Plexiglas<\/a> haute qualit\u00e9 transparent, tr\u00e8s solides tout en permettant une meilleure diffusion de la lumi\u00e8re (92 %). Cela donne \u00e0 votre environnement un cachet particulier, un sentiment de luxe, avec une piscine parfaitement int\u00e9gr\u00e9e \u00e0 votre int\u00e9rieur.<br \/>\nNotre \u00e9quipe est l\u00e0 pour vous assister de A \u00e0 Z. La qualit\u00e9, le savoir-faire, la durabilit\u00e9 sont un souci permanent pour la soci\u00e9t\u00e9 Holland Aqua Sight.<\/p>\n<p>Avec un fond mobile int\u00e9gr\u00e9 \u00e0 votre bassin, vous pouvez transformer en quelques minutes votre piscine en aire de jeux s\u00e9curis\u00e9e pour vos enfants, en terrasse ou piste de dance, ou y garer votre voiture. Vous pouvez choisir vous-m\u00eame la finition, pour en faire quelque chose d\u2019\u00e9tonnant, ou au contraire vous am\u00e9nager un bassin discret qui se fond dans l\u2019environnement. Le fond mobile isole votre piscine, permettant une \u00e9conomie d\u2019\u00e9nergie et une eau pr\u00e9serv\u00e9e, mais il vous offre en plus la possibilit\u00e9 de ne plus choisir entre le luxe des grands espaces ouverts et celui d\u2019une piscine priv\u00e9e.<\/p>\n<p>Si vous souhaitez plus de d\u00e9tails sur les produits Holland Aqua Sight et d\u00e9couvrir toutes les possibilit\u00e9s qu\u2019ils offrent, n\u2019h\u00e9sitez pas \u00e0 parcourir notre site web ou \u00e0 nous retourner le formulaire de contact.<\/p>\n","protected":false},"excerpt":{"rendered":"<p>Holland Aqua Sight est une soci\u00e9t\u00e9 hollandaise bas\u00e9e \u00e0 Oudkarspel. Nous sommes sp\u00e9cialis\u00e9s dans la conception, la fabrication et l\u2019installation [&hellip;]<\/p>\n","protected":false},"author":2,"featured_media":0,"parent":0,"menu_order":0,"comment_status":"closed","ping_status":"closed","template":"","meta":{"_acf_changed":false,"footnotes":""},"class_list":["post-12324","page","type-page","status-publish","hentry"],"acf":[],"yoast_head":"<!-- This site is optimized with the Yoast SEO Premium plugin v25.9 (Yoast SEO v26.3) - https:\/\/yoast.com\/wordpress\/plugins\/seo\/ -->\n<title>Piscines transparentes et fonds mobiles de piscines<\/title>\n<meta name=\"description\" content=\"Nous sommes sp\u00e9cialis\u00e9s dans la conception, la fabrication et l\u2019installation de fen\u00eatres sous-marines et de fonds mobiles de piscines.\" \/>\n<meta name=\"robots\" content=\"index, follow, max-snippet:-1, max-image-preview:large, max-video-preview:-1\" \/>\n<link rel=\"canonical\" href=\"https:\/\/hollandaquasight.com\/fr\/\" \/>\n<meta property=\"og:locale\" content=\"fr_FR\" \/>\n<meta property=\"og:type\" content=\"article\" \/>\n<meta property=\"og:title\" content=\"Piscines transparentes et fonds mobiles de piscines\" \/>\n<meta property=\"og:description\" content=\"Nous sommes sp\u00e9cialis\u00e9s dans la conception, la fabrication et l\u2019installation de fen\u00eatres sous-marines et de fonds mobiles de piscines.\" \/>\n<meta property=\"og:url\" content=\"https:\/\/hollandaquasight.com\/fr\/\" \/>\n<meta property=\"og:site_name\" content=\"Holland Aqua Sight\" \/>\n<meta property=\"article:modified_time\" content=\"2023-10-17T11:20:07+00:00\" \/>\n<meta property=\"og:image\" content=\"https:\/\/hollandaquasight.com\/wp-content\/uploads\/2023\/03\/Holland-Aqua-Sight-26.jpg\" \/>\n\t<meta property=\"og:image:width\" content=\"1200\" \/>\n\t<meta property=\"og:image:height\" content=\"450\" \/>\n\t<meta property=\"og:image:type\" content=\"image\/jpeg\" \/>\n<meta name=\"twitter:card\" content=\"summary_large_image\" \/>\n<meta name=\"twitter:label1\" content=\"Dur\u00e9e de lecture estim\u00e9e\" \/>\n\t<meta name=\"twitter:data1\" content=\"2 minutes\" \/>\n<script type=\"application\/ld+json\" class=\"yoast-schema-graph\">{\"@context\":\"https:\/\/schema.org\",\"@graph\":[{\"@type\":\"WebPage\",\"@id\":\"https:\/\/hollandaquasight.com\/fr\/\",\"url\":\"https:\/\/hollandaquasight.com\/fr\/\",\"name\":\"Piscines transparentes et fonds mobiles de piscines\",\"isPartOf\":{\"@id\":\"https:\/\/hollandaquasight.com\/fr\/#website\"},\"datePublished\":\"2015-09-25T09:12:59+00:00\",\"dateModified\":\"2023-10-17T11:20:07+00:00\",\"description\":\"Nous sommes sp\u00e9cialis\u00e9s dans la conception, la fabrication et l\u2019installation de fen\u00eatres sous-marines et de fonds mobiles de piscines.\",\"breadcrumb\":{\"@id\":\"https:\/\/hollandaquasight.com\/fr\/#breadcrumb\"},\"inLanguage\":\"fr-FR\",\"potentialAction\":[{\"@type\":\"ReadAction\",\"target\":[\"https:\/\/hollandaquasight.com\/fr\/\"]}]},{\"@type\":\"BreadcrumbList\",\"@id\":\"https:\/\/hollandaquasight.com\/fr\/#breadcrumb\",\"itemListElement\":[{\"@type\":\"ListItem\",\"position\":1,\"name\":\"Home\",\"item\":\"https:\/\/hollandaquasight.com\/fr\/\"},{\"@type\":\"ListItem\",\"position\":2,\"name\":\"Piscines transparentes et fonds mobiles de piscines\"}]},{\"@type\":\"WebSite\",\"@id\":\"https:\/\/hollandaquasight.com\/fr\/#website\",\"url\":\"https:\/\/hollandaquasight.com\/fr\/\",\"name\":\"Holland Aqua Sight\",\"description\":\"Onderwaterramen en beweegbare zwembadvloeren\",\"publisher\":{\"@id\":\"https:\/\/hollandaquasight.com\/fr\/#organization\"},\"potentialAction\":[{\"@type\":\"SearchAction\",\"target\":{\"@type\":\"EntryPoint\",\"urlTemplate\":\"https:\/\/hollandaquasight.com\/fr\/?s={search_term_string}\"},\"query-input\":{\"@type\":\"PropertyValueSpecification\",\"valueRequired\":true,\"valueName\":\"search_term_string\"}}],\"inLanguage\":\"fr-FR\"},{\"@type\":\"Organization\",\"@id\":\"https:\/\/hollandaquasight.com\/fr\/#organization\",\"name\":\"Holland Aqua Sight\",\"alternateName\":\"HAS\",\"url\":\"https:\/\/hollandaquasight.com\/fr\/\",\"logo\":{\"@type\":\"ImageObject\",\"inLanguage\":\"fr-FR\",\"@id\":\"https:\/\/hollandaquasight.com\/fr\/#\/schema\/logo\/image\/\",\"url\":\"https:\/\/hollandaquasight.com\/wp-content\/uploads\/2023\/03\/HAS_brand_1x1.jpg\",\"contentUrl\":\"https:\/\/hollandaquasight.com\/wp-content\/uploads\/2023\/03\/HAS_brand_1x1.jpg\",\"width\":697,\"height\":697,\"caption\":\"Holland Aqua Sight\"},\"image\":{\"@id\":\"https:\/\/hollandaquasight.com\/fr\/#\/schema\/logo\/image\/\"}}]}<\/script>\n<!-- \/ Yoast SEO Premium plugin. -->","yoast_head_json":{"title":"Piscines transparentes et fonds mobiles de piscines","description":"Nous sommes sp\u00e9cialis\u00e9s dans la conception, la fabrication et l\u2019installation de fen\u00eatres sous-marines et de fonds mobiles de piscines.","robots":{"index":"index","follow":"follow","max-snippet":"max-snippet:-1","max-image-preview":"max-image-preview:large","max-video-preview":"max-video-preview:-1"},"canonical":"https:\/\/hollandaquasight.com\/fr\/","og_locale":"fr_FR","og_type":"article","og_title":"Piscines transparentes et fonds mobiles de piscines","og_description":"Nous sommes sp\u00e9cialis\u00e9s dans la conception, la fabrication et l\u2019installation de fen\u00eatres sous-marines et de fonds mobiles de piscines.","og_url":"https:\/\/hollandaquasight.com\/fr\/","og_site_name":"Holland Aqua Sight","article_modified_time":"2023-10-17T11:20:07+00:00","og_image":[{"width":1200,"height":450,"url":"https:\/\/hollandaquasight.com\/wp-content\/uploads\/2023\/03\/Holland-Aqua-Sight-26.jpg","type":"image\/jpeg"}],"twitter_card":"summary_large_image","twitter_misc":{"Dur\u00e9e de lecture estim\u00e9e":"2 minutes"},"schema":{"@context":"https:\/\/schema.org","@graph":[{"@type":"WebPage","@id":"https:\/\/hollandaquasight.com\/fr\/","url":"https:\/\/hollandaquasight.com\/fr\/","name":"Piscines transparentes et fonds mobiles de piscines","isPartOf":{"@id":"https:\/\/hollandaquasight.com\/fr\/#website"},"datePublished":"2015-09-25T09:12:59+00:00","dateModified":"2023-10-17T11:20:07+00:00","description":"Nous sommes sp\u00e9cialis\u00e9s dans la conception, la fabrication et l\u2019installation de fen\u00eatres sous-marines et de fonds mobiles de piscines.","breadcrumb":{"@id":"https:\/\/hollandaquasight.com\/fr\/#breadcrumb"},"inLanguage":"fr-FR","potentialAction":[{"@type":"ReadAction","target":["https:\/\/hollandaquasight.com\/fr\/"]}]},{"@type":"BreadcrumbList","@id":"https:\/\/hollandaquasight.com\/fr\/#breadcrumb","itemListElement":[{"@type":"ListItem","position":1,"name":"Home","item":"https:\/\/hollandaquasight.com\/fr\/"},{"@type":"ListItem","position":2,"name":"Piscines transparentes et fonds mobiles de piscines"}]},{"@type":"WebSite","@id":"https:\/\/hollandaquasight.com\/fr\/#website","url":"https:\/\/hollandaquasight.com\/fr\/","name":"Holland Aqua Sight","description":"Onderwaterramen en beweegbare zwembadvloeren","publisher":{"@id":"https:\/\/hollandaquasight.com\/fr\/#organization"},"potentialAction":[{"@type":"SearchAction","target":{"@type":"EntryPoint","urlTemplate":"https:\/\/hollandaquasight.com\/fr\/?s={search_term_string}"},"query-input":{"@type":"PropertyValueSpecification","valueRequired":true,"valueName":"search_term_string"}}],"inLanguage":"fr-FR"},{"@type":"Organization","@id":"https:\/\/hollandaquasight.com\/fr\/#organization","name":"Holland Aqua Sight","alternateName":"HAS","url":"https:\/\/hollandaquasight.com\/fr\/","logo":{"@type":"ImageObject","inLanguage":"fr-FR","@id":"https:\/\/hollandaquasight.com\/fr\/#\/schema\/logo\/image\/","url":"https:\/\/hollandaquasight.com\/wp-content\/uploads\/2023\/03\/HAS_brand_1x1.jpg","contentUrl":"https:\/\/hollandaquasight.com\/wp-content\/uploads\/2023\/03\/HAS_brand_1x1.jpg","width":697,"height":697,"caption":"Holland Aqua Sight"},"image":{"@id":"https:\/\/hollandaquasight.com\/fr\/#\/schema\/logo\/image\/"}}]}},"_links":{"self":[{"href":"https:\/\/hollandaquasight.com\/fr\/wp-json\/wp\/v2\/pages\/12324","targetHints":{"allow":["GET"]}}],"collection":[{"href":"https:\/\/hollandaquasight.com\/fr\/wp-json\/wp\/v2\/pages"}],"about":[{"href":"https:\/\/hollandaquasight.com\/fr\/wp-json\/wp\/v2\/types\/page"}],"author":[{"embeddable":true,"href":"https:\/\/hollandaquasight.com\/fr\/wp-json\/wp\/v2\/users\/2"}],"replies":[{"embeddable":true,"href":"https:\/\/hollandaquasight.com\/fr\/wp-json\/wp\/v2\/comments?post=12324"}],"version-history":[{"count":8,"href":"https:\/\/hollandaquasight.com\/fr\/wp-json\/wp\/v2\/pages\/12324\/revisions"}],"predecessor-version":[{"id":12523,"href":"https:\/\/hollandaquasight.com\/fr\/wp-json\/wp\/v2\/pages\/12324\/revisions\/12523"}],"wp:attachment":[{"href":"https:\/\/hollandaquasight.com\/fr\/wp-json\/wp\/v2\/media?parent=12324"}],"curies":[{"name":"wp","href":"https:\/\/api.w.org\/{rel}","templated":true}]}}