{"id":12332,"date":"2023-06-13T16:12:01","date_gmt":"2023-06-13T14:12:01","guid":{"rendered":"https:\/\/hollandaquasight.com\/?page_id=12332"},"modified":"2023-10-16T10:37:31","modified_gmt":"2023-10-16T08:37:31","slug":"les-fenetres-sous-marines-en-acrylique","status":"publish","type":"page","link":"https:\/\/hollandaquasight.com\/fr\/les-fenetres-sous-marines-en-acrylique\/","title":{"rendered":"Les fen\u00eatres sous-marines en acrylique"},"content":{"rendered":"<p>Les fen\u00eatres sous-marines en acrylique sont fr\u00e9quemment s\u00e9lectionn\u00e9es par les architectes et les concepteurs qui recherchent un moyen notoire d\u2019int\u00e9grer un espace en eau dans leurs projets. L&rsquo;une des mises en oeuvre les plus remarquables des vitres sous-marines en acrylique est repr\u00e9sentative dans les piscines. Les piscines avec des fen\u00eatres sous-marines sont vot\u00e9es largement pour les h\u00f4tels et les stations baln\u00e9aires qui souhaitent offrir \u00e0 leurs clients une exp\u00e9rience de baignade m\u00e9morable. Gr\u00e2ce aux fen\u00eatres sous-marines en acrylique, les piscines peuvent \u00eatre con\u00e7ues moyennant une, voire des cloisons transparentes ; ce concept permet aux nageurs qui sont \u00a0sous l&rsquo;eau de profiter de la vue sur l&rsquo;environnement, un plaisir optimum lorsque la piscine est int\u00e9gr\u00e9e dans un environnement naturel, telles que des montagnes ou dans un cadre verdoyant d\u2019une terrasse surplombant une c\u00f4te maritime.<\/p>\n<h2>Les fen\u00eatres sous-marines en acrylique sont durables<\/h2>\n<p>Nos fen\u00eatres sous-marines en acrylique sont \u00e9galement mises en place, entre autres, dans les aquariums publics. Elles offrent aux visiteurs la possibilit\u00e9 d&rsquo;appr\u00e9cier la vie sous-marine sans se mouiller. Ces types de vitrages sont id\u00e9aux pour les aquariums car ils offrent une vue claire et sans obstruction sur le monde sous-marin. De plus, ils r\u00e9sistent \u00e0 la pression de l&rsquo;eau et peuvent facilement \u00eatre nettoy\u00e9s et entretenus.<\/p>\n<p>Les fen\u00eatres sous-marines en acrylique sont \u00e9galement install\u00e9es dans les maisons priv\u00e9es et les b\u00e2timents commerciaux. Dans les maisons, elles sont souvent utilis\u00e9es dans les piscines et les bassins de jard\u00edn ou les \u00e9tangs afin d\u2019ajouter une caract\u00e9ristique unique et attrayante. Dans les b\u00e2timents commerciaux, on les trouve, par exemple, dans les restaurants et les bars ce qui permet de pr\u00e9senter aux clients un environnement sous-marin qu\u2019ils peuvent admirer tout en savourant leur repas ou leur boisson.<\/p>\n<h2>Elles pr\u00e9sentent plusieurs avantages par rapport au verre ou par rapport \u00e0 d&rsquo;autres mat\u00e9riaux :<\/h2>\n<ul>\n<li>Elles ont une transmission lumineuse plus \u00e9lev\u00e9e et une r\u00e9flexion amoindrie, ce qui offre une meilleure vue sur le monde sous-marin.<\/li>\n<li>Elles sont plus r\u00e9sistantes aux rayures, aux fissures et aux cassures, ce qui les rend plus s\u00fbres et plus durables.<\/li>\n<li>Elles sont plus flexibles et peuvent \u00eatre fabriqu\u00e9es dans diff\u00e9rentes formes et tailles, ce qui offre plus de possibilit\u00e9s de conception.<\/li>\n<li>Elles sont plus respectueuses de l&rsquo;environnement, car elles consomment moins d&rsquo;\u00e9nergie lors de la production et ne lib\u00e8rent pas de substances nocives lors de leur rupture.<\/li>\n<\/ul>\n<p>Vous voulez en savoir plus ? Lisez la suite sous ces photos&#8230;<\/p>\n","protected":false},"excerpt":{"rendered":"<p>Les fen\u00eatres sous-marines en acrylique sont fr\u00e9quemment s\u00e9lectionn\u00e9es par les architectes et les concepteurs qui recherchent un moyen notoire d\u2019int\u00e9grer [&hellip;]<\/p>\n","protected":false},"author":6,"featured_media":12208,"parent":0,"menu_order":0,"comment_status":"closed","ping_status":"closed","template":"","meta":{"_acf_changed":false,"footnotes":""},"class_list":["post-12332","page","type-page","status-publish","has-post-thumbnail","hentry"],"acf":[],"yoast_head":"<!-- This site is optimized with the Yoast SEO Premium plugin v25.9 (Yoast SEO v26.3) - https:\/\/yoast.com\/wordpress\/plugins\/seo\/ -->\n<title>Les fen\u00eatres sous-marines en acrylique &#8226; Holland Aqua Sight<\/title>\n<meta name=\"description\" content=\"Les fen\u00eatres sous-marines en acrylique sont une solution durable et esth\u00e9tique pour les piscines, les aquariums et d&#039;autres projets.\" \/>\n<meta name=\"robots\" content=\"index, follow, max-snippet:-1, max-image-preview:large, max-video-preview:-1\" \/>\n<link rel=\"canonical\" href=\"https:\/\/hollandaquasight.com\/fr\/les-fenetres-sous-marines-en-acrylique\/\" \/>\n<meta property=\"og:locale\" content=\"fr_FR\" \/>\n<meta property=\"og:type\" content=\"article\" \/>\n<meta property=\"og:title\" content=\"Les fen\u00eatres sous-marines en acrylique\" \/>\n<meta property=\"og:description\" content=\"Les fen\u00eatres sous-marines en acrylique sont une solution durable et esth\u00e9tique pour les piscines, les aquariums et d&#039;autres projets.\" \/>\n<meta property=\"og:url\" content=\"https:\/\/hollandaquasight.com\/fr\/les-fenetres-sous-marines-en-acrylique\/\" \/>\n<meta property=\"og:site_name\" content=\"Holland Aqua Sight\" \/>\n<meta property=\"article:modified_time\" content=\"2023-10-16T08:37:31+00:00\" \/>\n<meta property=\"og:image\" content=\"https:\/\/hollandaquasight.com\/wp-content\/uploads\/2023\/06\/acryl-onderwaterramen.jpg\" \/>\n\t<meta property=\"og:image:width\" content=\"1200\" \/>\n\t<meta property=\"og:image:height\" content=\"400\" \/>\n\t<meta property=\"og:image:type\" content=\"image\/jpeg\" \/>\n<meta name=\"twitter:card\" content=\"summary_large_image\" \/>\n<meta name=\"twitter:label1\" content=\"Dur\u00e9e de lecture estim\u00e9e\" \/>\n\t<meta name=\"twitter:data1\" content=\"2 minutes\" \/>\n<script type=\"application\/ld+json\" class=\"yoast-schema-graph\">{\"@context\":\"https:\/\/schema.org\",\"@graph\":[{\"@type\":\"WebPage\",\"@id\":\"https:\/\/hollandaquasight.com\/fr\/les-fenetres-sous-marines-en-acrylique\/\",\"url\":\"https:\/\/hollandaquasight.com\/fr\/les-fenetres-sous-marines-en-acrylique\/\",\"name\":\"Les fen\u00eatres sous-marines en acrylique &#8226; Holland Aqua Sight\",\"isPartOf\":{\"@id\":\"https:\/\/hollandaquasight.com\/fr\/#website\"},\"primaryImageOfPage\":{\"@id\":\"https:\/\/hollandaquasight.com\/fr\/les-fenetres-sous-marines-en-acrylique\/#primaryimage\"},\"image\":{\"@id\":\"https:\/\/hollandaquasight.com\/fr\/les-fenetres-sous-marines-en-acrylique\/#primaryimage\"},\"thumbnailUrl\":\"https:\/\/hollandaquasight.com\/wp-content\/uploads\/2023\/06\/acryl-onderwaterramen.jpg\",\"datePublished\":\"2023-06-13T14:12:01+00:00\",\"dateModified\":\"2023-10-16T08:37:31+00:00\",\"description\":\"Les fen\u00eatres sous-marines en acrylique sont une solution durable et esth\u00e9tique pour les piscines, les aquariums et d'autres projets.\",\"breadcrumb\":{\"@id\":\"https:\/\/hollandaquasight.com\/fr\/les-fenetres-sous-marines-en-acrylique\/#breadcrumb\"},\"inLanguage\":\"fr-FR\",\"potentialAction\":[{\"@type\":\"ReadAction\",\"target\":[\"https:\/\/hollandaquasight.com\/fr\/les-fenetres-sous-marines-en-acrylique\/\"]}]},{\"@type\":\"ImageObject\",\"inLanguage\":\"fr-FR\",\"@id\":\"https:\/\/hollandaquasight.com\/fr\/les-fenetres-sous-marines-en-acrylique\/#primaryimage\",\"url\":\"https:\/\/hollandaquasight.com\/wp-content\/uploads\/2023\/06\/acryl-onderwaterramen.jpg\",\"contentUrl\":\"https:\/\/hollandaquasight.com\/wp-content\/uploads\/2023\/06\/acryl-onderwaterramen.jpg\",\"width\":1200,\"height\":400,\"caption\":\"acryl onderwaterramen\"},{\"@type\":\"BreadcrumbList\",\"@id\":\"https:\/\/hollandaquasight.com\/fr\/les-fenetres-sous-marines-en-acrylique\/#breadcrumb\",\"itemListElement\":[{\"@type\":\"ListItem\",\"position\":1,\"name\":\"Home\",\"item\":\"https:\/\/hollandaquasight.com\/fr\/\"},{\"@type\":\"ListItem\",\"position\":2,\"name\":\"Les fen\u00eatres sous-marines en acrylique\"}]},{\"@type\":\"WebSite\",\"@id\":\"https:\/\/hollandaquasight.com\/fr\/#website\",\"url\":\"https:\/\/hollandaquasight.com\/fr\/\",\"name\":\"Holland Aqua Sight\",\"description\":\"Onderwaterramen en beweegbare zwembadvloeren\",\"publisher\":{\"@id\":\"https:\/\/hollandaquasight.com\/fr\/#organization\"},\"potentialAction\":[{\"@type\":\"SearchAction\",\"target\":{\"@type\":\"EntryPoint\",\"urlTemplate\":\"https:\/\/hollandaquasight.com\/fr\/?s={search_term_string}\"},\"query-input\":{\"@type\":\"PropertyValueSpecification\",\"valueRequired\":true,\"valueName\":\"search_term_string\"}}],\"inLanguage\":\"fr-FR\"},{\"@type\":\"Organization\",\"@id\":\"https:\/\/hollandaquasight.com\/fr\/#organization\",\"name\":\"Holland Aqua Sight\",\"alternateName\":\"HAS\",\"url\":\"https:\/\/hollandaquasight.com\/fr\/\",\"logo\":{\"@type\":\"ImageObject\",\"inLanguage\":\"fr-FR\",\"@id\":\"https:\/\/hollandaquasight.com\/fr\/#\/schema\/logo\/image\/\",\"url\":\"https:\/\/hollandaquasight.com\/wp-content\/uploads\/2023\/03\/HAS_brand_1x1.jpg\",\"contentUrl\":\"https:\/\/hollandaquasight.com\/wp-content\/uploads\/2023\/03\/HAS_brand_1x1.jpg\",\"width\":697,\"height\":697,\"caption\":\"Holland Aqua Sight\"},\"image\":{\"@id\":\"https:\/\/hollandaquasight.com\/fr\/#\/schema\/logo\/image\/\"}}]}<\/script>\n<!-- \/ Yoast SEO Premium plugin. -->","yoast_head_json":{"title":"Les fen\u00eatres sous-marines en acrylique &#8226; Holland Aqua Sight","description":"Les fen\u00eatres sous-marines en acrylique sont une solution durable et esth\u00e9tique pour les piscines, les aquariums et d'autres projets.","robots":{"index":"index","follow":"follow","max-snippet":"max-snippet:-1","max-image-preview":"max-image-preview:large","max-video-preview":"max-video-preview:-1"},"canonical":"https:\/\/hollandaquasight.com\/fr\/les-fenetres-sous-marines-en-acrylique\/","og_locale":"fr_FR","og_type":"article","og_title":"Les fen\u00eatres sous-marines en acrylique","og_description":"Les fen\u00eatres sous-marines en acrylique sont une solution durable et esth\u00e9tique pour les piscines, les aquariums et d'autres projets.","og_url":"https:\/\/hollandaquasight.com\/fr\/les-fenetres-sous-marines-en-acrylique\/","og_site_name":"Holland Aqua Sight","article_modified_time":"2023-10-16T08:37:31+00:00","og_image":[{"width":1200,"height":400,"url":"https:\/\/hollandaquasight.com\/wp-content\/uploads\/2023\/06\/acryl-onderwaterramen.jpg","type":"image\/jpeg"}],"twitter_card":"summary_large_image","twitter_misc":{"Dur\u00e9e de lecture estim\u00e9e":"2 minutes"},"schema":{"@context":"https:\/\/schema.org","@graph":[{"@type":"WebPage","@id":"https:\/\/hollandaquasight.com\/fr\/les-fenetres-sous-marines-en-acrylique\/","url":"https:\/\/hollandaquasight.com\/fr\/les-fenetres-sous-marines-en-acrylique\/","name":"Les fen\u00eatres sous-marines en acrylique &#8226; Holland Aqua Sight","isPartOf":{"@id":"https:\/\/hollandaquasight.com\/fr\/#website"},"primaryImageOfPage":{"@id":"https:\/\/hollandaquasight.com\/fr\/les-fenetres-sous-marines-en-acrylique\/#primaryimage"},"image":{"@id":"https:\/\/hollandaquasight.com\/fr\/les-fenetres-sous-marines-en-acrylique\/#primaryimage"},"thumbnailUrl":"https:\/\/hollandaquasight.com\/wp-content\/uploads\/2023\/06\/acryl-onderwaterramen.jpg","datePublished":"2023-06-13T14:12:01+00:00","dateModified":"2023-10-16T08:37:31+00:00","description":"Les fen\u00eatres sous-marines en acrylique sont une solution durable et esth\u00e9tique pour les piscines, les aquariums et d'autres projets.","breadcrumb":{"@id":"https:\/\/hollandaquasight.com\/fr\/les-fenetres-sous-marines-en-acrylique\/#breadcrumb"},"inLanguage":"fr-FR","potentialAction":[{"@type":"ReadAction","target":["https:\/\/hollandaquasight.com\/fr\/les-fenetres-sous-marines-en-acrylique\/"]}]},{"@type":"ImageObject","inLanguage":"fr-FR","@id":"https:\/\/hollandaquasight.com\/fr\/les-fenetres-sous-marines-en-acrylique\/#primaryimage","url":"https:\/\/hollandaquasight.com\/wp-content\/uploads\/2023\/06\/acryl-onderwaterramen.jpg","contentUrl":"https:\/\/hollandaquasight.com\/wp-content\/uploads\/2023\/06\/acryl-onderwaterramen.jpg","width":1200,"height":400,"caption":"acryl onderwaterramen"},{"@type":"BreadcrumbList","@id":"https:\/\/hollandaquasight.com\/fr\/les-fenetres-sous-marines-en-acrylique\/#breadcrumb","itemListElement":[{"@type":"ListItem","position":1,"name":"Home","item":"https:\/\/hollandaquasight.com\/fr\/"},{"@type":"ListItem","position":2,"name":"Les fen\u00eatres sous-marines en acrylique"}]},{"@type":"WebSite","@id":"https:\/\/hollandaquasight.com\/fr\/#website","url":"https:\/\/hollandaquasight.com\/fr\/","name":"Holland Aqua Sight","description":"Onderwaterramen en beweegbare zwembadvloeren","publisher":{"@id":"https:\/\/hollandaquasight.com\/fr\/#organization"},"potentialAction":[{"@type":"SearchAction","target":{"@type":"EntryPoint","urlTemplate":"https:\/\/hollandaquasight.com\/fr\/?s={search_term_string}"},"query-input":{"@type":"PropertyValueSpecification","valueRequired":true,"valueName":"search_term_string"}}],"inLanguage":"fr-FR"},{"@type":"Organization","@id":"https:\/\/hollandaquasight.com\/fr\/#organization","name":"Holland Aqua Sight","alternateName":"HAS","url":"https:\/\/hollandaquasight.com\/fr\/","logo":{"@type":"ImageObject","inLanguage":"fr-FR","@id":"https:\/\/hollandaquasight.com\/fr\/#\/schema\/logo\/image\/","url":"https:\/\/hollandaquasight.com\/wp-content\/uploads\/2023\/03\/HAS_brand_1x1.jpg","contentUrl":"https:\/\/hollandaquasight.com\/wp-content\/uploads\/2023\/03\/HAS_brand_1x1.jpg","width":697,"height":697,"caption":"Holland Aqua Sight"},"image":{"@id":"https:\/\/hollandaquasight.com\/fr\/#\/schema\/logo\/image\/"}}]}},"_links":{"self":[{"href":"https:\/\/hollandaquasight.com\/fr\/wp-json\/wp\/v2\/pages\/12332","targetHints":{"allow":["GET"]}}],"collection":[{"href":"https:\/\/hollandaquasight.com\/fr\/wp-json\/wp\/v2\/pages"}],"about":[{"href":"https:\/\/hollandaquasight.com\/fr\/wp-json\/wp\/v2\/types\/page"}],"author":[{"embeddable":true,"href":"https:\/\/hollandaquasight.com\/fr\/wp-json\/wp\/v2\/users\/6"}],"replies":[{"embeddable":true,"href":"https:\/\/hollandaquasight.com\/fr\/wp-json\/wp\/v2\/comments?post=12332"}],"version-history":[{"count":7,"href":"https:\/\/hollandaquasight.com\/fr\/wp-json\/wp\/v2\/pages\/12332\/revisions"}],"predecessor-version":[{"id":12444,"href":"https:\/\/hollandaquasight.com\/fr\/wp-json\/wp\/v2\/pages\/12332\/revisions\/12444"}],"wp:featuredmedia":[{"embeddable":true,"href":"https:\/\/hollandaquasight.com\/fr\/wp-json\/wp\/v2\/media\/12208"}],"wp:attachment":[{"href":"https:\/\/hollandaquasight.com\/fr\/wp-json\/wp\/v2\/media?parent=12332"}],"curies":[{"name":"wp","href":"https:\/\/api.w.org\/{rel}","templated":true}]}}