{"id":482,"date":"2015-09-25T11:13:41","date_gmt":"2015-09-25T09:13:41","guid":{"rendered":"https:\/\/hollandaquasight.com\/staging\/avantages-du-verre-acrylique\/"},"modified":"2024-04-23T16:57:04","modified_gmt":"2024-04-23T14:57:04","slug":"avantages-du-verre-acrylique","status":"publish","type":"page","link":"https:\/\/hollandaquasight.com\/fr\/avantages-du-verre-acrylique\/","title":{"rendered":"Avantages du verre acrylique"},"content":{"rendered":"<p>Holland Aqua Sight est sp\u00e9cialis\u00e9 dans la conception, la fourniture et l&rsquo;installation de diff\u00e9rents types de fen\u00eatres sous-marines en acrylique pour diff\u00e9rentes applications. L&rsquo;acrylique est un plastique transparent qui convient parfaitement \u00e0 cette application. Alors que le verre devient rapidement trop lourd et fragile, l&rsquo;acrylique est plus l\u00e9ger et un mat\u00e9riau tr\u00e8s r\u00e9sistant aux chocs. Les fen\u00eatres en acrylique sont donc plus faciles et plus s\u00fbres \u00e0 installer, et le risque de casse est minime. C&rsquo;est donc un mat\u00e9riau id\u00e9al pour fournir une solution \u00e0 votre fen\u00eatre sous-marine.<\/p>\n<h2>Qualit\u00e9<\/h2>\n<p>L&rsquo;acrylique est disponible dans de nombreuses qualit\u00e9s, en fonction de la puret\u00e9 du mat\u00e9riau de base et de la qualit\u00e9 du processus de production. Cela se traduit \u00e9galement par diff\u00e9rents niveaux de co\u00fbts. Holland Aqua Sight garantit une qualit\u00e9 sup\u00e9rieure. C&rsquo;est pourquoi nous utilisons souvent de l&rsquo;acrylique Plexiglas\u00ae. Plexiglas\u00ae est une marque d&rsquo;acrylique de haute qualit\u00e9, avec des propri\u00e9t\u00e9s exceptionnelles.<\/p>\n<h2>Transmission de lumi\u00e8re maximale<\/h2>\n<p>Plexiglas\u00ae a un facteur de transmission de la lumi\u00e8re (indice LTA) atteignant 92%, alors que celui du verre est souvent inf\u00e9rieur \u00e0 80%. Cela rend Plexiglas\u00ae id\u00e9al pour les fen\u00eatres sous-marines, car cela renforce l&rsquo;effet de luxe. Par rapport \u00e0 de nombreux autres types d&rsquo;acrylique (PMMA), l&rsquo;indice LTA du Plexiglas\u00ae est \u00e9galement plus \u00e9lev\u00e9. Alors que les PMMA moins chers perdent leur transmission de lumi\u00e8re avec le temps (les fen\u00eatres deviennent ternes), celle du Plexiglas\u00ae reste tr\u00e8s \u00e9lev\u00e9e sur une plus longue dur\u00e9e.<\/p>\n<p>De plus, le Plexiglas\u00ae a une structure extr\u00eamement lisse, ce qui rend difficile l&rsquo;adh\u00e9rence des salet\u00e9s \u00e0 la surface. Cet aspect renforce \u00e9galement l&rsquo;aspect de la fen\u00eatre sous-marine et r\u00e9duit les co\u00fbts d&rsquo;entretien et de nettoyage. Un troisi\u00e8me avantage important du Plexiglas\u00ae est qu&rsquo;il peut \u00eatre facilement trait\u00e9 dans de nombreuses tailles. Cette flexibilit\u00e9 est nettement moins pr\u00e9sente avec le verre. Ainsi, nous pouvons r\u00e9aliser pratiquement toutes les dimensions souhait\u00e9es pour votre fen\u00eatre sous-marine. Gr\u00e2ce \u00e0 des proc\u00e9d\u00e9s de collage, de chauffage et de meulage sp\u00e9cifiques, nous pouvons fournir des fen\u00eatres de toutes formes et dimensions.<\/p>\n<p>S\u00e9curit\u00e9 Chez Holland Aqua Sight, la s\u00e9curit\u00e9 est primordiale. Nos ing\u00e9nieurs savent exactement quelle \u00e9paisseur doit avoir votre fen\u00eatre et quel profil convient le mieux \u00e0 votre situation. Holland Aqua Sight fait partie du <a href=\"https:\/\/variogroup.com\/\" target=\"_blank\" rel=\"noopener\">VarioGroup d&rsquo;Oudkarspel<\/a>. T\u00e9l\u00e9chargez <a href=\"https:\/\/hollandaquasight.com\/wp-content\/uploads\/2023\/03\/HAS_folder_fenetre-FR.pdf\" target=\"_blank\" rel=\"noopener\">notre brochure ICI<\/a>.<\/p>\n","protected":false},"excerpt":{"rendered":"<p>Holland Aqua Sight est sp\u00e9cialis\u00e9 dans la conception, la fourniture et l&rsquo;installation de diff\u00e9rents types de fen\u00eatres sous-marines en acrylique [&hellip;]<\/p>\n","protected":false},"author":6,"featured_media":210,"parent":0,"menu_order":0,"comment_status":"closed","ping_status":"closed","template":"","meta":{"_acf_changed":false,"footnotes":""},"class_list":["post-482","page","type-page","status-publish","has-post-thumbnail","hentry"],"acf":[],"yoast_head":"<!-- This site is optimized with the Yoast SEO Premium plugin v25.9 (Yoast SEO v26.3) - https:\/\/yoast.com\/wordpress\/plugins\/seo\/ -->\n<title>Avantages du verre acrylique &#8226; Holland Aqua Sight<\/title>\n<meta name=\"description\" content=\"Le verre acrylique p\u00e8se moiti\u00e9 moins que le verre normal et est bien plus r\u00e9sistant. Le panneau en acrylique ne casse pas comme le verre.\" \/>\n<meta name=\"robots\" content=\"index, follow, max-snippet:-1, max-image-preview:large, max-video-preview:-1\" \/>\n<link rel=\"canonical\" href=\"https:\/\/hollandaquasight.com\/fr\/avantages-du-verre-acrylique\/\" \/>\n<meta property=\"og:locale\" content=\"fr_FR\" \/>\n<meta property=\"og:type\" content=\"article\" \/>\n<meta property=\"og:title\" content=\"Avantages du verre acrylique\" \/>\n<meta property=\"og:description\" content=\"Le verre acrylique p\u00e8se moiti\u00e9 moins que le verre normal et est bien plus r\u00e9sistant. Le panneau en acrylique ne casse pas comme le verre.\" \/>\n<meta property=\"og:url\" content=\"https:\/\/hollandaquasight.com\/fr\/avantages-du-verre-acrylique\/\" \/>\n<meta property=\"og:site_name\" content=\"Holland Aqua Sight\" \/>\n<meta property=\"article:modified_time\" content=\"2024-04-23T14:57:04+00:00\" \/>\n<meta property=\"og:image\" content=\"https:\/\/hollandaquasight.com\/wp-content\/uploads\/2023\/03\/voordelen-van-acryl.jpg\" \/>\n\t<meta property=\"og:image:width\" content=\"1200\" \/>\n\t<meta property=\"og:image:height\" content=\"400\" \/>\n\t<meta property=\"og:image:type\" content=\"image\/jpeg\" \/>\n<meta name=\"twitter:card\" content=\"summary_large_image\" \/>\n<meta name=\"twitter:label1\" content=\"Dur\u00e9e de lecture estim\u00e9e\" \/>\n\t<meta name=\"twitter:data1\" content=\"3 minutes\" \/>\n<script type=\"application\/ld+json\" class=\"yoast-schema-graph\">{\"@context\":\"https:\/\/schema.org\",\"@graph\":[{\"@type\":\"WebPage\",\"@id\":\"https:\/\/hollandaquasight.com\/fr\/avantages-du-verre-acrylique\/\",\"url\":\"https:\/\/hollandaquasight.com\/fr\/avantages-du-verre-acrylique\/\",\"name\":\"Avantages du verre acrylique &#8226; Holland Aqua Sight\",\"isPartOf\":{\"@id\":\"https:\/\/hollandaquasight.com\/fr\/#website\"},\"primaryImageOfPage\":{\"@id\":\"https:\/\/hollandaquasight.com\/fr\/avantages-du-verre-acrylique\/#primaryimage\"},\"image\":{\"@id\":\"https:\/\/hollandaquasight.com\/fr\/avantages-du-verre-acrylique\/#primaryimage\"},\"thumbnailUrl\":\"https:\/\/hollandaquasight.com\/wp-content\/uploads\/2023\/03\/voordelen-van-acryl.jpg\",\"datePublished\":\"2015-09-25T09:13:41+00:00\",\"dateModified\":\"2024-04-23T14:57:04+00:00\",\"description\":\"Le verre acrylique p\u00e8se moiti\u00e9 moins que le verre normal et est bien plus r\u00e9sistant. Le panneau en acrylique ne casse pas comme le verre.\",\"breadcrumb\":{\"@id\":\"https:\/\/hollandaquasight.com\/fr\/avantages-du-verre-acrylique\/#breadcrumb\"},\"inLanguage\":\"fr-FR\",\"potentialAction\":[{\"@type\":\"ReadAction\",\"target\":[\"https:\/\/hollandaquasight.com\/fr\/avantages-du-verre-acrylique\/\"]}]},{\"@type\":\"ImageObject\",\"inLanguage\":\"fr-FR\",\"@id\":\"https:\/\/hollandaquasight.com\/fr\/avantages-du-verre-acrylique\/#primaryimage\",\"url\":\"https:\/\/hollandaquasight.com\/wp-content\/uploads\/2023\/03\/voordelen-van-acryl.jpg\",\"contentUrl\":\"https:\/\/hollandaquasight.com\/wp-content\/uploads\/2023\/03\/voordelen-van-acryl.jpg\",\"width\":1200,\"height\":400,\"caption\":\"voordelen van acryl\"},{\"@type\":\"BreadcrumbList\",\"@id\":\"https:\/\/hollandaquasight.com\/fr\/avantages-du-verre-acrylique\/#breadcrumb\",\"itemListElement\":[{\"@type\":\"ListItem\",\"position\":1,\"name\":\"Home\",\"item\":\"https:\/\/hollandaquasight.com\/fr\/\"},{\"@type\":\"ListItem\",\"position\":2,\"name\":\"Avantages du verre acrylique\"}]},{\"@type\":\"WebSite\",\"@id\":\"https:\/\/hollandaquasight.com\/fr\/#website\",\"url\":\"https:\/\/hollandaquasight.com\/fr\/\",\"name\":\"Holland Aqua Sight\",\"description\":\"Onderwaterramen en beweegbare zwembadvloeren\",\"publisher\":{\"@id\":\"https:\/\/hollandaquasight.com\/fr\/#organization\"},\"potentialAction\":[{\"@type\":\"SearchAction\",\"target\":{\"@type\":\"EntryPoint\",\"urlTemplate\":\"https:\/\/hollandaquasight.com\/fr\/?s={search_term_string}\"},\"query-input\":{\"@type\":\"PropertyValueSpecification\",\"valueRequired\":true,\"valueName\":\"search_term_string\"}}],\"inLanguage\":\"fr-FR\"},{\"@type\":\"Organization\",\"@id\":\"https:\/\/hollandaquasight.com\/fr\/#organization\",\"name\":\"Holland Aqua Sight\",\"alternateName\":\"HAS\",\"url\":\"https:\/\/hollandaquasight.com\/fr\/\",\"logo\":{\"@type\":\"ImageObject\",\"inLanguage\":\"fr-FR\",\"@id\":\"https:\/\/hollandaquasight.com\/fr\/#\/schema\/logo\/image\/\",\"url\":\"https:\/\/hollandaquasight.com\/wp-content\/uploads\/2023\/03\/HAS_brand_1x1.jpg\",\"contentUrl\":\"https:\/\/hollandaquasight.com\/wp-content\/uploads\/2023\/03\/HAS_brand_1x1.jpg\",\"width\":697,\"height\":697,\"caption\":\"Holland Aqua Sight\"},\"image\":{\"@id\":\"https:\/\/hollandaquasight.com\/fr\/#\/schema\/logo\/image\/\"}}]}<\/script>\n<!-- \/ Yoast SEO Premium plugin. -->","yoast_head_json":{"title":"Avantages du verre acrylique &#8226; Holland Aqua Sight","description":"Le verre acrylique p\u00e8se moiti\u00e9 moins que le verre normal et est bien plus r\u00e9sistant. Le panneau en acrylique ne casse pas comme le verre.","robots":{"index":"index","follow":"follow","max-snippet":"max-snippet:-1","max-image-preview":"max-image-preview:large","max-video-preview":"max-video-preview:-1"},"canonical":"https:\/\/hollandaquasight.com\/fr\/avantages-du-verre-acrylique\/","og_locale":"fr_FR","og_type":"article","og_title":"Avantages du verre acrylique","og_description":"Le verre acrylique p\u00e8se moiti\u00e9 moins que le verre normal et est bien plus r\u00e9sistant. Le panneau en acrylique ne casse pas comme le verre.","og_url":"https:\/\/hollandaquasight.com\/fr\/avantages-du-verre-acrylique\/","og_site_name":"Holland Aqua Sight","article_modified_time":"2024-04-23T14:57:04+00:00","og_image":[{"width":1200,"height":400,"url":"https:\/\/hollandaquasight.com\/wp-content\/uploads\/2023\/03\/voordelen-van-acryl.jpg","type":"image\/jpeg"}],"twitter_card":"summary_large_image","twitter_misc":{"Dur\u00e9e de lecture estim\u00e9e":"3 minutes"},"schema":{"@context":"https:\/\/schema.org","@graph":[{"@type":"WebPage","@id":"https:\/\/hollandaquasight.com\/fr\/avantages-du-verre-acrylique\/","url":"https:\/\/hollandaquasight.com\/fr\/avantages-du-verre-acrylique\/","name":"Avantages du verre acrylique &#8226; Holland Aqua Sight","isPartOf":{"@id":"https:\/\/hollandaquasight.com\/fr\/#website"},"primaryImageOfPage":{"@id":"https:\/\/hollandaquasight.com\/fr\/avantages-du-verre-acrylique\/#primaryimage"},"image":{"@id":"https:\/\/hollandaquasight.com\/fr\/avantages-du-verre-acrylique\/#primaryimage"},"thumbnailUrl":"https:\/\/hollandaquasight.com\/wp-content\/uploads\/2023\/03\/voordelen-van-acryl.jpg","datePublished":"2015-09-25T09:13:41+00:00","dateModified":"2024-04-23T14:57:04+00:00","description":"Le verre acrylique p\u00e8se moiti\u00e9 moins que le verre normal et est bien plus r\u00e9sistant. Le panneau en acrylique ne casse pas comme le verre.","breadcrumb":{"@id":"https:\/\/hollandaquasight.com\/fr\/avantages-du-verre-acrylique\/#breadcrumb"},"inLanguage":"fr-FR","potentialAction":[{"@type":"ReadAction","target":["https:\/\/hollandaquasight.com\/fr\/avantages-du-verre-acrylique\/"]}]},{"@type":"ImageObject","inLanguage":"fr-FR","@id":"https:\/\/hollandaquasight.com\/fr\/avantages-du-verre-acrylique\/#primaryimage","url":"https:\/\/hollandaquasight.com\/wp-content\/uploads\/2023\/03\/voordelen-van-acryl.jpg","contentUrl":"https:\/\/hollandaquasight.com\/wp-content\/uploads\/2023\/03\/voordelen-van-acryl.jpg","width":1200,"height":400,"caption":"voordelen van acryl"},{"@type":"BreadcrumbList","@id":"https:\/\/hollandaquasight.com\/fr\/avantages-du-verre-acrylique\/#breadcrumb","itemListElement":[{"@type":"ListItem","position":1,"name":"Home","item":"https:\/\/hollandaquasight.com\/fr\/"},{"@type":"ListItem","position":2,"name":"Avantages du verre acrylique"}]},{"@type":"WebSite","@id":"https:\/\/hollandaquasight.com\/fr\/#website","url":"https:\/\/hollandaquasight.com\/fr\/","name":"Holland Aqua Sight","description":"Onderwaterramen en beweegbare zwembadvloeren","publisher":{"@id":"https:\/\/hollandaquasight.com\/fr\/#organization"},"potentialAction":[{"@type":"SearchAction","target":{"@type":"EntryPoint","urlTemplate":"https:\/\/hollandaquasight.com\/fr\/?s={search_term_string}"},"query-input":{"@type":"PropertyValueSpecification","valueRequired":true,"valueName":"search_term_string"}}],"inLanguage":"fr-FR"},{"@type":"Organization","@id":"https:\/\/hollandaquasight.com\/fr\/#organization","name":"Holland Aqua Sight","alternateName":"HAS","url":"https:\/\/hollandaquasight.com\/fr\/","logo":{"@type":"ImageObject","inLanguage":"fr-FR","@id":"https:\/\/hollandaquasight.com\/fr\/#\/schema\/logo\/image\/","url":"https:\/\/hollandaquasight.com\/wp-content\/uploads\/2023\/03\/HAS_brand_1x1.jpg","contentUrl":"https:\/\/hollandaquasight.com\/wp-content\/uploads\/2023\/03\/HAS_brand_1x1.jpg","width":697,"height":697,"caption":"Holland Aqua Sight"},"image":{"@id":"https:\/\/hollandaquasight.com\/fr\/#\/schema\/logo\/image\/"}}]}},"_links":{"self":[{"href":"https:\/\/hollandaquasight.com\/fr\/wp-json\/wp\/v2\/pages\/482","targetHints":{"allow":["GET"]}}],"collection":[{"href":"https:\/\/hollandaquasight.com\/fr\/wp-json\/wp\/v2\/pages"}],"about":[{"href":"https:\/\/hollandaquasight.com\/fr\/wp-json\/wp\/v2\/types\/page"}],"author":[{"embeddable":true,"href":"https:\/\/hollandaquasight.com\/fr\/wp-json\/wp\/v2\/users\/6"}],"replies":[{"embeddable":true,"href":"https:\/\/hollandaquasight.com\/fr\/wp-json\/wp\/v2\/comments?post=482"}],"version-history":[{"count":8,"href":"https:\/\/hollandaquasight.com\/fr\/wp-json\/wp\/v2\/pages\/482\/revisions"}],"predecessor-version":[{"id":13076,"href":"https:\/\/hollandaquasight.com\/fr\/wp-json\/wp\/v2\/pages\/482\/revisions\/13076"}],"wp:featuredmedia":[{"embeddable":true,"href":"https:\/\/hollandaquasight.com\/fr\/wp-json\/wp\/v2\/media\/210"}],"wp:attachment":[{"href":"https:\/\/hollandaquasight.com\/fr\/wp-json\/wp\/v2\/media?parent=482"}],"curies":[{"name":"wp","href":"https:\/\/api.w.org\/{rel}","templated":true}]}}