{"id":483,"date":"2015-09-25T09:53:55","date_gmt":"2015-09-25T07:53:55","guid":{"rendered":"https:\/\/hollandaquasight.com\/staging\/contact-holland-aqua-sight\/"},"modified":"2024-01-24T14:53:42","modified_gmt":"2024-01-24T13:53:42","slug":"contact-holland-aqua-sight","status":"publish","type":"page","link":"https:\/\/hollandaquasight.com\/fr\/contact-holland-aqua-sight\/","title":{"rendered":"Contact Holland Aqua Sight"},"content":{"rendered":"<p>La qualit\u00e9 du produit mais \u00e9galement la qualit\u00e9 du service sont\u00a0 des facteurs importants pour Holland Aqua Sight. Nous sommes pr\u00eats \u00e0 vous aider quelques soient vos questions ou vos id\u00e9es, depuis l\u2019\u00e9laboration de votre projet jusqu\u2019\u00e0 son installation et sa maintenance. Nos interventions de maintenance sont r\u00e9alis\u00e9es par des plongeurs qualifi\u00e9s et agr\u00e9ment\u00e9s. La s\u00e9curit\u00e9 est un aspect important dans notre travail. Les produits que nous installons sont s\u00e9curitaires et facile \u00e0 utiliser. Nous garantissons \u00e9galement la s\u00e9curit\u00e9 des techniciens et des sous-traitants de Holland Aqua Sight \u00e0 travers le monde.<\/p>\r\n<p>Si vous souhaitez plus de d\u00e9tails sur les produits Holland Aqua Sight et d\u00e9couvrir toutes les possibilit\u00e9s qu\u2019ils offrent, n\u2019h\u00e9sitez pas \u00e0 parcourir notre site web ou \u00e0 nous retourner le formulaire de contact pour plus d\u2019informations. Vous pouvez \u00e9galement nous \u00e9crire \u00e0\u00a0: <a href=\"mailto:info@hollandaquasight.com\">info@hollandaquasight.com<\/a>\u00a0 ou nous joindre au <strong>+31 226 333\u00a0098<\/strong>.<\/p>\r\n\r\n<figure class=\"wp-block-gallery-1 is-layout-flex wp-block-gallery-is-layout-flex\">\r\n<figcaption><\/figcaption>\r\n<\/figure>\r\n\r\n\r\n\r\n\r\n","protected":false},"excerpt":{"rendered":"<p>La qualit\u00e9 du produit mais \u00e9galement la qualit\u00e9 du service sont\u00a0 des facteurs importants pour Holland Aqua Sight. Nous sommes [&hellip;]<\/p>\n","protected":false},"author":6,"featured_media":137,"parent":0,"menu_order":0,"comment_status":"closed","ping_status":"closed","template":"","meta":{"_acf_changed":false,"footnotes":""},"class_list":["post-483","page","type-page","status-publish","has-post-thumbnail","hentry"],"acf":[],"yoast_head":"<!-- This site is optimized with the Yoast SEO Premium plugin v25.9 (Yoast SEO v26.3) - https:\/\/yoast.com\/wordpress\/plugins\/seo\/ -->\n<title>Contacter Holland Aqua Sight - Holland Aqua Sight<\/title>\n<meta name=\"description\" content=\"En outre, un bon produit de haute qualit\u00e9 est un service important pour HAS. Nous sommes pr\u00eats \u00e0 r\u00e9pondre \u00e0 toutes vos questions !\" \/>\n<meta name=\"robots\" content=\"index, follow, max-snippet:-1, max-image-preview:large, max-video-preview:-1\" \/>\n<link rel=\"canonical\" href=\"https:\/\/hollandaquasight.com\/fr\/contact-holland-aqua-sight\/\" \/>\n<meta property=\"og:locale\" content=\"fr_FR\" \/>\n<meta property=\"og:type\" content=\"article\" \/>\n<meta property=\"og:title\" content=\"Contact Holland Aqua Sight\" \/>\n<meta property=\"og:description\" content=\"En outre, un bon produit de haute qualit\u00e9 est un service important pour HAS. Nous sommes pr\u00eats \u00e0 r\u00e9pondre \u00e0 toutes vos questions !\" \/>\n<meta property=\"og:url\" content=\"https:\/\/hollandaquasight.com\/fr\/contact-holland-aqua-sight\/\" \/>\n<meta property=\"og:site_name\" content=\"Holland Aqua Sight\" \/>\n<meta property=\"article:modified_time\" content=\"2024-01-24T13:53:42+00:00\" \/>\n<meta property=\"og:image\" content=\"https:\/\/hollandaquasight.com\/wp-content\/uploads\/2023\/03\/contact-us_1280x521.jpg\" \/>\n\t<meta property=\"og:image:width\" content=\"1280\" \/>\n\t<meta property=\"og:image:height\" content=\"521\" \/>\n\t<meta property=\"og:image:type\" content=\"image\/jpeg\" \/>\n<meta name=\"twitter:card\" content=\"summary_large_image\" \/>\n<meta name=\"twitter:label1\" content=\"Dur\u00e9e de lecture estim\u00e9e\" \/>\n\t<meta name=\"twitter:data1\" content=\"1 minute\" \/>\n<script type=\"application\/ld+json\" class=\"yoast-schema-graph\">{\"@context\":\"https:\/\/schema.org\",\"@graph\":[{\"@type\":\"WebPage\",\"@id\":\"https:\/\/hollandaquasight.com\/fr\/contact-holland-aqua-sight\/\",\"url\":\"https:\/\/hollandaquasight.com\/fr\/contact-holland-aqua-sight\/\",\"name\":\"Contacter Holland Aqua Sight - Holland Aqua Sight\",\"isPartOf\":{\"@id\":\"https:\/\/hollandaquasight.com\/fr\/#website\"},\"primaryImageOfPage\":{\"@id\":\"https:\/\/hollandaquasight.com\/fr\/contact-holland-aqua-sight\/#primaryimage\"},\"image\":{\"@id\":\"https:\/\/hollandaquasight.com\/fr\/contact-holland-aqua-sight\/#primaryimage\"},\"thumbnailUrl\":\"https:\/\/hollandaquasight.com\/wp-content\/uploads\/2023\/03\/contact-us_1280x521.jpg\",\"datePublished\":\"2015-09-25T07:53:55+00:00\",\"dateModified\":\"2024-01-24T13:53:42+00:00\",\"description\":\"En outre, un bon produit de haute qualit\u00e9 est un service important pour HAS. Nous sommes pr\u00eats \u00e0 r\u00e9pondre \u00e0 toutes vos questions !\",\"breadcrumb\":{\"@id\":\"https:\/\/hollandaquasight.com\/fr\/contact-holland-aqua-sight\/#breadcrumb\"},\"inLanguage\":\"fr-FR\",\"potentialAction\":[{\"@type\":\"ReadAction\",\"target\":[\"https:\/\/hollandaquasight.com\/fr\/contact-holland-aqua-sight\/\"]}]},{\"@type\":\"ImageObject\",\"inLanguage\":\"fr-FR\",\"@id\":\"https:\/\/hollandaquasight.com\/fr\/contact-holland-aqua-sight\/#primaryimage\",\"url\":\"https:\/\/hollandaquasight.com\/wp-content\/uploads\/2023\/03\/contact-us_1280x521.jpg\",\"contentUrl\":\"https:\/\/hollandaquasight.com\/wp-content\/uploads\/2023\/03\/contact-us_1280x521.jpg\",\"width\":1280,\"height\":521,\"caption\":\"contact\"},{\"@type\":\"BreadcrumbList\",\"@id\":\"https:\/\/hollandaquasight.com\/fr\/contact-holland-aqua-sight\/#breadcrumb\",\"itemListElement\":[{\"@type\":\"ListItem\",\"position\":1,\"name\":\"Home\",\"item\":\"https:\/\/hollandaquasight.com\/fr\/\"},{\"@type\":\"ListItem\",\"position\":2,\"name\":\"Contact Holland Aqua Sight\"}]},{\"@type\":\"WebSite\",\"@id\":\"https:\/\/hollandaquasight.com\/fr\/#website\",\"url\":\"https:\/\/hollandaquasight.com\/fr\/\",\"name\":\"Holland Aqua Sight\",\"description\":\"Onderwaterramen en beweegbare zwembadvloeren\",\"publisher\":{\"@id\":\"https:\/\/hollandaquasight.com\/fr\/#organization\"},\"potentialAction\":[{\"@type\":\"SearchAction\",\"target\":{\"@type\":\"EntryPoint\",\"urlTemplate\":\"https:\/\/hollandaquasight.com\/fr\/?s={search_term_string}\"},\"query-input\":{\"@type\":\"PropertyValueSpecification\",\"valueRequired\":true,\"valueName\":\"search_term_string\"}}],\"inLanguage\":\"fr-FR\"},{\"@type\":\"Organization\",\"@id\":\"https:\/\/hollandaquasight.com\/fr\/#organization\",\"name\":\"Holland Aqua Sight\",\"alternateName\":\"HAS\",\"url\":\"https:\/\/hollandaquasight.com\/fr\/\",\"logo\":{\"@type\":\"ImageObject\",\"inLanguage\":\"fr-FR\",\"@id\":\"https:\/\/hollandaquasight.com\/fr\/#\/schema\/logo\/image\/\",\"url\":\"https:\/\/hollandaquasight.com\/wp-content\/uploads\/2023\/03\/HAS_brand_1x1.jpg\",\"contentUrl\":\"https:\/\/hollandaquasight.com\/wp-content\/uploads\/2023\/03\/HAS_brand_1x1.jpg\",\"width\":697,\"height\":697,\"caption\":\"Holland Aqua Sight\"},\"image\":{\"@id\":\"https:\/\/hollandaquasight.com\/fr\/#\/schema\/logo\/image\/\"}}]}<\/script>\n<!-- \/ Yoast SEO Premium plugin. -->","yoast_head_json":{"title":"Contacter Holland Aqua Sight - Holland Aqua Sight","description":"En outre, un bon produit de haute qualit\u00e9 est un service important pour HAS. Nous sommes pr\u00eats \u00e0 r\u00e9pondre \u00e0 toutes vos questions !","robots":{"index":"index","follow":"follow","max-snippet":"max-snippet:-1","max-image-preview":"max-image-preview:large","max-video-preview":"max-video-preview:-1"},"canonical":"https:\/\/hollandaquasight.com\/fr\/contact-holland-aqua-sight\/","og_locale":"fr_FR","og_type":"article","og_title":"Contact Holland Aqua Sight","og_description":"En outre, un bon produit de haute qualit\u00e9 est un service important pour HAS. Nous sommes pr\u00eats \u00e0 r\u00e9pondre \u00e0 toutes vos questions !","og_url":"https:\/\/hollandaquasight.com\/fr\/contact-holland-aqua-sight\/","og_site_name":"Holland Aqua Sight","article_modified_time":"2024-01-24T13:53:42+00:00","og_image":[{"width":1280,"height":521,"url":"https:\/\/hollandaquasight.com\/wp-content\/uploads\/2023\/03\/contact-us_1280x521.jpg","type":"image\/jpeg"}],"twitter_card":"summary_large_image","twitter_misc":{"Dur\u00e9e de lecture estim\u00e9e":"1 minute"},"schema":{"@context":"https:\/\/schema.org","@graph":[{"@type":"WebPage","@id":"https:\/\/hollandaquasight.com\/fr\/contact-holland-aqua-sight\/","url":"https:\/\/hollandaquasight.com\/fr\/contact-holland-aqua-sight\/","name":"Contacter Holland Aqua Sight - Holland Aqua Sight","isPartOf":{"@id":"https:\/\/hollandaquasight.com\/fr\/#website"},"primaryImageOfPage":{"@id":"https:\/\/hollandaquasight.com\/fr\/contact-holland-aqua-sight\/#primaryimage"},"image":{"@id":"https:\/\/hollandaquasight.com\/fr\/contact-holland-aqua-sight\/#primaryimage"},"thumbnailUrl":"https:\/\/hollandaquasight.com\/wp-content\/uploads\/2023\/03\/contact-us_1280x521.jpg","datePublished":"2015-09-25T07:53:55+00:00","dateModified":"2024-01-24T13:53:42+00:00","description":"En outre, un bon produit de haute qualit\u00e9 est un service important pour HAS. Nous sommes pr\u00eats \u00e0 r\u00e9pondre \u00e0 toutes vos questions !","breadcrumb":{"@id":"https:\/\/hollandaquasight.com\/fr\/contact-holland-aqua-sight\/#breadcrumb"},"inLanguage":"fr-FR","potentialAction":[{"@type":"ReadAction","target":["https:\/\/hollandaquasight.com\/fr\/contact-holland-aqua-sight\/"]}]},{"@type":"ImageObject","inLanguage":"fr-FR","@id":"https:\/\/hollandaquasight.com\/fr\/contact-holland-aqua-sight\/#primaryimage","url":"https:\/\/hollandaquasight.com\/wp-content\/uploads\/2023\/03\/contact-us_1280x521.jpg","contentUrl":"https:\/\/hollandaquasight.com\/wp-content\/uploads\/2023\/03\/contact-us_1280x521.jpg","width":1280,"height":521,"caption":"contact"},{"@type":"BreadcrumbList","@id":"https:\/\/hollandaquasight.com\/fr\/contact-holland-aqua-sight\/#breadcrumb","itemListElement":[{"@type":"ListItem","position":1,"name":"Home","item":"https:\/\/hollandaquasight.com\/fr\/"},{"@type":"ListItem","position":2,"name":"Contact Holland Aqua Sight"}]},{"@type":"WebSite","@id":"https:\/\/hollandaquasight.com\/fr\/#website","url":"https:\/\/hollandaquasight.com\/fr\/","name":"Holland Aqua Sight","description":"Onderwaterramen en beweegbare zwembadvloeren","publisher":{"@id":"https:\/\/hollandaquasight.com\/fr\/#organization"},"potentialAction":[{"@type":"SearchAction","target":{"@type":"EntryPoint","urlTemplate":"https:\/\/hollandaquasight.com\/fr\/?s={search_term_string}"},"query-input":{"@type":"PropertyValueSpecification","valueRequired":true,"valueName":"search_term_string"}}],"inLanguage":"fr-FR"},{"@type":"Organization","@id":"https:\/\/hollandaquasight.com\/fr\/#organization","name":"Holland Aqua Sight","alternateName":"HAS","url":"https:\/\/hollandaquasight.com\/fr\/","logo":{"@type":"ImageObject","inLanguage":"fr-FR","@id":"https:\/\/hollandaquasight.com\/fr\/#\/schema\/logo\/image\/","url":"https:\/\/hollandaquasight.com\/wp-content\/uploads\/2023\/03\/HAS_brand_1x1.jpg","contentUrl":"https:\/\/hollandaquasight.com\/wp-content\/uploads\/2023\/03\/HAS_brand_1x1.jpg","width":697,"height":697,"caption":"Holland Aqua Sight"},"image":{"@id":"https:\/\/hollandaquasight.com\/fr\/#\/schema\/logo\/image\/"}}]}},"_links":{"self":[{"href":"https:\/\/hollandaquasight.com\/fr\/wp-json\/wp\/v2\/pages\/483","targetHints":{"allow":["GET"]}}],"collection":[{"href":"https:\/\/hollandaquasight.com\/fr\/wp-json\/wp\/v2\/pages"}],"about":[{"href":"https:\/\/hollandaquasight.com\/fr\/wp-json\/wp\/v2\/types\/page"}],"author":[{"embeddable":true,"href":"https:\/\/hollandaquasight.com\/fr\/wp-json\/wp\/v2\/users\/6"}],"replies":[{"embeddable":true,"href":"https:\/\/hollandaquasight.com\/fr\/wp-json\/wp\/v2\/comments?post=483"}],"version-history":[{"count":4,"href":"https:\/\/hollandaquasight.com\/fr\/wp-json\/wp\/v2\/pages\/483\/revisions"}],"predecessor-version":[{"id":12714,"href":"https:\/\/hollandaquasight.com\/fr\/wp-json\/wp\/v2\/pages\/483\/revisions\/12714"}],"wp:featuredmedia":[{"embeddable":true,"href":"https:\/\/hollandaquasight.com\/fr\/wp-json\/wp\/v2\/media\/137"}],"wp:attachment":[{"href":"https:\/\/hollandaquasight.com\/fr\/wp-json\/wp\/v2\/media?parent=483"}],"curies":[{"name":"wp","href":"https:\/\/api.w.org\/{rel}","templated":true}]}}