{"id":493,"date":"2019-07-16T14:19:42","date_gmt":"2019-07-16T12:19:42","guid":{"rendered":"https:\/\/hollandaquasight.com\/staging\/le-fonds-mobile-bassins-prives\/"},"modified":"2024-08-26T14:15:26","modified_gmt":"2024-08-26T12:15:26","slug":"le-fond-mobile-bassins-prives","status":"publish","type":"page","link":"https:\/\/hollandaquasight.com\/fr\/le-fond-mobile-bassins-prives\/","title":{"rendered":"Le Fond mobile \u2013 bassins priv\u00e9s"},"content":{"rendered":"\r\n<p>Imaginez-vous une pi\u00e8ce d\u2019apparence ordinaire, pouvant se transformer en piscine ! Cette modularit\u00e9 est rendue possible par la technologie Holland Aqua Sight.<\/p>\r\n\r\n\r\n\r\n<p>Le <a href=\"https:\/\/hollandaquasight.com\/fr\/le-fonds-mobile-bassins-prives\/\">fond mobile<\/a> est un atout prestigieux pour votre maison, nos ing\u00e9nieurs travaillent dessus depuis d\u00e9j\u00e0 de longues ann\u00e9es. Le savoir-faire pour mettre au point une technologie sans faille a \u00e9t\u00e9 acquis notamment gr\u00e2ce \u00e0 une grande exp\u00e9rience dans la conception et la mise en service de <a href=\"https:\/\/variopool.fr\/produits\/\" target=\"_blank\" rel=\"noopener\">fond mobiles dans les piscine publiques<\/a>, ou pour de grands \u00e9v\u00e9nements comme par exemple les jeux olympiques de Londres. Le succ\u00e8s de ces structures nous a conduit \u00e0 d\u00e9velopper en collaboration avec les leaders du march\u00e9, Variopool, des fond mobiles priv\u00e9s. Nous disposons \u00e9galement de brevets. Nous innovons et adaptons notre offre en permanence de sorte \u00e0 vous offrir le meilleur \u00e9quipement disponible sur le march\u00e9.<\/p>\r\n\r\n\r\n\r\n<h2 class=\"wp-block-heading\">Le principe du fond mobile<\/h2>\r\n\r\n\r\n\r\n<p>Les fond mobiles Holland Aqua Sight sont des constructions flottantes dont la hauteur peut \u00eatre ajust\u00e9e \u00e0 l\u2019aide de v\u00e9rins hydrauliques et de c\u00e2bles en inox. Ce type de conception vous permet d\u2019adapter la profondeur de votre bassin en utilisant les forces naturelles (flottaison par pouss\u00e9e d\u2019Archim\u00e8de). Les r\u00e9glages s\u2019effectuent \u00e0 partir d\u2019un \u00e9cran de contr\u00f4le que l\u2019on peut ins\u00e9rer dans le mur de la pi\u00e8ce. Le fond mobile est tr\u00e8s avantageux, il permet un gain de place, et peut se montrer tr\u00e8s pratique par exemple en r\u00e9glant une faible profondeur pour les enfants.<\/p>\r\n\r\n\r\n\r\n<figure class=\"wp-block-gallery columns-3 is-cropped wp-block-gallery-1 is-layout-flex wp-block-gallery-is-layout-flex\"><\/figure>\r\n\r\n\r\n\r\n<p>Envie d\u2019utiliser pleinement l\u2019espace de votre pi\u00e8ce\u00a0? Il vous suffit de faire disparaitre la piscine en pla\u00e7ant le fond mobile est en position haute. Vous pourrez ainsi utiliser l\u2019espace comme bon vous semble, les possibilit\u00e9s sont infinies.<\/p>\r\n\r\n\r\n\r\n<p>Jetez un \u0153il au projets que nous avons d\u00e9j\u00e0 accompli, et si besoin n\u2019h\u00e9sitez pas \u00e0 entrer directement en <a href=\"https:\/\/hollandaquasight.com\/fr\/contact-holland-aqua-sight\/\">contact avec nos commerciaux<\/a>.<\/p>\r\n","protected":false},"excerpt":{"rendered":"<p>Imaginez-vous une pi\u00e8ce d\u2019apparence ordinaire, pouvant se transformer en piscine ! Cette modularit\u00e9 est rendue possible par la technologie Holland [&hellip;]<\/p>\n","protected":false},"author":6,"featured_media":12138,"parent":0,"menu_order":0,"comment_status":"closed","ping_status":"closed","template":"","meta":{"_acf_changed":false,"footnotes":""},"class_list":["post-493","page","type-page","status-publish","has-post-thumbnail","hentry"],"acf":[],"yoast_head":"<!-- This site is optimized with the Yoast SEO Premium plugin v25.9 (Yoast SEO v26.3) - https:\/\/yoast.com\/wordpress\/plugins\/seo\/ -->\n<title>Le Fond mobile \u2013 bassins priv\u00e9s &#8226; Holland Aqua Sight<\/title>\n<meta name=\"description\" content=\"Imaginez-vous une pi\u00e8ce d\u2019apparence ordinaire, pouvant se transformer en piscine ! Cette modularit\u00e9 est rendue possible par la technologie\" \/>\n<meta name=\"robots\" content=\"index, follow, max-snippet:-1, max-image-preview:large, max-video-preview:-1\" \/>\n<link rel=\"canonical\" href=\"https:\/\/hollandaquasight.com\/fr\/le-fond-mobile-bassins-prives\/\" \/>\n<meta property=\"og:locale\" content=\"fr_FR\" \/>\n<meta property=\"og:type\" content=\"article\" \/>\n<meta property=\"og:title\" content=\"Le Fond mobile \u2013 bassins priv\u00e9s\" \/>\n<meta property=\"og:description\" content=\"Imaginez-vous une pi\u00e8ce d\u2019apparence ordinaire, pouvant se transformer en piscine ! Cette modularit\u00e9 est rendue possible par la technologie\" \/>\n<meta property=\"og:url\" content=\"https:\/\/hollandaquasight.com\/fr\/le-fond-mobile-bassins-prives\/\" \/>\n<meta property=\"og:site_name\" content=\"Holland Aqua Sight\" \/>\n<meta property=\"article:modified_time\" content=\"2024-08-26T12:15:26+00:00\" \/>\n<meta property=\"og:image\" content=\"https:\/\/hollandaquasight.com\/wp-content\/uploads\/2023\/03\/Movable-floor-private-pool.jpg\" \/>\n\t<meta property=\"og:image:width\" content=\"1200\" \/>\n\t<meta property=\"og:image:height\" content=\"400\" \/>\n\t<meta property=\"og:image:type\" content=\"image\/jpeg\" \/>\n<meta name=\"twitter:card\" content=\"summary_large_image\" \/>\n<meta name=\"twitter:label1\" content=\"Dur\u00e9e de lecture estim\u00e9e\" \/>\n\t<meta name=\"twitter:data1\" content=\"2 minutes\" \/>\n<script type=\"application\/ld+json\" class=\"yoast-schema-graph\">{\"@context\":\"https:\/\/schema.org\",\"@graph\":[{\"@type\":\"WebPage\",\"@id\":\"https:\/\/hollandaquasight.com\/fr\/le-fond-mobile-bassins-prives\/\",\"url\":\"https:\/\/hollandaquasight.com\/fr\/le-fond-mobile-bassins-prives\/\",\"name\":\"Le Fond mobile \u2013 bassins priv\u00e9s &#8226; Holland Aqua Sight\",\"isPartOf\":{\"@id\":\"https:\/\/hollandaquasight.com\/fr\/#website\"},\"primaryImageOfPage\":{\"@id\":\"https:\/\/hollandaquasight.com\/fr\/le-fond-mobile-bassins-prives\/#primaryimage\"},\"image\":{\"@id\":\"https:\/\/hollandaquasight.com\/fr\/le-fond-mobile-bassins-prives\/#primaryimage\"},\"thumbnailUrl\":\"https:\/\/hollandaquasight.com\/wp-content\/uploads\/2023\/03\/Movable-floor-private-pool.jpg\",\"datePublished\":\"2019-07-16T12:19:42+00:00\",\"dateModified\":\"2024-08-26T12:15:26+00:00\",\"description\":\"Imaginez-vous une pi\u00e8ce d\u2019apparence ordinaire, pouvant se transformer en piscine ! Cette modularit\u00e9 est rendue possible par la technologie\",\"breadcrumb\":{\"@id\":\"https:\/\/hollandaquasight.com\/fr\/le-fond-mobile-bassins-prives\/#breadcrumb\"},\"inLanguage\":\"fr-FR\",\"potentialAction\":[{\"@type\":\"ReadAction\",\"target\":[\"https:\/\/hollandaquasight.com\/fr\/le-fond-mobile-bassins-prives\/\"]}]},{\"@type\":\"ImageObject\",\"inLanguage\":\"fr-FR\",\"@id\":\"https:\/\/hollandaquasight.com\/fr\/le-fond-mobile-bassins-prives\/#primaryimage\",\"url\":\"https:\/\/hollandaquasight.com\/wp-content\/uploads\/2023\/03\/Movable-floor-private-pool.jpg\",\"contentUrl\":\"https:\/\/hollandaquasight.com\/wp-content\/uploads\/2023\/03\/Movable-floor-private-pool.jpg\",\"width\":1200,\"height\":400,\"caption\":\"beweegbare bodem\"},{\"@type\":\"BreadcrumbList\",\"@id\":\"https:\/\/hollandaquasight.com\/fr\/le-fond-mobile-bassins-prives\/#breadcrumb\",\"itemListElement\":[{\"@type\":\"ListItem\",\"position\":1,\"name\":\"Home\",\"item\":\"https:\/\/hollandaquasight.com\/fr\/\"},{\"@type\":\"ListItem\",\"position\":2,\"name\":\"Le Fond mobile \u2013 bassins priv\u00e9s\"}]},{\"@type\":\"WebSite\",\"@id\":\"https:\/\/hollandaquasight.com\/fr\/#website\",\"url\":\"https:\/\/hollandaquasight.com\/fr\/\",\"name\":\"Holland Aqua Sight\",\"description\":\"Onderwaterramen en beweegbare zwembadvloeren\",\"publisher\":{\"@id\":\"https:\/\/hollandaquasight.com\/fr\/#organization\"},\"potentialAction\":[{\"@type\":\"SearchAction\",\"target\":{\"@type\":\"EntryPoint\",\"urlTemplate\":\"https:\/\/hollandaquasight.com\/fr\/?s={search_term_string}\"},\"query-input\":{\"@type\":\"PropertyValueSpecification\",\"valueRequired\":true,\"valueName\":\"search_term_string\"}}],\"inLanguage\":\"fr-FR\"},{\"@type\":\"Organization\",\"@id\":\"https:\/\/hollandaquasight.com\/fr\/#organization\",\"name\":\"Holland Aqua Sight\",\"alternateName\":\"HAS\",\"url\":\"https:\/\/hollandaquasight.com\/fr\/\",\"logo\":{\"@type\":\"ImageObject\",\"inLanguage\":\"fr-FR\",\"@id\":\"https:\/\/hollandaquasight.com\/fr\/#\/schema\/logo\/image\/\",\"url\":\"https:\/\/hollandaquasight.com\/wp-content\/uploads\/2023\/03\/HAS_brand_1x1.jpg\",\"contentUrl\":\"https:\/\/hollandaquasight.com\/wp-content\/uploads\/2023\/03\/HAS_brand_1x1.jpg\",\"width\":697,\"height\":697,\"caption\":\"Holland Aqua Sight\"},\"image\":{\"@id\":\"https:\/\/hollandaquasight.com\/fr\/#\/schema\/logo\/image\/\"}}]}<\/script>\n<!-- \/ Yoast SEO Premium plugin. -->","yoast_head_json":{"title":"Le Fond mobile \u2013 bassins priv\u00e9s &#8226; Holland Aqua Sight","description":"Imaginez-vous une pi\u00e8ce d\u2019apparence ordinaire, pouvant se transformer en piscine ! Cette modularit\u00e9 est rendue possible par la technologie","robots":{"index":"index","follow":"follow","max-snippet":"max-snippet:-1","max-image-preview":"max-image-preview:large","max-video-preview":"max-video-preview:-1"},"canonical":"https:\/\/hollandaquasight.com\/fr\/le-fond-mobile-bassins-prives\/","og_locale":"fr_FR","og_type":"article","og_title":"Le Fond mobile \u2013 bassins priv\u00e9s","og_description":"Imaginez-vous une pi\u00e8ce d\u2019apparence ordinaire, pouvant se transformer en piscine ! Cette modularit\u00e9 est rendue possible par la technologie","og_url":"https:\/\/hollandaquasight.com\/fr\/le-fond-mobile-bassins-prives\/","og_site_name":"Holland Aqua Sight","article_modified_time":"2024-08-26T12:15:26+00:00","og_image":[{"width":1200,"height":400,"url":"https:\/\/hollandaquasight.com\/wp-content\/uploads\/2023\/03\/Movable-floor-private-pool.jpg","type":"image\/jpeg"}],"twitter_card":"summary_large_image","twitter_misc":{"Dur\u00e9e de lecture estim\u00e9e":"2 minutes"},"schema":{"@context":"https:\/\/schema.org","@graph":[{"@type":"WebPage","@id":"https:\/\/hollandaquasight.com\/fr\/le-fond-mobile-bassins-prives\/","url":"https:\/\/hollandaquasight.com\/fr\/le-fond-mobile-bassins-prives\/","name":"Le Fond mobile \u2013 bassins priv\u00e9s &#8226; Holland Aqua Sight","isPartOf":{"@id":"https:\/\/hollandaquasight.com\/fr\/#website"},"primaryImageOfPage":{"@id":"https:\/\/hollandaquasight.com\/fr\/le-fond-mobile-bassins-prives\/#primaryimage"},"image":{"@id":"https:\/\/hollandaquasight.com\/fr\/le-fond-mobile-bassins-prives\/#primaryimage"},"thumbnailUrl":"https:\/\/hollandaquasight.com\/wp-content\/uploads\/2023\/03\/Movable-floor-private-pool.jpg","datePublished":"2019-07-16T12:19:42+00:00","dateModified":"2024-08-26T12:15:26+00:00","description":"Imaginez-vous une pi\u00e8ce d\u2019apparence ordinaire, pouvant se transformer en piscine ! Cette modularit\u00e9 est rendue possible par la technologie","breadcrumb":{"@id":"https:\/\/hollandaquasight.com\/fr\/le-fond-mobile-bassins-prives\/#breadcrumb"},"inLanguage":"fr-FR","potentialAction":[{"@type":"ReadAction","target":["https:\/\/hollandaquasight.com\/fr\/le-fond-mobile-bassins-prives\/"]}]},{"@type":"ImageObject","inLanguage":"fr-FR","@id":"https:\/\/hollandaquasight.com\/fr\/le-fond-mobile-bassins-prives\/#primaryimage","url":"https:\/\/hollandaquasight.com\/wp-content\/uploads\/2023\/03\/Movable-floor-private-pool.jpg","contentUrl":"https:\/\/hollandaquasight.com\/wp-content\/uploads\/2023\/03\/Movable-floor-private-pool.jpg","width":1200,"height":400,"caption":"beweegbare bodem"},{"@type":"BreadcrumbList","@id":"https:\/\/hollandaquasight.com\/fr\/le-fond-mobile-bassins-prives\/#breadcrumb","itemListElement":[{"@type":"ListItem","position":1,"name":"Home","item":"https:\/\/hollandaquasight.com\/fr\/"},{"@type":"ListItem","position":2,"name":"Le Fond mobile \u2013 bassins priv\u00e9s"}]},{"@type":"WebSite","@id":"https:\/\/hollandaquasight.com\/fr\/#website","url":"https:\/\/hollandaquasight.com\/fr\/","name":"Holland Aqua Sight","description":"Onderwaterramen en beweegbare zwembadvloeren","publisher":{"@id":"https:\/\/hollandaquasight.com\/fr\/#organization"},"potentialAction":[{"@type":"SearchAction","target":{"@type":"EntryPoint","urlTemplate":"https:\/\/hollandaquasight.com\/fr\/?s={search_term_string}"},"query-input":{"@type":"PropertyValueSpecification","valueRequired":true,"valueName":"search_term_string"}}],"inLanguage":"fr-FR"},{"@type":"Organization","@id":"https:\/\/hollandaquasight.com\/fr\/#organization","name":"Holland Aqua Sight","alternateName":"HAS","url":"https:\/\/hollandaquasight.com\/fr\/","logo":{"@type":"ImageObject","inLanguage":"fr-FR","@id":"https:\/\/hollandaquasight.com\/fr\/#\/schema\/logo\/image\/","url":"https:\/\/hollandaquasight.com\/wp-content\/uploads\/2023\/03\/HAS_brand_1x1.jpg","contentUrl":"https:\/\/hollandaquasight.com\/wp-content\/uploads\/2023\/03\/HAS_brand_1x1.jpg","width":697,"height":697,"caption":"Holland Aqua Sight"},"image":{"@id":"https:\/\/hollandaquasight.com\/fr\/#\/schema\/logo\/image\/"}}]}},"_links":{"self":[{"href":"https:\/\/hollandaquasight.com\/fr\/wp-json\/wp\/v2\/pages\/493","targetHints":{"allow":["GET"]}}],"collection":[{"href":"https:\/\/hollandaquasight.com\/fr\/wp-json\/wp\/v2\/pages"}],"about":[{"href":"https:\/\/hollandaquasight.com\/fr\/wp-json\/wp\/v2\/types\/page"}],"author":[{"embeddable":true,"href":"https:\/\/hollandaquasight.com\/fr\/wp-json\/wp\/v2\/users\/6"}],"replies":[{"embeddable":true,"href":"https:\/\/hollandaquasight.com\/fr\/wp-json\/wp\/v2\/comments?post=493"}],"version-history":[{"count":10,"href":"https:\/\/hollandaquasight.com\/fr\/wp-json\/wp\/v2\/pages\/493\/revisions"}],"predecessor-version":[{"id":13113,"href":"https:\/\/hollandaquasight.com\/fr\/wp-json\/wp\/v2\/pages\/493\/revisions\/13113"}],"wp:featuredmedia":[{"embeddable":true,"href":"https:\/\/hollandaquasight.com\/fr\/wp-json\/wp\/v2\/media\/12138"}],"wp:attachment":[{"href":"https:\/\/hollandaquasight.com\/fr\/wp-json\/wp\/v2\/media?parent=493"}],"curies":[{"name":"wp","href":"https:\/\/api.w.org\/{rel}","templated":true}]}}