{"id":496,"date":"2020-03-09T14:24:33","date_gmt":"2020-03-09T14:24:33","guid":{"rendered":"https:\/\/hollandaquasight.com\/staging\/quest-ce-quun-fond-mobile-de-piscine\/"},"modified":"2023-09-19T08:40:11","modified_gmt":"2023-09-19T06:40:11","slug":"quest-ce-quun-fond-mobile-de-piscine","status":"publish","type":"page","link":"https:\/\/hollandaquasight.com\/fr\/quest-ce-quun-fond-mobile-de-piscine\/","title":{"rendered":"Qu\u2019est-ce qu\u2019un fond mobile de piscine ?"},"content":{"rendered":"\r\n<ul class=\"wp-block-list\">\r\n<li>Un fond mobile est un sol flottant de piscine qui peut se positionner \u00e0 diff\u00e9rents niveaux de profondeur<\/li>\r\n<\/ul>\r\n\r\n\r\n\r\n<ul class=\"wp-block-list\">\r\n<li>Il fonctionne gr\u00e2ce \u00e0 un syst\u00e8me hydraulique am\u00e9nag\u00e9 en galerie technique hors eau, ceci \u00e9vitant tout contact de l\u2019huile avec l\u2019eau du bassin (\u00e9tanch\u00e9it\u00e9 compl\u00e8te de la travers\u00e9e de paroi)<\/li>\r\n<\/ul>\r\n\r\n\r\n\r\n<ul class=\"wp-block-list\">\r\n<li>Un fond mobile peut \u00eatre install\u00e9 dans les piscines r\u00e9sidentielles et dans les piscines publiques. \u00a0\u00a0\u00a0\u00a0\u00a0\u00a0\u00a0<\/li>\r\n<\/ul>\r\n\r\n\r\n\r\n<ul class=\"wp-block-list\">\r\n<li>Relev\u00e9 au maximum, le fond mobile peut \u00e9galement faire office de couverture thermique. L\u2019eau refroidit ainsi moins rapidement permettant la r\u00e9alisation d\u2019\u00e9conomies d\u2019\u00e9nergies.<\/li>\r\n<\/ul>\r\n\r\n\r\n\r\n<ul class=\"wp-block-list\">\r\n<li>Le fond mobile permet d\u2019optimiser les surfaces de sol. Une fois relev\u00e9 au maximum, il est possible de marcher dessus, de le transformer en piste de danse etc.<\/li>\r\n<\/ul>\r\n\r\n\r\n\r\n<h2 class=\"wp-block-heading\"><strong>Optimisation de surfaces utiles<\/strong><\/h2>\r\n\r\n\r\n\r\n<p>Avec un fond mobile relev\u00e9 au maximum, vous b\u00e9n\u00e9ficiez d\u2019une surface plane suppl\u00e9mentaire hors de l\u2019eau, espace que vous pourrez utiliser pour de nombreuses activit\u00e9s.<\/p>\r\n\r\n\r\n\r\n<p>Par exemple, le fond mobile peut \u00eatre am\u00e9nag\u00e9 en terrasse.<\/p>\r\n\r\n\r\n\r\n<p>Quand le fond mobile est abaiss\u00e9, vous pouvez profiter de votre piscine.<\/p>\r\n\r\n\r\n\r\n<p>La profondeur peut \u00eatre modifi\u00e9e \u00e0 souhait\u00a0et adapt\u00e9e aux nageurs (par exemple, pour la s\u00e9curit\u00e9 des enfants.<\/p>\r\n","protected":false},"excerpt":{"rendered":"<p>Un fond mobile est un sol flottant de piscine qui peut se positionner \u00e0 diff\u00e9rents niveaux de profondeur Il fonctionne [&hellip;]<\/p>\n","protected":false},"author":6,"featured_media":747,"parent":0,"menu_order":0,"comment_status":"closed","ping_status":"closed","template":"","meta":{"_acf_changed":false,"footnotes":""},"class_list":["post-496","page","type-page","status-publish","has-post-thumbnail","hentry"],"acf":[],"yoast_head":"<!-- This site is optimized with the Yoast SEO Premium plugin v25.9 (Yoast SEO v26.3) - https:\/\/yoast.com\/wordpress\/plugins\/seo\/ -->\n<title>Qu\u2019est-ce qu\u2019un fond mobile de piscine ? &#8226; Holland Aqua Sight<\/title>\n<meta name=\"description\" content=\"A movable floor for your residential swimming pool, resort or hotel is the best and easiest way to get the most out the available space.\" \/>\n<meta name=\"robots\" content=\"index, follow, max-snippet:-1, max-image-preview:large, max-video-preview:-1\" \/>\n<link rel=\"canonical\" href=\"https:\/\/hollandaquasight.com\/fr\/quest-ce-quun-fond-mobile-de-piscine\/\" \/>\n<meta property=\"og:locale\" content=\"fr_FR\" \/>\n<meta property=\"og:type\" content=\"article\" \/>\n<meta property=\"og:title\" content=\"Qu\u2019est-ce qu\u2019un fond mobile de piscine ?\" \/>\n<meta property=\"og:description\" content=\"A movable floor for your residential swimming pool, resort or hotel is the best and easiest way to get the most out the available space.\" \/>\n<meta property=\"og:url\" content=\"https:\/\/hollandaquasight.com\/fr\/quest-ce-quun-fond-mobile-de-piscine\/\" \/>\n<meta property=\"og:site_name\" content=\"Holland Aqua Sight\" \/>\n<meta property=\"article:modified_time\" content=\"2023-09-19T06:40:11+00:00\" \/>\n<meta property=\"og:image\" content=\"https:\/\/hollandaquasight.com\/wp-content\/uploads\/2023\/03\/movable-floor-1.jpg\" \/>\n\t<meta property=\"og:image:width\" content=\"1200\" \/>\n\t<meta property=\"og:image:height\" content=\"400\" \/>\n\t<meta property=\"og:image:type\" content=\"image\/jpeg\" \/>\n<meta name=\"twitter:card\" content=\"summary_large_image\" \/>\n<meta name=\"twitter:label1\" content=\"Dur\u00e9e de lecture estim\u00e9e\" \/>\n\t<meta name=\"twitter:data1\" content=\"1 minute\" \/>\n<script type=\"application\/ld+json\" class=\"yoast-schema-graph\">{\"@context\":\"https:\/\/schema.org\",\"@graph\":[{\"@type\":\"WebPage\",\"@id\":\"https:\/\/hollandaquasight.com\/fr\/quest-ce-quun-fond-mobile-de-piscine\/\",\"url\":\"https:\/\/hollandaquasight.com\/fr\/quest-ce-quun-fond-mobile-de-piscine\/\",\"name\":\"Qu\u2019est-ce qu\u2019un fond mobile de piscine ? &#8226; Holland Aqua Sight\",\"isPartOf\":{\"@id\":\"https:\/\/hollandaquasight.com\/fr\/#website\"},\"primaryImageOfPage\":{\"@id\":\"https:\/\/hollandaquasight.com\/fr\/quest-ce-quun-fond-mobile-de-piscine\/#primaryimage\"},\"image\":{\"@id\":\"https:\/\/hollandaquasight.com\/fr\/quest-ce-quun-fond-mobile-de-piscine\/#primaryimage\"},\"thumbnailUrl\":\"https:\/\/hollandaquasight.com\/wp-content\/uploads\/2023\/03\/movable-floor-1.jpg\",\"datePublished\":\"2020-03-09T14:24:33+00:00\",\"dateModified\":\"2023-09-19T06:40:11+00:00\",\"description\":\"A movable floor for your residential swimming pool, resort or hotel is the best and easiest way to get the most out the available space.\",\"breadcrumb\":{\"@id\":\"https:\/\/hollandaquasight.com\/fr\/quest-ce-quun-fond-mobile-de-piscine\/#breadcrumb\"},\"inLanguage\":\"fr-FR\",\"potentialAction\":[{\"@type\":\"ReadAction\",\"target\":[\"https:\/\/hollandaquasight.com\/fr\/quest-ce-quun-fond-mobile-de-piscine\/\"]}]},{\"@type\":\"ImageObject\",\"inLanguage\":\"fr-FR\",\"@id\":\"https:\/\/hollandaquasight.com\/fr\/quest-ce-quun-fond-mobile-de-piscine\/#primaryimage\",\"url\":\"https:\/\/hollandaquasight.com\/wp-content\/uploads\/2023\/03\/movable-floor-1.jpg\",\"contentUrl\":\"https:\/\/hollandaquasight.com\/wp-content\/uploads\/2023\/03\/movable-floor-1.jpg\",\"width\":1200,\"height\":400,\"caption\":\"movable floor\"},{\"@type\":\"BreadcrumbList\",\"@id\":\"https:\/\/hollandaquasight.com\/fr\/quest-ce-quun-fond-mobile-de-piscine\/#breadcrumb\",\"itemListElement\":[{\"@type\":\"ListItem\",\"position\":1,\"name\":\"Home\",\"item\":\"https:\/\/hollandaquasight.com\/fr\/\"},{\"@type\":\"ListItem\",\"position\":2,\"name\":\"Qu\u2019est-ce qu\u2019un fond mobile de piscine ?\"}]},{\"@type\":\"WebSite\",\"@id\":\"https:\/\/hollandaquasight.com\/fr\/#website\",\"url\":\"https:\/\/hollandaquasight.com\/fr\/\",\"name\":\"Holland Aqua Sight\",\"description\":\"Onderwaterramen en beweegbare zwembadvloeren\",\"publisher\":{\"@id\":\"https:\/\/hollandaquasight.com\/fr\/#organization\"},\"potentialAction\":[{\"@type\":\"SearchAction\",\"target\":{\"@type\":\"EntryPoint\",\"urlTemplate\":\"https:\/\/hollandaquasight.com\/fr\/?s={search_term_string}\"},\"query-input\":{\"@type\":\"PropertyValueSpecification\",\"valueRequired\":true,\"valueName\":\"search_term_string\"}}],\"inLanguage\":\"fr-FR\"},{\"@type\":\"Organization\",\"@id\":\"https:\/\/hollandaquasight.com\/fr\/#organization\",\"name\":\"Holland Aqua Sight\",\"alternateName\":\"HAS\",\"url\":\"https:\/\/hollandaquasight.com\/fr\/\",\"logo\":{\"@type\":\"ImageObject\",\"inLanguage\":\"fr-FR\",\"@id\":\"https:\/\/hollandaquasight.com\/fr\/#\/schema\/logo\/image\/\",\"url\":\"https:\/\/hollandaquasight.com\/wp-content\/uploads\/2023\/03\/HAS_brand_1x1.jpg\",\"contentUrl\":\"https:\/\/hollandaquasight.com\/wp-content\/uploads\/2023\/03\/HAS_brand_1x1.jpg\",\"width\":697,\"height\":697,\"caption\":\"Holland Aqua Sight\"},\"image\":{\"@id\":\"https:\/\/hollandaquasight.com\/fr\/#\/schema\/logo\/image\/\"}}]}<\/script>\n<!-- \/ Yoast SEO Premium plugin. -->","yoast_head_json":{"title":"Qu\u2019est-ce qu\u2019un fond mobile de piscine ? &#8226; Holland Aqua Sight","description":"A movable floor for your residential swimming pool, resort or hotel is the best and easiest way to get the most out the available space.","robots":{"index":"index","follow":"follow","max-snippet":"max-snippet:-1","max-image-preview":"max-image-preview:large","max-video-preview":"max-video-preview:-1"},"canonical":"https:\/\/hollandaquasight.com\/fr\/quest-ce-quun-fond-mobile-de-piscine\/","og_locale":"fr_FR","og_type":"article","og_title":"Qu\u2019est-ce qu\u2019un fond mobile de piscine ?","og_description":"A movable floor for your residential swimming pool, resort or hotel is the best and easiest way to get the most out the available space.","og_url":"https:\/\/hollandaquasight.com\/fr\/quest-ce-quun-fond-mobile-de-piscine\/","og_site_name":"Holland Aqua Sight","article_modified_time":"2023-09-19T06:40:11+00:00","og_image":[{"width":1200,"height":400,"url":"https:\/\/hollandaquasight.com\/wp-content\/uploads\/2023\/03\/movable-floor-1.jpg","type":"image\/jpeg"}],"twitter_card":"summary_large_image","twitter_misc":{"Dur\u00e9e de lecture estim\u00e9e":"1 minute"},"schema":{"@context":"https:\/\/schema.org","@graph":[{"@type":"WebPage","@id":"https:\/\/hollandaquasight.com\/fr\/quest-ce-quun-fond-mobile-de-piscine\/","url":"https:\/\/hollandaquasight.com\/fr\/quest-ce-quun-fond-mobile-de-piscine\/","name":"Qu\u2019est-ce qu\u2019un fond mobile de piscine ? &#8226; Holland Aqua Sight","isPartOf":{"@id":"https:\/\/hollandaquasight.com\/fr\/#website"},"primaryImageOfPage":{"@id":"https:\/\/hollandaquasight.com\/fr\/quest-ce-quun-fond-mobile-de-piscine\/#primaryimage"},"image":{"@id":"https:\/\/hollandaquasight.com\/fr\/quest-ce-quun-fond-mobile-de-piscine\/#primaryimage"},"thumbnailUrl":"https:\/\/hollandaquasight.com\/wp-content\/uploads\/2023\/03\/movable-floor-1.jpg","datePublished":"2020-03-09T14:24:33+00:00","dateModified":"2023-09-19T06:40:11+00:00","description":"A movable floor for your residential swimming pool, resort or hotel is the best and easiest way to get the most out the available space.","breadcrumb":{"@id":"https:\/\/hollandaquasight.com\/fr\/quest-ce-quun-fond-mobile-de-piscine\/#breadcrumb"},"inLanguage":"fr-FR","potentialAction":[{"@type":"ReadAction","target":["https:\/\/hollandaquasight.com\/fr\/quest-ce-quun-fond-mobile-de-piscine\/"]}]},{"@type":"ImageObject","inLanguage":"fr-FR","@id":"https:\/\/hollandaquasight.com\/fr\/quest-ce-quun-fond-mobile-de-piscine\/#primaryimage","url":"https:\/\/hollandaquasight.com\/wp-content\/uploads\/2023\/03\/movable-floor-1.jpg","contentUrl":"https:\/\/hollandaquasight.com\/wp-content\/uploads\/2023\/03\/movable-floor-1.jpg","width":1200,"height":400,"caption":"movable floor"},{"@type":"BreadcrumbList","@id":"https:\/\/hollandaquasight.com\/fr\/quest-ce-quun-fond-mobile-de-piscine\/#breadcrumb","itemListElement":[{"@type":"ListItem","position":1,"name":"Home","item":"https:\/\/hollandaquasight.com\/fr\/"},{"@type":"ListItem","position":2,"name":"Qu\u2019est-ce qu\u2019un fond mobile de piscine ?"}]},{"@type":"WebSite","@id":"https:\/\/hollandaquasight.com\/fr\/#website","url":"https:\/\/hollandaquasight.com\/fr\/","name":"Holland Aqua Sight","description":"Onderwaterramen en beweegbare zwembadvloeren","publisher":{"@id":"https:\/\/hollandaquasight.com\/fr\/#organization"},"potentialAction":[{"@type":"SearchAction","target":{"@type":"EntryPoint","urlTemplate":"https:\/\/hollandaquasight.com\/fr\/?s={search_term_string}"},"query-input":{"@type":"PropertyValueSpecification","valueRequired":true,"valueName":"search_term_string"}}],"inLanguage":"fr-FR"},{"@type":"Organization","@id":"https:\/\/hollandaquasight.com\/fr\/#organization","name":"Holland Aqua Sight","alternateName":"HAS","url":"https:\/\/hollandaquasight.com\/fr\/","logo":{"@type":"ImageObject","inLanguage":"fr-FR","@id":"https:\/\/hollandaquasight.com\/fr\/#\/schema\/logo\/image\/","url":"https:\/\/hollandaquasight.com\/wp-content\/uploads\/2023\/03\/HAS_brand_1x1.jpg","contentUrl":"https:\/\/hollandaquasight.com\/wp-content\/uploads\/2023\/03\/HAS_brand_1x1.jpg","width":697,"height":697,"caption":"Holland Aqua Sight"},"image":{"@id":"https:\/\/hollandaquasight.com\/fr\/#\/schema\/logo\/image\/"}}]}},"_links":{"self":[{"href":"https:\/\/hollandaquasight.com\/fr\/wp-json\/wp\/v2\/pages\/496","targetHints":{"allow":["GET"]}}],"collection":[{"href":"https:\/\/hollandaquasight.com\/fr\/wp-json\/wp\/v2\/pages"}],"about":[{"href":"https:\/\/hollandaquasight.com\/fr\/wp-json\/wp\/v2\/types\/page"}],"author":[{"embeddable":true,"href":"https:\/\/hollandaquasight.com\/fr\/wp-json\/wp\/v2\/users\/6"}],"replies":[{"embeddable":true,"href":"https:\/\/hollandaquasight.com\/fr\/wp-json\/wp\/v2\/comments?post=496"}],"version-history":[{"count":2,"href":"https:\/\/hollandaquasight.com\/fr\/wp-json\/wp\/v2\/pages\/496\/revisions"}],"predecessor-version":[{"id":12377,"href":"https:\/\/hollandaquasight.com\/fr\/wp-json\/wp\/v2\/pages\/496\/revisions\/12377"}],"wp:featuredmedia":[{"embeddable":true,"href":"https:\/\/hollandaquasight.com\/fr\/wp-json\/wp\/v2\/media\/747"}],"wp:attachment":[{"href":"https:\/\/hollandaquasight.com\/fr\/wp-json\/wp\/v2\/media?parent=496"}],"curies":[{"name":"wp","href":"https:\/\/api.w.org\/{rel}","templated":true}]}}