{"id":497,"date":"2015-09-25T11:12:59","date_gmt":"2015-09-25T09:12:59","guid":{"rendered":"https:\/\/hollandaquasight.com\/staging\/okna-podwodne-przezroczyste-baseny-i-ruchome-dna-basenow\/"},"modified":"2023-07-04T11:36:32","modified_gmt":"2023-07-04T09:36:32","slug":"okna-podwodne-przezroczyste-baseny-i-ruchome-dna-basenow","status":"publish","type":"page","link":"https:\/\/hollandaquasight.com\/pl\/","title":{"rendered":"Okna podwodne, przezroczyste baseny i ruchome dna basen\u00f3w"},"content":{"rendered":"<p>Holland Aqua Sight jest holenderskim przedsi\u0119biorstwem z siedzib\u0105 w Oudkarspel. Jeste\u015bmy firm\u0105 wyspecjalizowan\u0105 w projektowaniu, dostawie i monta\u017cu akrylowych okien podwodnych z plexiglasu\u00ae oraz ruchomych den do basen\u00f3w. Operujemy na rynku basen\u00f3w publicznych i prywatnych, oferuj\u0105c naszym klientom przejrzyste i wyj\u0105tkowe warunki wsp\u00f3\u0142pracy.<\/p>\n<p>Jeste\u015bmy cz\u0119\u015bci\u0105 <a href=\"http:\/\/www.variopool.nl\/\">grupy Variopool<\/a>, kt\u00f3ra istnieje ju\u017c od blisko 50 lat. Wsp\u00f3\u0142pracujemy z zespo\u0142em pi\u0119\u0107dziesi\u0119ciu os\u00f3b, specjalistami w takich dziedzinach jak in\u017cynieria, zarz\u0105dzanie projektami, instalacja, rozw\u00f3j produkt\u00f3w. Naszymi partnerami biznesowymi s\u0105 architekci, konstruktorzy basen\u00f3w\u00a0 oraz lokalne i mi\u0119dzynarodowe firmy budowlane. Variopool posiada unikalny system ruchomych den do basen\u00f3w sportowych, prywatnych i rehabilitacyjnych.<\/p>\n<h2><strong>LUKSUSOWY WYPOCZYNEK W INDYWIDUALNIE ZAPROJEKTOWANYM BASENIE<\/strong><\/h2>\n<p>Ciesz si\u0119 bezkresnym widokiem ze swojego domu i basenu. Dodaj lekko\u015bci hotelowej czy domowej strefie wellness przyci\u0105gaj\u0105cym wzrok basenem. Zamiast tradycyjnego basenu ze szk\u0142a oferujemy \u00a0niecki z wysokiej jako\u015bci \u00a0jednorodnych \u00a0blok\u00f3w akrylowych Plexiglas\u00ae\u00a0 o zwi\u0119kszonej przepuszczalno\u015bci \u015bwiat\u0142a (92%). Dodaj swojemu otoczeniu ten akcent luksusu i spraw aby basen sta\u0142 si\u0119 cz\u0119\u015bci\u0105 twojego domu. Zesp\u00f3\u0142 Holland Aqua Sight s\u0142u\u017cy ci pomoc\u0105 od A do Z. Jako\u015b\u0107, wiedza, trwa\u0142o\u015b\u0107 to priorytety firmy Holland Aqua Sight.<\/p>\n<p>Ruchome dno wbudowane w tw\u00f3j basen zamieni go w kilka minut w bezpieczne miejsce do zabaw dla dzieci, taras, parkiet do ta\u0144ca albo miejsce parkingowe. Mo\u017cesz mie\u0107 prywatny ukryty basen! Mo\u017cesz wybra\u0107 dowolny rodzaj wyko\u0144czenia powierzchni, kt\u00f3ry uczyni tw\u00f3j basen wyj\u0105tkowym. Pami\u0119taj tak\u017ce o tym, \u017ce ruchome dno pomaga utrzyma\u0107 basen w czysto\u015bci i pozwala na oszcz\u0119dno\u015b\u0107 energii. Ju\u017c nie musisz dokonywa\u0107 wyboru mi\u0119dzy basenem a powierzchni\u0105 domu.<\/p>\n<p>Je\u015bli potrzebujesz wi\u0119cej szczeg\u00f3\u0142owych informacji o produktach Holland Aqua Sight, obejrzyj dalej nasz\u0105 stron\u0119 lub wype\u0142nij \u00a0<a href=\"https:\/\/hollandaquasight.com\/contact-holland-aqua-sight\/\">formularz kontaktowy <\/a>.<\/p>\n","protected":false},"excerpt":{"rendered":"<p>Holland Aqua Sight jest holenderskim przedsi\u0119biorstwem z siedzib\u0105 w Oudkarspel. Jeste\u015bmy firm\u0105 wyspecjalizowan\u0105 w projektowaniu, dostawie i monta\u017cu akrylowych okien [&hellip;]<\/p>\n","protected":false},"author":6,"featured_media":11365,"parent":0,"menu_order":0,"comment_status":"closed","ping_status":"closed","template":"","meta":{"_acf_changed":false,"footnotes":""},"class_list":["post-497","page","type-page","status-publish","has-post-thumbnail","hentry"],"acf":[],"yoast_head":"<!-- This site is optimized with the Yoast SEO Premium plugin v25.9 (Yoast SEO v26.3) - https:\/\/yoast.com\/wordpress\/plugins\/seo\/ -->\n<title>Okna podwodne, przezroczyste baseny i ruchome dna basen\u00f3w<\/title>\n<meta name=\"description\" content=\"Jeste\u015bmy firm\u0105 wyspecjalizowan\u0105 w projektowaniu, dostawie i monta\u017cu akrylowych okien podwodnych z plexiglasu\u00ae oraz ruchomych den do basen\u00f3w.\" \/>\n<meta name=\"robots\" content=\"index, follow, max-snippet:-1, max-image-preview:large, max-video-preview:-1\" \/>\n<link rel=\"canonical\" href=\"https:\/\/hollandaquasight.com\/pl\/\" \/>\n<meta property=\"og:locale\" content=\"pl_PL\" \/>\n<meta property=\"og:type\" content=\"article\" \/>\n<meta property=\"og:title\" content=\"Okna podwodne, przezroczyste baseny i ruchome dna basen\u00f3w\" \/>\n<meta property=\"og:description\" content=\"Jeste\u015bmy firm\u0105 wyspecjalizowan\u0105 w projektowaniu, dostawie i monta\u017cu akrylowych okien podwodnych z plexiglasu\u00ae oraz ruchomych den do basen\u00f3w.\" \/>\n<meta property=\"og:url\" content=\"https:\/\/hollandaquasight.com\/pl\/\" \/>\n<meta property=\"og:site_name\" content=\"Holland Aqua Sight\" \/>\n<meta property=\"article:modified_time\" content=\"2023-07-04T09:36:32+00:00\" \/>\n<meta property=\"og:image\" content=\"https:\/\/hollandaquasight.com\/wp-content\/uploads\/2023\/03\/Holland-Aqua-Sight-1_1920x1280.jpg\" \/>\n\t<meta property=\"og:image:width\" content=\"1920\" \/>\n\t<meta property=\"og:image:height\" content=\"1280\" \/>\n\t<meta property=\"og:image:type\" content=\"image\/jpeg\" \/>\n<meta name=\"twitter:card\" content=\"summary_large_image\" \/>\n<meta name=\"twitter:label1\" content=\"Szacowany czas czytania\" \/>\n\t<meta name=\"twitter:data1\" content=\"2 minuty\" \/>\n<script type=\"application\/ld+json\" class=\"yoast-schema-graph\">{\"@context\":\"https:\/\/schema.org\",\"@graph\":[{\"@type\":\"WebPage\",\"@id\":\"https:\/\/hollandaquasight.com\/pl\/\",\"url\":\"https:\/\/hollandaquasight.com\/pl\/\",\"name\":\"Okna podwodne, przezroczyste baseny i ruchome dna basen\u00f3w\",\"isPartOf\":{\"@id\":\"https:\/\/hollandaquasight.com\/pl\/#website\"},\"primaryImageOfPage\":{\"@id\":\"https:\/\/hollandaquasight.com\/pl\/#primaryimage\"},\"image\":{\"@id\":\"https:\/\/hollandaquasight.com\/pl\/#primaryimage\"},\"thumbnailUrl\":\"https:\/\/hollandaquasight.com\/wp-content\/uploads\/2023\/03\/Holland-Aqua-Sight-1_1920x1280.jpg\",\"datePublished\":\"2015-09-25T09:12:59+00:00\",\"dateModified\":\"2023-07-04T09:36:32+00:00\",\"description\":\"Jeste\u015bmy firm\u0105 wyspecjalizowan\u0105 w projektowaniu, dostawie i monta\u017cu akrylowych okien podwodnych z plexiglasu\u00ae oraz ruchomych den do basen\u00f3w.\",\"breadcrumb\":{\"@id\":\"https:\/\/hollandaquasight.com\/pl\/#breadcrumb\"},\"inLanguage\":\"pl-PL\",\"potentialAction\":[{\"@type\":\"ReadAction\",\"target\":[\"https:\/\/hollandaquasight.com\/pl\/\"]}]},{\"@type\":\"ImageObject\",\"inLanguage\":\"pl-PL\",\"@id\":\"https:\/\/hollandaquasight.com\/pl\/#primaryimage\",\"url\":\"https:\/\/hollandaquasight.com\/wp-content\/uploads\/2023\/03\/Holland-Aqua-Sight-1_1920x1280.jpg\",\"contentUrl\":\"https:\/\/hollandaquasight.com\/wp-content\/uploads\/2023\/03\/Holland-Aqua-Sight-1_1920x1280.jpg\",\"width\":1920,\"height\":1280,\"caption\":\"Holland Aqua Sight\"},{\"@type\":\"BreadcrumbList\",\"@id\":\"https:\/\/hollandaquasight.com\/pl\/#breadcrumb\",\"itemListElement\":[{\"@type\":\"ListItem\",\"position\":1,\"name\":\"Home\",\"item\":\"https:\/\/hollandaquasight.com\/pl\/\"},{\"@type\":\"ListItem\",\"position\":2,\"name\":\"Okna podwodne, przezroczyste baseny i ruchome dna basen\u00f3w\"}]},{\"@type\":\"WebSite\",\"@id\":\"https:\/\/hollandaquasight.com\/pl\/#website\",\"url\":\"https:\/\/hollandaquasight.com\/pl\/\",\"name\":\"Holland Aqua Sight\",\"description\":\"Onderwaterramen en beweegbare zwembadvloeren\",\"publisher\":{\"@id\":\"https:\/\/hollandaquasight.com\/pl\/#organization\"},\"potentialAction\":[{\"@type\":\"SearchAction\",\"target\":{\"@type\":\"EntryPoint\",\"urlTemplate\":\"https:\/\/hollandaquasight.com\/pl\/?s={search_term_string}\"},\"query-input\":{\"@type\":\"PropertyValueSpecification\",\"valueRequired\":true,\"valueName\":\"search_term_string\"}}],\"inLanguage\":\"pl-PL\"},{\"@type\":\"Organization\",\"@id\":\"https:\/\/hollandaquasight.com\/pl\/#organization\",\"name\":\"Holland Aqua Sight\",\"alternateName\":\"HAS\",\"url\":\"https:\/\/hollandaquasight.com\/pl\/\",\"logo\":{\"@type\":\"ImageObject\",\"inLanguage\":\"pl-PL\",\"@id\":\"https:\/\/hollandaquasight.com\/pl\/#\/schema\/logo\/image\/\",\"url\":\"https:\/\/hollandaquasight.com\/wp-content\/uploads\/2023\/03\/HAS_brand_1x1.jpg\",\"contentUrl\":\"https:\/\/hollandaquasight.com\/wp-content\/uploads\/2023\/03\/HAS_brand_1x1.jpg\",\"width\":697,\"height\":697,\"caption\":\"Holland Aqua Sight\"},\"image\":{\"@id\":\"https:\/\/hollandaquasight.com\/pl\/#\/schema\/logo\/image\/\"}}]}<\/script>\n<!-- \/ Yoast SEO Premium plugin. -->","yoast_head_json":{"title":"Okna podwodne, przezroczyste baseny i ruchome dna basen\u00f3w","description":"Jeste\u015bmy firm\u0105 wyspecjalizowan\u0105 w projektowaniu, dostawie i monta\u017cu akrylowych okien podwodnych z plexiglasu\u00ae oraz ruchomych den do basen\u00f3w.","robots":{"index":"index","follow":"follow","max-snippet":"max-snippet:-1","max-image-preview":"max-image-preview:large","max-video-preview":"max-video-preview:-1"},"canonical":"https:\/\/hollandaquasight.com\/pl\/","og_locale":"pl_PL","og_type":"article","og_title":"Okna podwodne, przezroczyste baseny i ruchome dna basen\u00f3w","og_description":"Jeste\u015bmy firm\u0105 wyspecjalizowan\u0105 w projektowaniu, dostawie i monta\u017cu akrylowych okien podwodnych z plexiglasu\u00ae oraz ruchomych den do basen\u00f3w.","og_url":"https:\/\/hollandaquasight.com\/pl\/","og_site_name":"Holland Aqua Sight","article_modified_time":"2023-07-04T09:36:32+00:00","og_image":[{"width":1920,"height":1280,"url":"https:\/\/hollandaquasight.com\/wp-content\/uploads\/2023\/03\/Holland-Aqua-Sight-1_1920x1280.jpg","type":"image\/jpeg"}],"twitter_card":"summary_large_image","twitter_misc":{"Szacowany czas czytania":"2 minuty"},"schema":{"@context":"https:\/\/schema.org","@graph":[{"@type":"WebPage","@id":"https:\/\/hollandaquasight.com\/pl\/","url":"https:\/\/hollandaquasight.com\/pl\/","name":"Okna podwodne, przezroczyste baseny i ruchome dna basen\u00f3w","isPartOf":{"@id":"https:\/\/hollandaquasight.com\/pl\/#website"},"primaryImageOfPage":{"@id":"https:\/\/hollandaquasight.com\/pl\/#primaryimage"},"image":{"@id":"https:\/\/hollandaquasight.com\/pl\/#primaryimage"},"thumbnailUrl":"https:\/\/hollandaquasight.com\/wp-content\/uploads\/2023\/03\/Holland-Aqua-Sight-1_1920x1280.jpg","datePublished":"2015-09-25T09:12:59+00:00","dateModified":"2023-07-04T09:36:32+00:00","description":"Jeste\u015bmy firm\u0105 wyspecjalizowan\u0105 w projektowaniu, dostawie i monta\u017cu akrylowych okien podwodnych z plexiglasu\u00ae oraz ruchomych den do basen\u00f3w.","breadcrumb":{"@id":"https:\/\/hollandaquasight.com\/pl\/#breadcrumb"},"inLanguage":"pl-PL","potentialAction":[{"@type":"ReadAction","target":["https:\/\/hollandaquasight.com\/pl\/"]}]},{"@type":"ImageObject","inLanguage":"pl-PL","@id":"https:\/\/hollandaquasight.com\/pl\/#primaryimage","url":"https:\/\/hollandaquasight.com\/wp-content\/uploads\/2023\/03\/Holland-Aqua-Sight-1_1920x1280.jpg","contentUrl":"https:\/\/hollandaquasight.com\/wp-content\/uploads\/2023\/03\/Holland-Aqua-Sight-1_1920x1280.jpg","width":1920,"height":1280,"caption":"Holland Aqua Sight"},{"@type":"BreadcrumbList","@id":"https:\/\/hollandaquasight.com\/pl\/#breadcrumb","itemListElement":[{"@type":"ListItem","position":1,"name":"Home","item":"https:\/\/hollandaquasight.com\/pl\/"},{"@type":"ListItem","position":2,"name":"Okna podwodne, przezroczyste baseny i ruchome dna basen\u00f3w"}]},{"@type":"WebSite","@id":"https:\/\/hollandaquasight.com\/pl\/#website","url":"https:\/\/hollandaquasight.com\/pl\/","name":"Holland Aqua Sight","description":"Onderwaterramen en beweegbare zwembadvloeren","publisher":{"@id":"https:\/\/hollandaquasight.com\/pl\/#organization"},"potentialAction":[{"@type":"SearchAction","target":{"@type":"EntryPoint","urlTemplate":"https:\/\/hollandaquasight.com\/pl\/?s={search_term_string}"},"query-input":{"@type":"PropertyValueSpecification","valueRequired":true,"valueName":"search_term_string"}}],"inLanguage":"pl-PL"},{"@type":"Organization","@id":"https:\/\/hollandaquasight.com\/pl\/#organization","name":"Holland Aqua Sight","alternateName":"HAS","url":"https:\/\/hollandaquasight.com\/pl\/","logo":{"@type":"ImageObject","inLanguage":"pl-PL","@id":"https:\/\/hollandaquasight.com\/pl\/#\/schema\/logo\/image\/","url":"https:\/\/hollandaquasight.com\/wp-content\/uploads\/2023\/03\/HAS_brand_1x1.jpg","contentUrl":"https:\/\/hollandaquasight.com\/wp-content\/uploads\/2023\/03\/HAS_brand_1x1.jpg","width":697,"height":697,"caption":"Holland Aqua Sight"},"image":{"@id":"https:\/\/hollandaquasight.com\/pl\/#\/schema\/logo\/image\/"}}]}},"_links":{"self":[{"href":"https:\/\/hollandaquasight.com\/pl\/wp-json\/wp\/v2\/pages\/497","targetHints":{"allow":["GET"]}}],"collection":[{"href":"https:\/\/hollandaquasight.com\/pl\/wp-json\/wp\/v2\/pages"}],"about":[{"href":"https:\/\/hollandaquasight.com\/pl\/wp-json\/wp\/v2\/types\/page"}],"author":[{"embeddable":true,"href":"https:\/\/hollandaquasight.com\/pl\/wp-json\/wp\/v2\/users\/6"}],"replies":[{"embeddable":true,"href":"https:\/\/hollandaquasight.com\/pl\/wp-json\/wp\/v2\/comments?post=497"}],"version-history":[{"count":4,"href":"https:\/\/hollandaquasight.com\/pl\/wp-json\/wp\/v2\/pages\/497\/revisions"}],"predecessor-version":[{"id":11396,"href":"https:\/\/hollandaquasight.com\/pl\/wp-json\/wp\/v2\/pages\/497\/revisions\/11396"}],"wp:featuredmedia":[{"embeddable":true,"href":"https:\/\/hollandaquasight.com\/pl\/wp-json\/wp\/v2\/media\/11365"}],"wp:attachment":[{"href":"https:\/\/hollandaquasight.com\/pl\/wp-json\/wp\/v2\/media?parent=497"}],"curies":[{"name":"wp","href":"https:\/\/api.w.org\/{rel}","templated":true}]}}