{"id":498,"date":"2015-09-25T11:13:41","date_gmt":"2015-09-25T09:13:41","guid":{"rendered":"https:\/\/hollandaquasight.com\/staging\/dlaczego-nie-szklo\/"},"modified":"2023-03-15T16:04:12","modified_gmt":"2023-03-15T15:04:12","slug":"dlaczego-nie-szklo","status":"publish","type":"page","link":"https:\/\/hollandaquasight.com\/pl\/dlaczego-nie-szklo\/","title":{"rendered":"DLACZEGO NIE SZK\u0141O?"},"content":{"rendered":"<p>Akryl ma wiele zalet w stosunku do szk\u0142a. Dlatego w projektach, w kt\u00f3rych montujemy okna podwodne, stosujemy panele wykonane z akrylu. Poni\u017cej kr\u00f3tko wymienili\u015bmy zalety akrylu.<\/p>\n<ul>\n<li>Przewaga akrylu w por\u00f3wnaniu ze szk\u0142em jest znaczna.<\/li>\n<li>Jedn\u0105 z nich jest waga. Okna podwodne z akrylu wa\u017c\u0105 o po\u0142ow\u0119 mniej ni\u017c okna szklane, s\u0105 te\u017c znacznie mocniejsze.<\/li>\n<li>Akryl jest mniej podatny na p\u0119kni\u0119cia.<\/li>\n<li>Przejrzysto\u015b\u0107 plexi<\/li>\n<\/ul>\n<p>Je\u015bli my\u015blisz, \u017ce przejrzysto\u015b\u0107 pleksi\u00ae jest mniejsza ni\u017c zwyk\u0142ego szk\u0142a, to jeste\u015b w b\u0142\u0119dzie! W rzeczywisto\u015bci jedn\u0105 z zalet akrylu jest przejrzysto\u015b\u0107 Plexiglas\u00ae. W rzeczywisto\u015bci bloki maj\u0105 92% przepuszczalno\u015bci \u015bwiat\u0142a. Je\u015bli standardowe rozmiary blok\u00f3w akrylowych nie spe\u0142niaj\u0105 rozmiar\u00f3w, kt\u00f3re masz na my\u015bli w projekcie, to nie jest to problem. Mo\u017cemy bezproblemowo sklei\u0107 bloki do w\u0142a\u015bciwego rozmiaru. Robimy to poprzez podgrzewanie i u\u017cycie form, tak aby wzajemne po\u0142\u0105czenia nie by\u0142y widoczne. Plexiglas\u00ae jest r\u00f3wnie\u017c \u0142atwy w obr\u00f3bce i rzadko odpryskuje, co pozwala nam na bezproblemowe szlifowanie \u0142uk\u00f3w w blokach.<\/p>\n<p>Pracujemy ze standardowymi rozmiarami od 3000 x 2000 mm do 3000 mm x 7800 mm. W zale\u017cno\u015bci od oblicze\u0144 technicznych i rysunk\u00f3w okre\u015blamy, jaka grubo\u015b\u0107 jest mo\u017cliwa, a tak\u017ce dobrze pasuje do projektu. Grubo\u015b\u0107 mo\u017ce si\u0119 waha\u0107 od 20 mm do 150 mm.<\/p>\n<h2>Okna z Plexiglasu\u00ae s\u0105 \u0142atwe w konserwacji<\/h2>\n<p>Powierzchnia plexi\u00ae jest lustrzanie g\u0142adka, wi\u0119c brud nie przylega do niej. Ponadto jest ona \u0142atwa do czyszczenia. Za pomoc\u0105 mi\u0119kkiej szmatki lub g\u0105bki podwodne okna akrylowe \u0142atwo utrzyma\u0107 w czysto\u015bci. Zupe\u0142nie jak okna szklane! Chcesz wiedzie\u0107 wi\u0119cej? Prosimy o <a href=\"https:\/\/hollandaquasight.com\/pl\/kontakt-z-holland-aqua-sight\/\">kontakt<\/a> z naszymi Account Managerami.<\/p>\n<p>Holland Aqua Sight jest cz\u0119\u015bci\u0105 <a href=\"https:\/\/variogroup.com\/\" target=\"_blank\" rel=\"noopener\">VarioGroup z Oudkarspel<\/a>. Pobierz nasz\u0105 <a href=\"https:\/\/hollandaquasight.com\/wp-content\/uploads\/2023\/03\/HAS_folder_windows-EN.pdf\" target=\"_blank\" rel=\"noopener\">broszur\u0119 TUTAJ<\/a>.<\/p>\n","protected":false},"excerpt":{"rendered":"<p>Akryl ma wiele zalet w stosunku do szk\u0142a. Dlatego w projektach, w kt\u00f3rych montujemy okna podwodne, stosujemy panele wykonane z [&hellip;]<\/p>\n","protected":false},"author":6,"featured_media":212,"parent":0,"menu_order":0,"comment_status":"closed","ping_status":"closed","template":"","meta":{"_acf_changed":false,"footnotes":""},"class_list":["post-498","page","type-page","status-publish","has-post-thumbnail","hentry"],"acf":[],"yoast_head":"<!-- This site is optimized with the Yoast SEO Premium plugin v25.9 (Yoast SEO v26.3) - https:\/\/yoast.com\/wordpress\/plugins\/seo\/ -->\n<title>DLACZEGO NIE SZK\u0141O<\/title>\n<meta name=\"description\" content=\"DLACZEGO NIE SZK\u0141O Lite, odlewane bloki z PMMA (polimetakrylan metylu) maj\u0105 92% przepuszczalno\u015b\u0107 \u015bwiat\u0142a, doskona\u0142y po\u0142ysk i nie\" \/>\n<meta name=\"robots\" content=\"index, follow, max-snippet:-1, max-image-preview:large, max-video-preview:-1\" \/>\n<link rel=\"canonical\" href=\"https:\/\/hollandaquasight.com\/pl\/dlaczego-nie-szklo\/\" \/>\n<meta property=\"og:locale\" content=\"pl_PL\" \/>\n<meta property=\"og:type\" content=\"article\" \/>\n<meta property=\"og:title\" content=\"DLACZEGO NIE SZK\u0141O?\" \/>\n<meta property=\"og:description\" content=\"DLACZEGO NIE SZK\u0141O Lite, odlewane bloki z PMMA (polimetakrylan metylu) maj\u0105 92% przepuszczalno\u015b\u0107 \u015bwiat\u0142a, doskona\u0142y po\u0142ysk i nie\" \/>\n<meta property=\"og:url\" content=\"https:\/\/hollandaquasight.com\/pl\/dlaczego-nie-szklo\/\" \/>\n<meta property=\"og:site_name\" content=\"Holland Aqua Sight\" \/>\n<meta property=\"article:modified_time\" content=\"2023-03-15T15:04:12+00:00\" \/>\n<meta property=\"og:image\" content=\"https:\/\/hollandaquasight.com\/wp-content\/uploads\/2023\/03\/voordelen-van-acryl.jpg\" \/>\n\t<meta property=\"og:image:width\" content=\"1200\" \/>\n\t<meta property=\"og:image:height\" content=\"400\" \/>\n\t<meta property=\"og:image:type\" content=\"image\/jpeg\" \/>\n<meta name=\"twitter:card\" content=\"summary_large_image\" \/>\n<meta name=\"twitter:label1\" content=\"Szacowany czas czytania\" \/>\n\t<meta name=\"twitter:data1\" content=\"2 minuty\" \/>\n<script type=\"application\/ld+json\" class=\"yoast-schema-graph\">{\"@context\":\"https:\/\/schema.org\",\"@graph\":[{\"@type\":\"WebPage\",\"@id\":\"https:\/\/hollandaquasight.com\/pl\/dlaczego-nie-szklo\/\",\"url\":\"https:\/\/hollandaquasight.com\/pl\/dlaczego-nie-szklo\/\",\"name\":\"DLACZEGO NIE SZK\u0141O\",\"isPartOf\":{\"@id\":\"https:\/\/hollandaquasight.com\/pl\/#website\"},\"primaryImageOfPage\":{\"@id\":\"https:\/\/hollandaquasight.com\/pl\/dlaczego-nie-szklo\/#primaryimage\"},\"image\":{\"@id\":\"https:\/\/hollandaquasight.com\/pl\/dlaczego-nie-szklo\/#primaryimage\"},\"thumbnailUrl\":\"https:\/\/hollandaquasight.com\/wp-content\/uploads\/2023\/03\/voordelen-van-acryl.jpg\",\"datePublished\":\"2015-09-25T09:13:41+00:00\",\"dateModified\":\"2023-03-15T15:04:12+00:00\",\"description\":\"DLACZEGO NIE SZK\u0141O Lite, odlewane bloki z PMMA (polimetakrylan metylu) maj\u0105 92% przepuszczalno\u015b\u0107 \u015bwiat\u0142a, doskona\u0142y po\u0142ysk i nie\",\"breadcrumb\":{\"@id\":\"https:\/\/hollandaquasight.com\/pl\/dlaczego-nie-szklo\/#breadcrumb\"},\"inLanguage\":\"pl-PL\",\"potentialAction\":[{\"@type\":\"ReadAction\",\"target\":[\"https:\/\/hollandaquasight.com\/pl\/dlaczego-nie-szklo\/\"]}]},{\"@type\":\"ImageObject\",\"inLanguage\":\"pl-PL\",\"@id\":\"https:\/\/hollandaquasight.com\/pl\/dlaczego-nie-szklo\/#primaryimage\",\"url\":\"https:\/\/hollandaquasight.com\/wp-content\/uploads\/2023\/03\/voordelen-van-acryl.jpg\",\"contentUrl\":\"https:\/\/hollandaquasight.com\/wp-content\/uploads\/2023\/03\/voordelen-van-acryl.jpg\",\"width\":1200,\"height\":400,\"caption\":\"voordelen van acryl\"},{\"@type\":\"BreadcrumbList\",\"@id\":\"https:\/\/hollandaquasight.com\/pl\/dlaczego-nie-szklo\/#breadcrumb\",\"itemListElement\":[{\"@type\":\"ListItem\",\"position\":1,\"name\":\"Home\",\"item\":\"https:\/\/hollandaquasight.com\/pl\/\"},{\"@type\":\"ListItem\",\"position\":2,\"name\":\"DLACZEGO NIE SZK\u0141O?\"}]},{\"@type\":\"WebSite\",\"@id\":\"https:\/\/hollandaquasight.com\/pl\/#website\",\"url\":\"https:\/\/hollandaquasight.com\/pl\/\",\"name\":\"Holland Aqua Sight\",\"description\":\"Onderwaterramen en beweegbare zwembadvloeren\",\"publisher\":{\"@id\":\"https:\/\/hollandaquasight.com\/pl\/#organization\"},\"potentialAction\":[{\"@type\":\"SearchAction\",\"target\":{\"@type\":\"EntryPoint\",\"urlTemplate\":\"https:\/\/hollandaquasight.com\/pl\/?s={search_term_string}\"},\"query-input\":{\"@type\":\"PropertyValueSpecification\",\"valueRequired\":true,\"valueName\":\"search_term_string\"}}],\"inLanguage\":\"pl-PL\"},{\"@type\":\"Organization\",\"@id\":\"https:\/\/hollandaquasight.com\/pl\/#organization\",\"name\":\"Holland Aqua Sight\",\"alternateName\":\"HAS\",\"url\":\"https:\/\/hollandaquasight.com\/pl\/\",\"logo\":{\"@type\":\"ImageObject\",\"inLanguage\":\"pl-PL\",\"@id\":\"https:\/\/hollandaquasight.com\/pl\/#\/schema\/logo\/image\/\",\"url\":\"https:\/\/hollandaquasight.com\/wp-content\/uploads\/2023\/03\/HAS_brand_1x1.jpg\",\"contentUrl\":\"https:\/\/hollandaquasight.com\/wp-content\/uploads\/2023\/03\/HAS_brand_1x1.jpg\",\"width\":697,\"height\":697,\"caption\":\"Holland Aqua Sight\"},\"image\":{\"@id\":\"https:\/\/hollandaquasight.com\/pl\/#\/schema\/logo\/image\/\"}}]}<\/script>\n<!-- \/ Yoast SEO Premium plugin. -->","yoast_head_json":{"title":"DLACZEGO NIE SZK\u0141O","description":"DLACZEGO NIE SZK\u0141O Lite, odlewane bloki z PMMA (polimetakrylan metylu) maj\u0105 92% przepuszczalno\u015b\u0107 \u015bwiat\u0142a, doskona\u0142y po\u0142ysk i nie","robots":{"index":"index","follow":"follow","max-snippet":"max-snippet:-1","max-image-preview":"max-image-preview:large","max-video-preview":"max-video-preview:-1"},"canonical":"https:\/\/hollandaquasight.com\/pl\/dlaczego-nie-szklo\/","og_locale":"pl_PL","og_type":"article","og_title":"DLACZEGO NIE SZK\u0141O?","og_description":"DLACZEGO NIE SZK\u0141O Lite, odlewane bloki z PMMA (polimetakrylan metylu) maj\u0105 92% przepuszczalno\u015b\u0107 \u015bwiat\u0142a, doskona\u0142y po\u0142ysk i nie","og_url":"https:\/\/hollandaquasight.com\/pl\/dlaczego-nie-szklo\/","og_site_name":"Holland Aqua Sight","article_modified_time":"2023-03-15T15:04:12+00:00","og_image":[{"width":1200,"height":400,"url":"https:\/\/hollandaquasight.com\/wp-content\/uploads\/2023\/03\/voordelen-van-acryl.jpg","type":"image\/jpeg"}],"twitter_card":"summary_large_image","twitter_misc":{"Szacowany czas czytania":"2 minuty"},"schema":{"@context":"https:\/\/schema.org","@graph":[{"@type":"WebPage","@id":"https:\/\/hollandaquasight.com\/pl\/dlaczego-nie-szklo\/","url":"https:\/\/hollandaquasight.com\/pl\/dlaczego-nie-szklo\/","name":"DLACZEGO NIE SZK\u0141O","isPartOf":{"@id":"https:\/\/hollandaquasight.com\/pl\/#website"},"primaryImageOfPage":{"@id":"https:\/\/hollandaquasight.com\/pl\/dlaczego-nie-szklo\/#primaryimage"},"image":{"@id":"https:\/\/hollandaquasight.com\/pl\/dlaczego-nie-szklo\/#primaryimage"},"thumbnailUrl":"https:\/\/hollandaquasight.com\/wp-content\/uploads\/2023\/03\/voordelen-van-acryl.jpg","datePublished":"2015-09-25T09:13:41+00:00","dateModified":"2023-03-15T15:04:12+00:00","description":"DLACZEGO NIE SZK\u0141O Lite, odlewane bloki z PMMA (polimetakrylan metylu) maj\u0105 92% przepuszczalno\u015b\u0107 \u015bwiat\u0142a, doskona\u0142y po\u0142ysk i nie","breadcrumb":{"@id":"https:\/\/hollandaquasight.com\/pl\/dlaczego-nie-szklo\/#breadcrumb"},"inLanguage":"pl-PL","potentialAction":[{"@type":"ReadAction","target":["https:\/\/hollandaquasight.com\/pl\/dlaczego-nie-szklo\/"]}]},{"@type":"ImageObject","inLanguage":"pl-PL","@id":"https:\/\/hollandaquasight.com\/pl\/dlaczego-nie-szklo\/#primaryimage","url":"https:\/\/hollandaquasight.com\/wp-content\/uploads\/2023\/03\/voordelen-van-acryl.jpg","contentUrl":"https:\/\/hollandaquasight.com\/wp-content\/uploads\/2023\/03\/voordelen-van-acryl.jpg","width":1200,"height":400,"caption":"voordelen van acryl"},{"@type":"BreadcrumbList","@id":"https:\/\/hollandaquasight.com\/pl\/dlaczego-nie-szklo\/#breadcrumb","itemListElement":[{"@type":"ListItem","position":1,"name":"Home","item":"https:\/\/hollandaquasight.com\/pl\/"},{"@type":"ListItem","position":2,"name":"DLACZEGO NIE SZK\u0141O?"}]},{"@type":"WebSite","@id":"https:\/\/hollandaquasight.com\/pl\/#website","url":"https:\/\/hollandaquasight.com\/pl\/","name":"Holland Aqua Sight","description":"Onderwaterramen en beweegbare zwembadvloeren","publisher":{"@id":"https:\/\/hollandaquasight.com\/pl\/#organization"},"potentialAction":[{"@type":"SearchAction","target":{"@type":"EntryPoint","urlTemplate":"https:\/\/hollandaquasight.com\/pl\/?s={search_term_string}"},"query-input":{"@type":"PropertyValueSpecification","valueRequired":true,"valueName":"search_term_string"}}],"inLanguage":"pl-PL"},{"@type":"Organization","@id":"https:\/\/hollandaquasight.com\/pl\/#organization","name":"Holland Aqua Sight","alternateName":"HAS","url":"https:\/\/hollandaquasight.com\/pl\/","logo":{"@type":"ImageObject","inLanguage":"pl-PL","@id":"https:\/\/hollandaquasight.com\/pl\/#\/schema\/logo\/image\/","url":"https:\/\/hollandaquasight.com\/wp-content\/uploads\/2023\/03\/HAS_brand_1x1.jpg","contentUrl":"https:\/\/hollandaquasight.com\/wp-content\/uploads\/2023\/03\/HAS_brand_1x1.jpg","width":697,"height":697,"caption":"Holland Aqua Sight"},"image":{"@id":"https:\/\/hollandaquasight.com\/pl\/#\/schema\/logo\/image\/"}}]}},"_links":{"self":[{"href":"https:\/\/hollandaquasight.com\/pl\/wp-json\/wp\/v2\/pages\/498","targetHints":{"allow":["GET"]}}],"collection":[{"href":"https:\/\/hollandaquasight.com\/pl\/wp-json\/wp\/v2\/pages"}],"about":[{"href":"https:\/\/hollandaquasight.com\/pl\/wp-json\/wp\/v2\/types\/page"}],"author":[{"embeddable":true,"href":"https:\/\/hollandaquasight.com\/pl\/wp-json\/wp\/v2\/users\/6"}],"replies":[{"embeddable":true,"href":"https:\/\/hollandaquasight.com\/pl\/wp-json\/wp\/v2\/comments?post=498"}],"version-history":[{"count":4,"href":"https:\/\/hollandaquasight.com\/pl\/wp-json\/wp\/v2\/pages\/498\/revisions"}],"predecessor-version":[{"id":12155,"href":"https:\/\/hollandaquasight.com\/pl\/wp-json\/wp\/v2\/pages\/498\/revisions\/12155"}],"wp:featuredmedia":[{"embeddable":true,"href":"https:\/\/hollandaquasight.com\/pl\/wp-json\/wp\/v2\/media\/212"}],"wp:attachment":[{"href":"https:\/\/hollandaquasight.com\/pl\/wp-json\/wp\/v2\/media?parent=498"}],"curies":[{"name":"wp","href":"https:\/\/api.w.org\/{rel}","templated":true}]}}