{"id":499,"date":"2015-09-25T09:53:55","date_gmt":"2015-09-25T07:53:55","guid":{"rendered":"https:\/\/hollandaquasight.com\/staging\/kontakt-z-holland-aqua-sight\/"},"modified":"2023-09-13T09:02:51","modified_gmt":"2023-09-13T07:02:51","slug":"kontakt-z-holland-aqua-sight","status":"publish","type":"page","link":"https:\/\/hollandaquasight.com\/pl\/kontakt-z-holland-aqua-sight\/","title":{"rendered":"Kontakt z Holland Aqua Sight"},"content":{"rendered":"<p>Wysokiej jako\u015bci produkty i serwis s\u0105 dla nas priorytetem. Jeste\u015bmy gotowi odpowiedzie\u0107 na Pa\u0144stwa pytania i pom\u00f3c w realizacji wszelkich pomys\u0142\u00f3w. Od pocz\u0105tku projektu, poprzez produkcj\u0119 i monta\u017c, a\u017c po serwis. Prace serwisowe s\u0105 wykonywane przez nurk\u00f3w posiadaj\u0105cych wszystkie wymagane uprawnienia i certyfikaty bezpiecze\u0144stwa. Bezpiecze\u0144stwo jest wa\u017cnym aspektem, na kt\u00f3ry zawsze zwracamy szczeg\u00f3ln\u0105 uwag\u0119. Nasze produkty mog\u0105 by\u0107 bezpiecznie u\u017cytkowane i s\u0105 \u0142atwe w obs\u0142udze. Nasi pracownicy i podwykonawcy s\u0105 ubezpieczeni na czas pracy na ca\u0142ym \u015bwiecie.<\/p>\r\n<p>Macie Pa\u0144stwo pytania, sugestie lub chcecie otrzyma\u0107 dodatkowe informacje na temat produkt\u00f3w Holland Aqua Sight? Prosimy o kontakt z nami. Mo\u017cecie do nas zatelefonowa\u0107 pod numer w Polsce <strong>+48\u00a0506\u00a0012 711<\/strong> lub wys\u0142a\u0107 email na adres info@hollandaquasight.com. Mo\u017cecie tak\u017ce skorzysta\u0107 z formularza kontaktowego na naszej stronie. Skontaktujemy si\u0119 tak szybko, jak to mo\u017cliwe, aby odpowiedzie\u0107 na Wasze pytania.<\/p>\r\n<p><img decoding=\"async\" class=\"alignnone size-medium wp-image-8635\" src=\"https:\/\/hollandaquasight.com\/wp-content\/uploads\/2023\/03\/Eugen-van-Langen-li-3-300x300.jpg\" alt=\"\" width=\"300\" height=\"300\" srcset=\"https:\/\/hollandaquasight.com\/wp-content\/uploads\/2023\/03\/Eugen-van-Langen-li-3-300x300.jpg 300w, https:\/\/hollandaquasight.com\/wp-content\/uploads\/2023\/03\/Eugen-van-Langen-li-3-150x150.jpg 150w, https:\/\/hollandaquasight.com\/wp-content\/uploads\/2023\/03\/Eugen-van-Langen-li-3-768x768.jpg 768w, https:\/\/hollandaquasight.com\/wp-content\/uploads\/2023\/03\/Eugen-van-Langen-li-3-400x400.jpg 400w, https:\/\/hollandaquasight.com\/wp-content\/uploads\/2023\/03\/Eugen-van-Langen-li-3-100x100.jpg 100w, https:\/\/hollandaquasight.com\/wp-content\/uploads\/2023\/03\/Eugen-van-Langen-li-3-780x780.jpg 780w, https:\/\/hollandaquasight.com\/wp-content\/uploads\/2023\/03\/Eugen-van-Langen-li-3.jpg 1000w\" sizes=\"(max-width: 300px) 100vw, 300px\" \/><\/p>\r\n<p><strong>Eugen van Langen<\/strong> | Holland Aqua Sight<\/p>\r\n\r\n<figure class=\"wp-block-gallery-1 is-layout-flex wp-block-gallery-is-layout-flex\">\r\n<figcaption><\/figcaption>\r\n<\/figure>\r\n\r\n\r\n\r\n\r\n","protected":false},"excerpt":{"rendered":"<p>Wysokiej jako\u015bci produkty i serwis s\u0105 dla nas priorytetem. Jeste\u015bmy gotowi odpowiedzie\u0107 na Pa\u0144stwa pytania i pom\u00f3c w realizacji wszelkich [&hellip;]<\/p>\n","protected":false},"author":6,"featured_media":139,"parent":0,"menu_order":0,"comment_status":"closed","ping_status":"closed","template":"","meta":{"_acf_changed":false,"footnotes":""},"class_list":["post-499","page","type-page","status-publish","has-post-thumbnail","hentry"],"acf":[],"yoast_head":"<!-- This site is optimized with the Yoast SEO Premium plugin v25.9 (Yoast SEO v26.3) - https:\/\/yoast.com\/wordpress\/plugins\/seo\/ -->\n<title>Kontakt Holland Aqua Sight - Holland Aqua Sight<\/title>\n<meta name=\"description\" content=\"Kontakt z Holland Aqua Sight Wysokiej jako\u015bci produkty i serwis s\u0105 dla nas priorytetem. Jeste\u015bmy gotowi odpowiedzie\u0107 na Pa\u0144stwa pytania\" \/>\n<meta name=\"robots\" content=\"index, follow, max-snippet:-1, max-image-preview:large, max-video-preview:-1\" \/>\n<link rel=\"canonical\" href=\"https:\/\/hollandaquasight.com\/pl\/kontakt-z-holland-aqua-sight\/\" \/>\n<meta property=\"og:locale\" content=\"pl_PL\" \/>\n<meta property=\"og:type\" content=\"article\" \/>\n<meta property=\"og:title\" content=\"Kontakt z Holland Aqua Sight\" \/>\n<meta property=\"og:description\" content=\"Kontakt z Holland Aqua Sight Wysokiej jako\u015bci produkty i serwis s\u0105 dla nas priorytetem. Jeste\u015bmy gotowi odpowiedzie\u0107 na Pa\u0144stwa pytania\" \/>\n<meta property=\"og:url\" content=\"https:\/\/hollandaquasight.com\/pl\/kontakt-z-holland-aqua-sight\/\" \/>\n<meta property=\"og:site_name\" content=\"Holland Aqua Sight\" \/>\n<meta property=\"article:modified_time\" content=\"2023-09-13T07:02:51+00:00\" \/>\n<meta property=\"og:image\" content=\"https:\/\/hollandaquasight.com\/wp-content\/uploads\/2023\/03\/contact-us_1280x521.jpg\" \/>\n\t<meta property=\"og:image:width\" content=\"1280\" \/>\n\t<meta property=\"og:image:height\" content=\"521\" \/>\n\t<meta property=\"og:image:type\" content=\"image\/jpeg\" \/>\n<meta name=\"twitter:card\" content=\"summary_large_image\" \/>\n<meta name=\"twitter:label1\" content=\"Szacowany czas czytania\" \/>\n\t<meta name=\"twitter:data1\" content=\"1 minuta\" \/>\n<script type=\"application\/ld+json\" class=\"yoast-schema-graph\">{\"@context\":\"https:\/\/schema.org\",\"@graph\":[{\"@type\":\"WebPage\",\"@id\":\"https:\/\/hollandaquasight.com\/pl\/kontakt-z-holland-aqua-sight\/\",\"url\":\"https:\/\/hollandaquasight.com\/pl\/kontakt-z-holland-aqua-sight\/\",\"name\":\"Kontakt Holland Aqua Sight - Holland Aqua Sight\",\"isPartOf\":{\"@id\":\"https:\/\/hollandaquasight.com\/pl\/#website\"},\"primaryImageOfPage\":{\"@id\":\"https:\/\/hollandaquasight.com\/pl\/kontakt-z-holland-aqua-sight\/#primaryimage\"},\"image\":{\"@id\":\"https:\/\/hollandaquasight.com\/pl\/kontakt-z-holland-aqua-sight\/#primaryimage\"},\"thumbnailUrl\":\"https:\/\/hollandaquasight.com\/wp-content\/uploads\/2023\/03\/contact-us_1280x521.jpg\",\"datePublished\":\"2015-09-25T07:53:55+00:00\",\"dateModified\":\"2023-09-13T07:02:51+00:00\",\"description\":\"Kontakt z Holland Aqua Sight Wysokiej jako\u015bci produkty i serwis s\u0105 dla nas priorytetem. Jeste\u015bmy gotowi odpowiedzie\u0107 na Pa\u0144stwa pytania\",\"breadcrumb\":{\"@id\":\"https:\/\/hollandaquasight.com\/pl\/kontakt-z-holland-aqua-sight\/#breadcrumb\"},\"inLanguage\":\"pl-PL\",\"potentialAction\":[{\"@type\":\"ReadAction\",\"target\":[\"https:\/\/hollandaquasight.com\/pl\/kontakt-z-holland-aqua-sight\/\"]}]},{\"@type\":\"ImageObject\",\"inLanguage\":\"pl-PL\",\"@id\":\"https:\/\/hollandaquasight.com\/pl\/kontakt-z-holland-aqua-sight\/#primaryimage\",\"url\":\"https:\/\/hollandaquasight.com\/wp-content\/uploads\/2023\/03\/contact-us_1280x521.jpg\",\"contentUrl\":\"https:\/\/hollandaquasight.com\/wp-content\/uploads\/2023\/03\/contact-us_1280x521.jpg\",\"width\":1280,\"height\":521,\"caption\":\"contact\"},{\"@type\":\"BreadcrumbList\",\"@id\":\"https:\/\/hollandaquasight.com\/pl\/kontakt-z-holland-aqua-sight\/#breadcrumb\",\"itemListElement\":[{\"@type\":\"ListItem\",\"position\":1,\"name\":\"Home\",\"item\":\"https:\/\/hollandaquasight.com\/pl\/\"},{\"@type\":\"ListItem\",\"position\":2,\"name\":\"Kontakt z Holland Aqua Sight\"}]},{\"@type\":\"WebSite\",\"@id\":\"https:\/\/hollandaquasight.com\/pl\/#website\",\"url\":\"https:\/\/hollandaquasight.com\/pl\/\",\"name\":\"Holland Aqua Sight\",\"description\":\"Onderwaterramen en beweegbare zwembadvloeren\",\"publisher\":{\"@id\":\"https:\/\/hollandaquasight.com\/pl\/#organization\"},\"potentialAction\":[{\"@type\":\"SearchAction\",\"target\":{\"@type\":\"EntryPoint\",\"urlTemplate\":\"https:\/\/hollandaquasight.com\/pl\/?s={search_term_string}\"},\"query-input\":{\"@type\":\"PropertyValueSpecification\",\"valueRequired\":true,\"valueName\":\"search_term_string\"}}],\"inLanguage\":\"pl-PL\"},{\"@type\":\"Organization\",\"@id\":\"https:\/\/hollandaquasight.com\/pl\/#organization\",\"name\":\"Holland Aqua Sight\",\"alternateName\":\"HAS\",\"url\":\"https:\/\/hollandaquasight.com\/pl\/\",\"logo\":{\"@type\":\"ImageObject\",\"inLanguage\":\"pl-PL\",\"@id\":\"https:\/\/hollandaquasight.com\/pl\/#\/schema\/logo\/image\/\",\"url\":\"https:\/\/hollandaquasight.com\/wp-content\/uploads\/2023\/03\/HAS_brand_1x1.jpg\",\"contentUrl\":\"https:\/\/hollandaquasight.com\/wp-content\/uploads\/2023\/03\/HAS_brand_1x1.jpg\",\"width\":697,\"height\":697,\"caption\":\"Holland Aqua Sight\"},\"image\":{\"@id\":\"https:\/\/hollandaquasight.com\/pl\/#\/schema\/logo\/image\/\"}}]}<\/script>\n<!-- \/ Yoast SEO Premium plugin. -->","yoast_head_json":{"title":"Kontakt Holland Aqua Sight - Holland Aqua Sight","description":"Kontakt z Holland Aqua Sight Wysokiej jako\u015bci produkty i serwis s\u0105 dla nas priorytetem. Jeste\u015bmy gotowi odpowiedzie\u0107 na Pa\u0144stwa pytania","robots":{"index":"index","follow":"follow","max-snippet":"max-snippet:-1","max-image-preview":"max-image-preview:large","max-video-preview":"max-video-preview:-1"},"canonical":"https:\/\/hollandaquasight.com\/pl\/kontakt-z-holland-aqua-sight\/","og_locale":"pl_PL","og_type":"article","og_title":"Kontakt z Holland Aqua Sight","og_description":"Kontakt z Holland Aqua Sight Wysokiej jako\u015bci produkty i serwis s\u0105 dla nas priorytetem. Jeste\u015bmy gotowi odpowiedzie\u0107 na Pa\u0144stwa pytania","og_url":"https:\/\/hollandaquasight.com\/pl\/kontakt-z-holland-aqua-sight\/","og_site_name":"Holland Aqua Sight","article_modified_time":"2023-09-13T07:02:51+00:00","og_image":[{"width":1280,"height":521,"url":"https:\/\/hollandaquasight.com\/wp-content\/uploads\/2023\/03\/contact-us_1280x521.jpg","type":"image\/jpeg"}],"twitter_card":"summary_large_image","twitter_misc":{"Szacowany czas czytania":"1 minuta"},"schema":{"@context":"https:\/\/schema.org","@graph":[{"@type":"WebPage","@id":"https:\/\/hollandaquasight.com\/pl\/kontakt-z-holland-aqua-sight\/","url":"https:\/\/hollandaquasight.com\/pl\/kontakt-z-holland-aqua-sight\/","name":"Kontakt Holland Aqua Sight - Holland Aqua Sight","isPartOf":{"@id":"https:\/\/hollandaquasight.com\/pl\/#website"},"primaryImageOfPage":{"@id":"https:\/\/hollandaquasight.com\/pl\/kontakt-z-holland-aqua-sight\/#primaryimage"},"image":{"@id":"https:\/\/hollandaquasight.com\/pl\/kontakt-z-holland-aqua-sight\/#primaryimage"},"thumbnailUrl":"https:\/\/hollandaquasight.com\/wp-content\/uploads\/2023\/03\/contact-us_1280x521.jpg","datePublished":"2015-09-25T07:53:55+00:00","dateModified":"2023-09-13T07:02:51+00:00","description":"Kontakt z Holland Aqua Sight Wysokiej jako\u015bci produkty i serwis s\u0105 dla nas priorytetem. Jeste\u015bmy gotowi odpowiedzie\u0107 na Pa\u0144stwa pytania","breadcrumb":{"@id":"https:\/\/hollandaquasight.com\/pl\/kontakt-z-holland-aqua-sight\/#breadcrumb"},"inLanguage":"pl-PL","potentialAction":[{"@type":"ReadAction","target":["https:\/\/hollandaquasight.com\/pl\/kontakt-z-holland-aqua-sight\/"]}]},{"@type":"ImageObject","inLanguage":"pl-PL","@id":"https:\/\/hollandaquasight.com\/pl\/kontakt-z-holland-aqua-sight\/#primaryimage","url":"https:\/\/hollandaquasight.com\/wp-content\/uploads\/2023\/03\/contact-us_1280x521.jpg","contentUrl":"https:\/\/hollandaquasight.com\/wp-content\/uploads\/2023\/03\/contact-us_1280x521.jpg","width":1280,"height":521,"caption":"contact"},{"@type":"BreadcrumbList","@id":"https:\/\/hollandaquasight.com\/pl\/kontakt-z-holland-aqua-sight\/#breadcrumb","itemListElement":[{"@type":"ListItem","position":1,"name":"Home","item":"https:\/\/hollandaquasight.com\/pl\/"},{"@type":"ListItem","position":2,"name":"Kontakt z Holland Aqua Sight"}]},{"@type":"WebSite","@id":"https:\/\/hollandaquasight.com\/pl\/#website","url":"https:\/\/hollandaquasight.com\/pl\/","name":"Holland Aqua Sight","description":"Onderwaterramen en beweegbare zwembadvloeren","publisher":{"@id":"https:\/\/hollandaquasight.com\/pl\/#organization"},"potentialAction":[{"@type":"SearchAction","target":{"@type":"EntryPoint","urlTemplate":"https:\/\/hollandaquasight.com\/pl\/?s={search_term_string}"},"query-input":{"@type":"PropertyValueSpecification","valueRequired":true,"valueName":"search_term_string"}}],"inLanguage":"pl-PL"},{"@type":"Organization","@id":"https:\/\/hollandaquasight.com\/pl\/#organization","name":"Holland Aqua Sight","alternateName":"HAS","url":"https:\/\/hollandaquasight.com\/pl\/","logo":{"@type":"ImageObject","inLanguage":"pl-PL","@id":"https:\/\/hollandaquasight.com\/pl\/#\/schema\/logo\/image\/","url":"https:\/\/hollandaquasight.com\/wp-content\/uploads\/2023\/03\/HAS_brand_1x1.jpg","contentUrl":"https:\/\/hollandaquasight.com\/wp-content\/uploads\/2023\/03\/HAS_brand_1x1.jpg","width":697,"height":697,"caption":"Holland Aqua Sight"},"image":{"@id":"https:\/\/hollandaquasight.com\/pl\/#\/schema\/logo\/image\/"}}]}},"_links":{"self":[{"href":"https:\/\/hollandaquasight.com\/pl\/wp-json\/wp\/v2\/pages\/499","targetHints":{"allow":["GET"]}}],"collection":[{"href":"https:\/\/hollandaquasight.com\/pl\/wp-json\/wp\/v2\/pages"}],"about":[{"href":"https:\/\/hollandaquasight.com\/pl\/wp-json\/wp\/v2\/types\/page"}],"author":[{"embeddable":true,"href":"https:\/\/hollandaquasight.com\/pl\/wp-json\/wp\/v2\/users\/6"}],"replies":[{"embeddable":true,"href":"https:\/\/hollandaquasight.com\/pl\/wp-json\/wp\/v2\/comments?post=499"}],"version-history":[{"count":3,"href":"https:\/\/hollandaquasight.com\/pl\/wp-json\/wp\/v2\/pages\/499\/revisions"}],"predecessor-version":[{"id":11487,"href":"https:\/\/hollandaquasight.com\/pl\/wp-json\/wp\/v2\/pages\/499\/revisions\/11487"}],"wp:featuredmedia":[{"embeddable":true,"href":"https:\/\/hollandaquasight.com\/pl\/wp-json\/wp\/v2\/media\/139"}],"wp:attachment":[{"href":"https:\/\/hollandaquasight.com\/pl\/wp-json\/wp\/v2\/media?parent=499"}],"curies":[{"name":"wp","href":"https:\/\/api.w.org\/{rel}","templated":true}]}}