{"id":508,"date":"2019-07-16T14:19:42","date_gmt":"2019-07-16T12:19:42","guid":{"rendered":"https:\/\/hollandaquasight.com\/staging\/prywatne-ruchome-dno\/"},"modified":"2024-04-09T14:27:31","modified_gmt":"2024-04-09T12:27:31","slug":"prywatne-ruchome-dno","status":"publish","type":"page","link":"https:\/\/hollandaquasight.com\/pl\/prywatne-ruchome-dno\/","title":{"rendered":"Prywatne ruchome dno"},"content":{"rendered":"\r\n<p>Wyobra\u017a sobie tak\u0105 sytuacj\u0119. W jednej chwili jest to zwyk\u0142y salon, a w nast\u0119pnej ta sama przestrze\u0144 zmienia si\u0119 w basen! Jest to mo\u017cliwe dzi\u0119ki ruchomej pod\u0142odze Holland Aqua Sight.<\/p>\r\n<p>Ruchoma pod\u0142oga dla Twojego domu to kolejny krok w stron\u0119 luksusu. Od lat opracowujemy ruchome pod\u0142ogi do basen\u00f3w. Wiedz\u0119 t\u0119 zdobyli\u015bmy w basenach publicznych, a nast\u0119pnie wraz z naszymi kolegami i liderem rynku, <a href=\"https:\/\/variopool.pl\/produkty\/\" target=\"_blank\" rel=\"noopener\">firm\u0105 Variopool<\/a>, opracowali\u015bmy pod\u0142ogi dla sektora prywatnego. Posiadamy r\u00f3wnie\u017c niezb\u0119dne patenty dla tych prywatnych pod\u0142\u00f3g, poniewa\u017c stale wprowadzamy innowacje i modyfikacje. W ten spos\u00f3b zawsze otrzymasz to, co najlepsze, co jest dost\u0119pne na tym rynku.<\/p>\r\n<h2>Jak dzia\u0142aj\u0105 ruchome pod\u0142ogi basenowe<\/h2>\r\n<p>Wszystko, co nasza ruchoma pod\u0142oga chce zrobi\u0107, to unosi\u0107 si\u0119 na wodzie. Pod\u0142oga jest \u015bci\u0105gana w d\u00f3\u0142 za pomoc\u0105 si\u0142ownika i powstaje prywatny basen. Poprzez elektroniczne sterowanie w \u015bcianie mo\u017cna ustawi\u0107 pod\u0142og\u0119 na r\u00f3\u017cn\u0105 g\u0142\u0119boko\u015b\u0107. Jest to szczeg\u00f3lnie przydatne, gdy np. ma\u0142e dzieci chc\u0105 p\u0142ywa\u0107 lub bawi\u0107 si\u0119 w Twoim prywatnym basenie. Do\u015b\u0107 p\u0142ywania? Wtedy pod\u0142oga jest ponownie aktywowana, a ca\u0142a pod\u0142oga podnosi si\u0119 i pomieszczenie mo\u017ce by\u0107 wykorzystane do innych cel\u00f3w. Mo\u017cliwo\u015bci s\u0105 nieograniczone.<\/p>\r\n<h2>Jaki jest koszt ruchomej pod\u0142ogi basenu?<\/h2>\r\n<p>Koszty ruchomej pod\u0142ogi zale\u017c\u0105 od Twoich potrzeb, u\u017cytych materia\u0142\u00f3w, rodzaju g\u00f3rnego pok\u0142adu, jaki sobie za\u017cyczysz i wielko\u015bci pod\u0142ogi. Najlepszym sposobem na uzyskanie dok\u0142adnych informacji jest skontaktowanie si\u0119 z nami.<\/p>\r\n<h2>Wyko\u0144czenie pod\u0142ogi basenu<\/h2>\r\n<p>Po zako\u0144czeniu instalacji ruchomej pod\u0142ogi basenu, rozpoczyna si\u0119 jej wyka\u0144czanie. G\u00f3rny pok\u0142ad pod\u0142ogi mo\u017ce wygl\u0105da\u0107 tak samo jak taras Twojego basenu. Mo\u017cemy zapewni\u0107 ka\u017cdy rodzaj g\u00f3rnego pok\u0142adu, jak marmur, granit, drewno, wapie\u0144 i wiele innych. Sp\u00f3jrz, co uda\u0142o nam si\u0119 zrealizowa\u0107. Je\u015bli nadal masz jakie\u015b pytania, <a href=\"https:\/\/hollandaquasight.com\/pl\/kontakt-z-holland-aqua-sight\/\">skontaktuj<\/a> si\u0119 z naszymi mened\u017cerami ds. klient\u00f3w mi\u0119dzynarodowych.<\/p>\r\n\r\n\r\n\r\n<p>&nbsp;<\/p>\r\n","protected":false},"excerpt":{"rendered":"<p>Wyobra\u017a sobie tak\u0105 sytuacj\u0119. W jednej chwili jest to zwyk\u0142y salon, a w nast\u0119pnej ta sama przestrze\u0144 zmienia si\u0119 w [&hellip;]<\/p>\n","protected":false},"author":6,"featured_media":12139,"parent":0,"menu_order":0,"comment_status":"closed","ping_status":"closed","template":"","meta":{"_acf_changed":false,"footnotes":""},"class_list":["post-508","page","type-page","status-publish","has-post-thumbnail","hentry"],"acf":[],"yoast_head":"<!-- This site is optimized with the Yoast SEO Premium plugin v25.9 (Yoast SEO v26.3) - https:\/\/yoast.com\/wordpress\/plugins\/seo\/ -->\n<title>Ruchoma pod\u0142oga dla prywatnego basenu - Holland Aqua Sight<\/title>\n<meta name=\"description\" content=\"Ruchome dno zamienia salon w prywatny basen. Masz do\u015b\u0107 p\u0142ywania? Wtedy dno jest aktywowane ponownie i ca\u0142a pod\u0142oga podnosi si\u0119.\" \/>\n<meta name=\"robots\" content=\"index, follow, max-snippet:-1, max-image-preview:large, max-video-preview:-1\" \/>\n<link rel=\"canonical\" href=\"https:\/\/hollandaquasight.com\/pl\/prywatne-ruchome-dno\/\" \/>\n<meta property=\"og:locale\" content=\"pl_PL\" \/>\n<meta property=\"og:type\" content=\"article\" \/>\n<meta property=\"og:title\" content=\"Prywatne ruchome dno\" \/>\n<meta property=\"og:description\" content=\"Ruchome dno zamienia salon w prywatny basen. Masz do\u015b\u0107 p\u0142ywania? Wtedy dno jest aktywowane ponownie i ca\u0142a pod\u0142oga podnosi si\u0119.\" \/>\n<meta property=\"og:url\" content=\"https:\/\/hollandaquasight.com\/pl\/prywatne-ruchome-dno\/\" \/>\n<meta property=\"og:site_name\" content=\"Holland Aqua Sight\" \/>\n<meta property=\"article:modified_time\" content=\"2024-04-09T12:27:31+00:00\" \/>\n<meta property=\"og:image\" content=\"https:\/\/hollandaquasight.com\/wp-content\/uploads\/2023\/03\/Movable-floor-private-pool.jpg\" \/>\n\t<meta property=\"og:image:width\" content=\"1200\" \/>\n\t<meta property=\"og:image:height\" content=\"400\" \/>\n\t<meta property=\"og:image:type\" content=\"image\/jpeg\" \/>\n<meta name=\"twitter:card\" content=\"summary_large_image\" \/>\n<meta name=\"twitter:label1\" content=\"Szacowany czas czytania\" \/>\n\t<meta name=\"twitter:data1\" content=\"2 minuty\" \/>\n<script type=\"application\/ld+json\" class=\"yoast-schema-graph\">{\"@context\":\"https:\/\/schema.org\",\"@graph\":[{\"@type\":\"WebPage\",\"@id\":\"https:\/\/hollandaquasight.com\/pl\/prywatne-ruchome-dno\/\",\"url\":\"https:\/\/hollandaquasight.com\/pl\/prywatne-ruchome-dno\/\",\"name\":\"Ruchoma pod\u0142oga dla prywatnego basenu - Holland Aqua Sight\",\"isPartOf\":{\"@id\":\"https:\/\/hollandaquasight.com\/pl\/#website\"},\"primaryImageOfPage\":{\"@id\":\"https:\/\/hollandaquasight.com\/pl\/prywatne-ruchome-dno\/#primaryimage\"},\"image\":{\"@id\":\"https:\/\/hollandaquasight.com\/pl\/prywatne-ruchome-dno\/#primaryimage\"},\"thumbnailUrl\":\"https:\/\/hollandaquasight.com\/wp-content\/uploads\/2023\/03\/Movable-floor-private-pool.jpg\",\"datePublished\":\"2019-07-16T12:19:42+00:00\",\"dateModified\":\"2024-04-09T12:27:31+00:00\",\"description\":\"Ruchome dno zamienia salon w prywatny basen. Masz do\u015b\u0107 p\u0142ywania? Wtedy dno jest aktywowane ponownie i ca\u0142a pod\u0142oga podnosi si\u0119.\",\"breadcrumb\":{\"@id\":\"https:\/\/hollandaquasight.com\/pl\/prywatne-ruchome-dno\/#breadcrumb\"},\"inLanguage\":\"pl-PL\",\"potentialAction\":[{\"@type\":\"ReadAction\",\"target\":[\"https:\/\/hollandaquasight.com\/pl\/prywatne-ruchome-dno\/\"]}]},{\"@type\":\"ImageObject\",\"inLanguage\":\"pl-PL\",\"@id\":\"https:\/\/hollandaquasight.com\/pl\/prywatne-ruchome-dno\/#primaryimage\",\"url\":\"https:\/\/hollandaquasight.com\/wp-content\/uploads\/2023\/03\/Movable-floor-private-pool.jpg\",\"contentUrl\":\"https:\/\/hollandaquasight.com\/wp-content\/uploads\/2023\/03\/Movable-floor-private-pool.jpg\",\"width\":1200,\"height\":400,\"caption\":\"beweegbare bodem\"},{\"@type\":\"BreadcrumbList\",\"@id\":\"https:\/\/hollandaquasight.com\/pl\/prywatne-ruchome-dno\/#breadcrumb\",\"itemListElement\":[{\"@type\":\"ListItem\",\"position\":1,\"name\":\"Home\",\"item\":\"https:\/\/hollandaquasight.com\/pl\/\"},{\"@type\":\"ListItem\",\"position\":2,\"name\":\"Prywatne ruchome dno\"}]},{\"@type\":\"WebSite\",\"@id\":\"https:\/\/hollandaquasight.com\/pl\/#website\",\"url\":\"https:\/\/hollandaquasight.com\/pl\/\",\"name\":\"Holland Aqua Sight\",\"description\":\"Onderwaterramen en beweegbare zwembadvloeren\",\"publisher\":{\"@id\":\"https:\/\/hollandaquasight.com\/pl\/#organization\"},\"potentialAction\":[{\"@type\":\"SearchAction\",\"target\":{\"@type\":\"EntryPoint\",\"urlTemplate\":\"https:\/\/hollandaquasight.com\/pl\/?s={search_term_string}\"},\"query-input\":{\"@type\":\"PropertyValueSpecification\",\"valueRequired\":true,\"valueName\":\"search_term_string\"}}],\"inLanguage\":\"pl-PL\"},{\"@type\":\"Organization\",\"@id\":\"https:\/\/hollandaquasight.com\/pl\/#organization\",\"name\":\"Holland Aqua Sight\",\"alternateName\":\"HAS\",\"url\":\"https:\/\/hollandaquasight.com\/pl\/\",\"logo\":{\"@type\":\"ImageObject\",\"inLanguage\":\"pl-PL\",\"@id\":\"https:\/\/hollandaquasight.com\/pl\/#\/schema\/logo\/image\/\",\"url\":\"https:\/\/hollandaquasight.com\/wp-content\/uploads\/2023\/03\/HAS_brand_1x1.jpg\",\"contentUrl\":\"https:\/\/hollandaquasight.com\/wp-content\/uploads\/2023\/03\/HAS_brand_1x1.jpg\",\"width\":697,\"height\":697,\"caption\":\"Holland Aqua Sight\"},\"image\":{\"@id\":\"https:\/\/hollandaquasight.com\/pl\/#\/schema\/logo\/image\/\"}}]}<\/script>\n<!-- \/ Yoast SEO Premium plugin. -->","yoast_head_json":{"title":"Ruchoma pod\u0142oga dla prywatnego basenu - Holland Aqua Sight","description":"Ruchome dno zamienia salon w prywatny basen. Masz do\u015b\u0107 p\u0142ywania? Wtedy dno jest aktywowane ponownie i ca\u0142a pod\u0142oga podnosi si\u0119.","robots":{"index":"index","follow":"follow","max-snippet":"max-snippet:-1","max-image-preview":"max-image-preview:large","max-video-preview":"max-video-preview:-1"},"canonical":"https:\/\/hollandaquasight.com\/pl\/prywatne-ruchome-dno\/","og_locale":"pl_PL","og_type":"article","og_title":"Prywatne ruchome dno","og_description":"Ruchome dno zamienia salon w prywatny basen. Masz do\u015b\u0107 p\u0142ywania? Wtedy dno jest aktywowane ponownie i ca\u0142a pod\u0142oga podnosi si\u0119.","og_url":"https:\/\/hollandaquasight.com\/pl\/prywatne-ruchome-dno\/","og_site_name":"Holland Aqua Sight","article_modified_time":"2024-04-09T12:27:31+00:00","og_image":[{"width":1200,"height":400,"url":"https:\/\/hollandaquasight.com\/wp-content\/uploads\/2023\/03\/Movable-floor-private-pool.jpg","type":"image\/jpeg"}],"twitter_card":"summary_large_image","twitter_misc":{"Szacowany czas czytania":"2 minuty"},"schema":{"@context":"https:\/\/schema.org","@graph":[{"@type":"WebPage","@id":"https:\/\/hollandaquasight.com\/pl\/prywatne-ruchome-dno\/","url":"https:\/\/hollandaquasight.com\/pl\/prywatne-ruchome-dno\/","name":"Ruchoma pod\u0142oga dla prywatnego basenu - Holland Aqua Sight","isPartOf":{"@id":"https:\/\/hollandaquasight.com\/pl\/#website"},"primaryImageOfPage":{"@id":"https:\/\/hollandaquasight.com\/pl\/prywatne-ruchome-dno\/#primaryimage"},"image":{"@id":"https:\/\/hollandaquasight.com\/pl\/prywatne-ruchome-dno\/#primaryimage"},"thumbnailUrl":"https:\/\/hollandaquasight.com\/wp-content\/uploads\/2023\/03\/Movable-floor-private-pool.jpg","datePublished":"2019-07-16T12:19:42+00:00","dateModified":"2024-04-09T12:27:31+00:00","description":"Ruchome dno zamienia salon w prywatny basen. Masz do\u015b\u0107 p\u0142ywania? Wtedy dno jest aktywowane ponownie i ca\u0142a pod\u0142oga podnosi si\u0119.","breadcrumb":{"@id":"https:\/\/hollandaquasight.com\/pl\/prywatne-ruchome-dno\/#breadcrumb"},"inLanguage":"pl-PL","potentialAction":[{"@type":"ReadAction","target":["https:\/\/hollandaquasight.com\/pl\/prywatne-ruchome-dno\/"]}]},{"@type":"ImageObject","inLanguage":"pl-PL","@id":"https:\/\/hollandaquasight.com\/pl\/prywatne-ruchome-dno\/#primaryimage","url":"https:\/\/hollandaquasight.com\/wp-content\/uploads\/2023\/03\/Movable-floor-private-pool.jpg","contentUrl":"https:\/\/hollandaquasight.com\/wp-content\/uploads\/2023\/03\/Movable-floor-private-pool.jpg","width":1200,"height":400,"caption":"beweegbare bodem"},{"@type":"BreadcrumbList","@id":"https:\/\/hollandaquasight.com\/pl\/prywatne-ruchome-dno\/#breadcrumb","itemListElement":[{"@type":"ListItem","position":1,"name":"Home","item":"https:\/\/hollandaquasight.com\/pl\/"},{"@type":"ListItem","position":2,"name":"Prywatne ruchome dno"}]},{"@type":"WebSite","@id":"https:\/\/hollandaquasight.com\/pl\/#website","url":"https:\/\/hollandaquasight.com\/pl\/","name":"Holland Aqua Sight","description":"Onderwaterramen en beweegbare zwembadvloeren","publisher":{"@id":"https:\/\/hollandaquasight.com\/pl\/#organization"},"potentialAction":[{"@type":"SearchAction","target":{"@type":"EntryPoint","urlTemplate":"https:\/\/hollandaquasight.com\/pl\/?s={search_term_string}"},"query-input":{"@type":"PropertyValueSpecification","valueRequired":true,"valueName":"search_term_string"}}],"inLanguage":"pl-PL"},{"@type":"Organization","@id":"https:\/\/hollandaquasight.com\/pl\/#organization","name":"Holland Aqua Sight","alternateName":"HAS","url":"https:\/\/hollandaquasight.com\/pl\/","logo":{"@type":"ImageObject","inLanguage":"pl-PL","@id":"https:\/\/hollandaquasight.com\/pl\/#\/schema\/logo\/image\/","url":"https:\/\/hollandaquasight.com\/wp-content\/uploads\/2023\/03\/HAS_brand_1x1.jpg","contentUrl":"https:\/\/hollandaquasight.com\/wp-content\/uploads\/2023\/03\/HAS_brand_1x1.jpg","width":697,"height":697,"caption":"Holland Aqua Sight"},"image":{"@id":"https:\/\/hollandaquasight.com\/pl\/#\/schema\/logo\/image\/"}}]}},"_links":{"self":[{"href":"https:\/\/hollandaquasight.com\/pl\/wp-json\/wp\/v2\/pages\/508","targetHints":{"allow":["GET"]}}],"collection":[{"href":"https:\/\/hollandaquasight.com\/pl\/wp-json\/wp\/v2\/pages"}],"about":[{"href":"https:\/\/hollandaquasight.com\/pl\/wp-json\/wp\/v2\/types\/page"}],"author":[{"embeddable":true,"href":"https:\/\/hollandaquasight.com\/pl\/wp-json\/wp\/v2\/users\/6"}],"replies":[{"embeddable":true,"href":"https:\/\/hollandaquasight.com\/pl\/wp-json\/wp\/v2\/comments?post=508"}],"version-history":[{"count":7,"href":"https:\/\/hollandaquasight.com\/pl\/wp-json\/wp\/v2\/pages\/508\/revisions"}],"predecessor-version":[{"id":12979,"href":"https:\/\/hollandaquasight.com\/pl\/wp-json\/wp\/v2\/pages\/508\/revisions\/12979"}],"wp:featuredmedia":[{"embeddable":true,"href":"https:\/\/hollandaquasight.com\/pl\/wp-json\/wp\/v2\/media\/12139"}],"wp:attachment":[{"href":"https:\/\/hollandaquasight.com\/pl\/wp-json\/wp\/v2\/media?parent=508"}],"curies":[{"name":"wp","href":"https:\/\/api.w.org\/{rel}","templated":true}]}}